{"id":10098,"date":"2024-01-28T10:05:33","date_gmt":"2024-01-28T14:05:33","guid":{"rendered":"https:\/\/fbnovas.edu.br\/site\/?page_id=10098"},"modified":"2024-01-28T10:05:33","modified_gmt":"2024-01-28T14:05:33","slug":"projeto-de-extensa-curso-de-psicologia","status":"publish","type":"page","link":"https:\/\/fbnovas.edu.br\/site\/extensao\/projeto-de-extensa-curso-de-psicologia\/","title":{"rendered":"Projetos de Extens\u00e3o: Curso de Psicologia"},"content":{"rendered":"\t\t<div data-elementor-type=\"wp-page\" data-elementor-id=\"10098\" class=\"elementor elementor-10098\" data-elementor-settings=\"{&quot;ha_cmc_init_switcher&quot;:&quot;no&quot;}\" data-elementor-post-type=\"page\">\n\t\t\t\t\t\t<section class=\"elementor-section elementor-top-section elementor-element elementor-element-c718550 elementor-section-full_width elementor-section-height-default elementor-section-height-default\" data-id=\"c718550\" data-element_type=\"section\" data-settings=\"{&quot;background_background&quot;:&quot;classic&quot;,&quot;_ha_eqh_enable&quot;:false}\">\n\t\t\t\t\t\t\t<div class=\"elementor-background-overlay\"><\/div>\n\t\t\t\t\t\t\t<div class=\"elementor-container elementor-column-gap-default\">\n\t\t\t\t\t<div class=\"elementor-column elementor-col-100 elementor-top-column elementor-element elementor-element-820bce1\" data-id=\"820bce1\" data-element_type=\"column\">\n\t\t\t<div class=\"elementor-widget-wrap elementor-element-populated\">\n\t\t\t\t\t\t<section class=\"elementor-section elementor-inner-section elementor-element elementor-element-a26e8bc elementor-section-boxed elementor-section-height-default elementor-section-height-default\" data-id=\"a26e8bc\" data-element_type=\"section\" data-settings=\"{&quot;_ha_eqh_enable&quot;:false}\">\n\t\t\t\t\t\t<div class=\"elementor-container elementor-column-gap-default\">\n\t\t\t\t\t<div class=\"elementor-column elementor-col-50 elementor-inner-column elementor-element elementor-element-16a90a6\" data-id=\"16a90a6\" data-element_type=\"column\">\n\t\t\t<div class=\"elementor-widget-wrap elementor-element-populated\">\n\t\t\t\t\t\t<div class=\"elementor-element elementor-element-bc43661 elementor-align-left elementor-widget elementor-widget-breadcrumbs\" data-id=\"bc43661\" data-element_type=\"widget\" data-widget_type=\"breadcrumbs.default\">\n\t\t\t\t\t<p id=\"breadcrumbs\"><span><span><a href=\"https:\/\/fbnovas.edu.br\/site\/\">In\u00edcio<\/a><\/span><\/span><\/p>\t\t\t\t<\/div>\n\t\t\t\t\t<\/div>\n\t\t<\/div>\n\t\t\t\t<div class=\"elementor-column elementor-col-50 elementor-inner-column elementor-element elementor-element-b186fe3 elementor-hidden-tablet elementor-hidden-phone\" data-id=\"b186fe3\" data-element_type=\"column\">\n\t\t\t<div class=\"elementor-widget-wrap\">\n\t\t\t\t\t\t\t<\/div>\n\t\t<\/div>\n\t\t\t\t\t<\/div>\n\t\t<\/section>\n\t\t\t\t<section class=\"elementor-section elementor-inner-section elementor-element elementor-element-d7e4c1b elementor-section-boxed elementor-section-height-default elementor-section-height-default\" data-id=\"d7e4c1b\" data-element_type=\"section\" data-settings=\"{&quot;_ha_eqh_enable&quot;:false}\">\n\t\t\t\t\t\t<div class=\"elementor-container elementor-column-gap-default\">\n\t\t\t\t\t<div class=\"elementor-column elementor-col-100 elementor-inner-column elementor-element elementor-element-d4202d6\" data-id=\"d4202d6\" data-element_type=\"column\">\n\t\t\t<div class=\"elementor-widget-wrap elementor-element-populated\">\n\t\t\t\t\t\t\t<\/div>\n\t\t<\/div>\n\t\t\t\t\t<\/div>\n\t\t<\/section>\n\t\t\t\t\t<\/div>\n\t\t<\/div>\n\t\t\t\t\t<\/div>\n\t\t<\/section>\n\t\t\t\t<section class=\"elementor-section elementor-top-section elementor-element elementor-element-29d1bb1 elementor-section-boxed elementor-section-height-default elementor-section-height-default\" data-id=\"29d1bb1\" data-element_type=\"section\" data-settings=\"{&quot;_ha_eqh_enable&quot;:false}\">\n\t\t\t\t\t\t<div class=\"elementor-container elementor-column-gap-default\">\n\t\t\t\t\t<div class=\"elementor-column elementor-col-100 elementor-top-column elementor-element elementor-element-8098d57\" data-id=\"8098d57\" data-element_type=\"column\">\n\t\t\t<div class=\"elementor-widget-wrap elementor-element-populated\">\n\t\t\t\t\t\t<div class=\"elementor-element elementor-element-80c9e1b elementor-widget elementor-widget-text-editor\" data-id=\"80c9e1b\" data-element_type=\"widget\" data-widget_type=\"text-editor.default\">\n\t\t\t\t\t\t\t\t\t<p><span style=\"color: #000000;\">Projetos de Extens\u00e3o: Curso de Psicologia<\/span><\/p>\n<p><\/p>\n<p><span style=\"color: #000000;\">A Coordena\u00e7\u00e3o de extens\u00e3o da Faculdade Boas Novas, possui em seu escopo visando o fortalecimento de pr\u00e1ticas transversais entre ensino e curr\u00edculo acad\u00eamico, e ainda o contato com diferentes panoramas e realidades dentro do contexto social, os seguintes Projeto de Extens\u00e3o:<\/span><\/p>\n<p><\/p>\n<p><span style=\"color: #000000;\">1 \u2013 <strong>\u201cDI\u00c1LOGOS EM SA\u00daDE MENTAL NA TR\u00cdPLICE FRONTEIRA<\/strong>\u201d<\/span><\/p>\n<p><\/p>\n<p><span style=\"color: #000000;\">Apoiado e financiado pelo IBADAM-Manaus, IEADAM-Tabatinga e R\u00e1dio Boas Novas de Tabatinga\/AM. Atualmente o Projeto \u00e9 coordenado pela docente&nbsp;<strong>ANNEBELLE PENA LIMA MAGALH\u00c3ES CRUZ<\/strong>, que desenvolve mensalmente o Programa de R\u00e1dio junto ao IEADAM e R\u00e1dio Boas Novas, cujo objetivo se pauta em trazer di\u00e1logos acerca de temas em sa\u00fade mental, preven\u00e7\u00e3o e outros. Este programa \u00e9 interdisciplinar e ocorre tamb\u00e9m em forma de debates e interlocu\u00e7\u00f5es sobre sa\u00fade mental, sa\u00fade mental ind\u00edgena, entre outros. Este projeto, al\u00e9m de valorizar o trip\u00e9&nbsp;<strong>ENSINO, PESQUISA E EXTENS\u00c3O<\/strong>, contribui para o desenvolvimento de a\u00e7\u00f5es regionais e internacionais, tendo em vista a localiza\u00e7\u00e3o do munic\u00edpio de Tabatinga\/AM, fronteiri\u00e7o \u00e0 Col\u00f4mbia e ao Peru. Al\u00e9m da cidade ser moradia de colombianos, peruanos de diversas etnias, principalmente a Etnia TIKUNA. No programa mensal s\u00e3o tratados temas como preven\u00e7\u00e3o ao suic\u00eddio, depress\u00e3o, dentre outros. O projeto tamb\u00e9m se desdobra em palestras e a\u00e7\u00f5es que s\u00e3o desenvolvidas na comunidade local.<\/span><\/p>\n<p><span style=\"color: #000000;\"><a style=\"color: #000000;\" href=\"https:\/\/fbnovas.edu.br\/site\/2023\/09\/27\/faculdade-boas-novas-participa-do-programa-de-radio-estacao-esperanca\/\">https:\/\/fbnovas.edu.br\/site\/2023\/09\/27\/faculdade-boas-novas-participa-do-programa-de-radio-estacao-esperanca\/<\/a><\/span><\/p>\t\t\t\t\t\t\t\t<\/div>\n\t\t\t\t<div class=\"elementor-element elementor-element-1cbf60b ha-image-grid--even elementor-widget elementor-widget-ha-image-grid happy-addon ha-image-grid\" data-id=\"1cbf60b\" data-element_type=\"widget\" data-settings=\"{&quot;layout&quot;:&quot;even&quot;}\" data-widget_type=\"ha-image-grid.default\">\n\t\t\t\t\t\n\t\t<div class=\"ha-image-grid__wrap hajs-isotope\">\n\t\t\t\t\t\t\t\n\t\t\t\t<figure  class=\"ha-image-grid__item ha-js-lightbox __fltr-1\">\n\t\t\t\t\t\t\t\t\t<\/figure>\n\t\t\t\t\t\t\t\n\t\t\t\t<figure  class=\"ha-image-grid__item ha-js-lightbox __fltr-1\">\n\t\t\t\t\t\t\t\t\t<\/figure>\n\t\t\t\t\t<\/div>\n\n\t\t\t\t\t\t<\/div>\n\t\t\t\t<div class=\"elementor-element elementor-element-35289f0 elementor-widget elementor-widget-text-editor\" data-id=\"35289f0\" data-element_type=\"widget\" data-widget_type=\"text-editor.default\">\n\t\t\t\t\t\t\t\t\t<p class=\"MsoNormal\" style=\"margin: 10.25pt -0.05pt 0.0001pt 0cm; background-image: initial; background-position: initial; background-size: initial; background-repeat: initial; background-attachment: initial; background-origin: initial; background-clip: initial;\"><span style=\"font-family: Arial, sans-serif; color: #000000;\">2 \u2013 <b>\u201cTravessias \u00c9tnico-Raciais\u201d.<\/b><\/span><\/p><p class=\"MsoNormal\" style=\"margin: 10.25pt -0.05pt 0.0001pt 0cm; background-image: initial; background-position: initial; background-size: initial; background-repeat: initial; background-attachment: initial; background-origin: initial; background-clip: initial;\"><span style=\"font-family: Arial, sans-serif; color: #000000;\"><b>\u00a0<\/b><\/span><\/p><p class=\"MsoNormal\"><span style=\"color: #000000;\">Realizado junto ao Parque das Tribos, localizado no munic\u00edpio de Manaus\/AM, que trata de diversas a\u00e7\u00f5es voltadas \u00e0 comunidade ind\u00edgena (aten\u00e7\u00e3o \u00e0 pobreza menstrual; acolhimento e atendimento a povos diferenciados). Cujos coordenadores s\u00e3o o Professor\u00a0<b>Solano Cordeiro<\/b>\u00a0e a Profa.\u00a0<b>Annebelle Magalh\u00e3es<\/b>.\u00a0<\/span><\/p><p class=\"MsoNormal\"><span style=\"color: #000000;\">O Projeto, al\u00e9m acolher, atender e apoiar povos diferenciados em diferentes demandas, visa o fortalecimento da Extens\u00e3o na FBN, de maneira a viabilizar a (1) Viabilizar a fun\u00e7\u00e3o social da faculdade; (2) Favorecer a concretiza\u00e7\u00e3o da pr\u00e1tica ao acad\u00eamico; (3) Garantir a articula\u00e7\u00e3o entre Ensino, Pesquisa e Extens\u00e3o; (4) Estabelecer compromisso com o atendimento e acolhimento a povos diferenciados.\u00a0 Assim, as a\u00e7\u00f5es de Extens\u00e3o constituem um modo de integra\u00e7\u00e3o entre sociedade e faculdade, permitindo aprendizado m\u00fatuo. Al\u00e9m disso, a Extens\u00e3o contribui para a forma\u00e7\u00e3o de profissionais cr\u00edticos na pr\u00e1tica, ou seja, ajudando-os a construir o significado social dos conhecimentos que se apropriam ao longo do curso e os mobilizem para a transforma\u00e7\u00e3o da sociedade e do graduando em Psicologia.<\/span><\/p><p class=\"MsoNormal\"><span style=\"color: #000000;\"><a style=\"color: #000000;\" href=\"https:\/\/www.youtube.com\/watch?v=GSKzfOsRLXI\"><span style=\"font-size: 10.5pt; font-family: Roboto; mso-bidi-font-family: 'Times New Roman'; mso-fareast-language: PT-BR;\">https:\/\/www.youtube.com\/watch?v=GSKzfOsRLXI<\/span><\/a><\/span><\/p><p class=\"MsoNormal\"><span style=\"color: #000000;\"><a style=\"color: #000000;\" href=\"https:\/\/www.youtube.com\/watch?v=SkGJCfcEYJU&amp;t=1353s\"><span style=\"font-size: 10.5pt; font-family: Roboto; mso-bidi-font-family: 'Times New Roman'; mso-fareast-language: PT-BR;\">https:\/\/www.youtube.com\/watch?v=SkGJCfcEYJU&amp;t=1353s<\/span><\/a><\/span><\/p><p class=\"MsoNormal\"><a style=\"font-style: inherit; font-weight: inherit; font-family: var( --e-global-typography-text-font-family ), Sans-serif; background-color: #ffffff; color: #000000;\" href=\"https:\/\/www.youtube.com\/watch?v=tGzQYO-gi_E\"><span style=\"font-size: 10.5pt; font-family: Roboto; mso-bidi-font-family: 'Times New Roman'; mso-fareast-language: PT-BR;\">https:\/\/www.youtube.com\/watch?v=tGzQYO-gi_E<\/span><\/a><\/p>\t\t\t\t\t\t\t\t<\/div>\n\t\t\t\t<div class=\"elementor-element elementor-element-fd108cc ha-image-grid--fitRows elementor-widget elementor-widget-ha-image-grid happy-addon ha-image-grid\" data-id=\"fd108cc\" data-element_type=\"widget\" data-settings=\"{&quot;layout&quot;:&quot;fitRows&quot;}\" data-widget_type=\"ha-image-grid.default\">\n\t\t\t\t\t\n\t\t<div class=\"ha-image-grid__wrap hajs-isotope\">\n\t\t\t\t\t\t\t\n\t\t\t\t<figure  class=\"ha-image-grid__item ha-js-lightbox __fltr-1\">\n\t\t\t\t\t\t\t\t\t<\/figure>\n\t\t\t\t\t\t\t\n\t\t\t\t<figure  class=\"ha-image-grid__item ha-js-lightbox __fltr-1\">\n\t\t\t\t\t\t\t\t\t<\/figure>\n\t\t\t\t\t<\/div>\n\n\t\t\t\t\t\t<\/div>\n\t\t\t\t<div class=\"elementor-element elementor-element-b05a166 elementor-widget elementor-widget-text-editor\" data-id=\"b05a166\" data-element_type=\"widget\" data-widget_type=\"text-editor.default\">\n\t\t\t\t\t\t\t\t\t<p><span style=\"color: #000000;\"><b>3 \u2013 \u201cITINER\u00c2NCIAS\u201d.<\/b><\/span><\/p><p><span style=\"color: #000000;\">O projeto \u201cItiner\u00e2ncias\u201d nasceu de pr\u00e1ticas das disciplinas ministradas no Curso de Psicologia da Faculdade Boas Novas. Semestralmente, desde o ano letivo 2023.2, duas disciplinas s\u00e3o escolhidas de forma colegiada para gerar produtos de escrita, com o objetivo inicial de desenvolver tem\u00e1ticas da Psicologia. O referido projeto traz a partir desta pr\u00e1tica docente e discente o \u201cmomento escrita\u201d, no qual os alunos escrevem artigos da \u00e1rea de forma\u00e7\u00e3o e ou de \u00e1reas interdisciplinares. Esta iniciativa fez surgir o projeto da primeira revista do Curso de Psicologia, denominado <b>\u201cRevista Itiner\u00e2ncias\u201d<\/b>, que se encontra em produ\u00e7\u00e3o desde a sua primeira edi\u00e7\u00e3o. Contando hoje com a participa\u00e7\u00e3o de discentes e dos professores coordenadores do Projeto, <b>ANNEBELLE PENA LIMA MAGALH\u00c3ES CRUZ, SOLANO PINTO CORDEIRO e ANDERSON LINCOHN VITAL DA SILVA.<\/b><\/span><\/p>\t\t\t\t\t\t\t\t<\/div>\n\t\t\t\t<div class=\"elementor-element elementor-element-bf9a613 ha-image-grid--fitRows elementor-widget elementor-widget-ha-image-grid happy-addon ha-image-grid\" data-id=\"bf9a613\" data-element_type=\"widget\" data-settings=\"{&quot;layout&quot;:&quot;fitRows&quot;}\" data-widget_type=\"ha-image-grid.default\">\n\t\t\t\t\t\n\t\t<div class=\"ha-image-grid__wrap hajs-isotope\">\n\t\t\t\t\t\t\t\n\t\t\t\t<figure  class=\"ha-image-grid__item ha-js-lightbox __fltr-1\">\n\t\t\t\t\t\t\t\t\t<\/figure>\n\t\t\t\t\t\t\t\n\t\t\t\t<figure  class=\"ha-image-grid__item ha-js-lightbox __fltr-1\">\n\t\t\t\t\t\t\t\t\t<\/figure>\n\t\t\t\t\t<\/div>\n\n\t\t\t\t\t\t<\/div>\n\t\t\t\t\t<\/div>\n\t\t<\/div>\n\t\t\t\t\t<\/div>\n\t\t<\/section>\n\t\t\t\t<\/div>\n\t\t","protected":false},"excerpt":{"rendered":"<p>Projetos de Extens\u00e3o: Curso de Psicologia A Coordena\u00e7\u00e3o de extens\u00e3o da Faculdade Boas Novas, possui em seu escopo visando o [&hellip;]<\/p>\n","protected":false},"author":1,"featured_media":0,"parent":4372,"menu_order":0,"comment_status":"closed","ping_status":"closed","template":"","meta":{"site-sidebar-layout":"no-sidebar","site-content-layout":"page-builder","ast-site-content-layout":"default","site-content-style":"default","site-sidebar-style":"default","ast-global-header-display":"","ast-banner-title-visibility":"","ast-main-header-display":"","ast-hfb-above-header-display":"","ast-hfb-below-header-display":"","ast-hfb-mobile-header-display":"","site-post-title":"disabled","ast-breadcrumbs-content":"","ast-featured-img":"disabled","footer-sml-layout":"","ast-disable-related-posts":"","theme-transparent-header-meta":"default","adv-header-id-meta":"","stick-header-meta":"","header-above-stick-meta":"","header-main-stick-meta":"","header-below-stick-meta":"","astra-migrate-meta-layouts":"default","ast-page-background-enabled":"default","ast-page-background-meta":{"desktop":{"background-color":"var(--ast-global-color-5)","background-image":"","background-repeat":"repeat","background-position":"center center","background-size":"auto","background-attachment":"scroll","background-type":"","background-media":"","overlay-type":"","overlay-color":"","overlay-opacity":"","overlay-gradient":""},"tablet":{"background-color":"","background-image":"","background-repeat":"repeat","background-position":"center center","background-size":"auto","background-attachment":"scroll","background-type":"","background-media":"","overlay-type":"","overlay-color":"","overlay-opacity":"","overlay-gradient":""},"mobile":{"background-color":"","background-image":"","background-repeat":"repeat","background-position":"center center","background-size":"auto","background-attachment":"scroll","background-type":"","background-media":"","overlay-type":"","overlay-color":"","overlay-opacity":"","overlay-gradient":""}},"ast-content-background-meta":{"desktop":{"background-color":"var(--ast-global-color-4)","background-image":"","background-repeat":"repeat","background-position":"center center","background-size":"auto","background-attachment":"scroll","background-type":"","background-media":"","overlay-type":"","overlay-color":"","overlay-opacity":"","overlay-gradient":""},"tablet":{"background-color":"var(--ast-global-color-4)","background-image":"","background-repeat":"repeat","background-position":"center center","background-size":"auto","background-attachment":"scroll","background-type":"","background-media":"","overlay-type":"","overlay-color":"","overlay-opacity":"","overlay-gradient":""},"mobile":{"background-color":"var(--ast-global-color-4)","background-image":"","background-repeat":"repeat","background-position":"center center","background-size":"auto","background-attachment":"scroll","background-type":"","background-media":"","overlay-type":"","overlay-color":"","overlay-opacity":"","overlay-gradient":""}},"footnotes":""},"class_list":["post-10098","page","type-page","status-publish","hentry"],"yoast_head":"<!-- This site is optimized with the Yoast SEO plugin v27.0 - https:\/\/yoast.com\/product\/yoast-seo-wordpress\/ -->\n<title>Projetos de Extens\u00e3o: Curso de Psicologia - Faculdade Boas Novas<\/title>\n<meta name=\"robots\" content=\"index, follow, max-snippet:-1, max-image-preview:large, max-video-preview:-1\" \/>\n<link rel=\"canonical\" href=\"https:\/\/fbnovas.edu.br\/site\/extensao\/projeto-de-extensa-curso-de-psicologia\/\" \/>\n<meta property=\"og:locale\" content=\"pt_BR\" \/>\n<meta property=\"og:type\" content=\"article\" \/>\n<meta property=\"og:title\" content=\"Projetos de Extens\u00e3o: Curso de Psicologia - Faculdade Boas Novas\" \/>\n<meta property=\"og:description\" content=\"Projetos de Extens\u00e3o: Curso de Psicologia A Coordena\u00e7\u00e3o de extens\u00e3o da Faculdade Boas Novas, possui em seu escopo visando o [&hellip;]\" \/>\n<meta property=\"og:url\" content=\"https:\/\/fbnovas.edu.br\/site\/extensao\/projeto-de-extensa-curso-de-psicologia\/\" \/>\n<meta property=\"og:site_name\" content=\"Faculdade Boas Novas\" \/>\n<meta property=\"og:image\" content=\"http:\/\/3.86.64.9.nip.io\/wp-content\/uploads\/2024\/01\/CCCCC.png\" \/>\n<meta name=\"twitter:card\" content=\"summary_large_image\" \/>\n<meta name=\"twitter:label1\" content=\"Est. tempo de leitura\" \/>\n\t<meta name=\"twitter:data1\" content=\"2 minutos\" \/>\n<script type=\"application\/ld+json\" class=\"yoast-schema-graph\">{\"@context\":\"https:\/\/schema.org\",\"@graph\":[{\"@type\":\"WebPage\",\"@id\":\"https:\/\/fbnovas.edu.br\/site\/extensao\/projeto-de-extensa-curso-de-psicologia\/\",\"url\":\"https:\/\/fbnovas.edu.br\/site\/extensao\/projeto-de-extensa-curso-de-psicologia\/\",\"name\":\"Projetos de Extens\u00e3o: Curso de Psicologia - Faculdade Boas Novas\",\"isPartOf\":{\"@id\":\"https:\/\/fbnovas.edu.br\/site\/#website\"},\"primaryImageOfPage\":{\"@id\":\"https:\/\/fbnovas.edu.br\/site\/extensao\/projeto-de-extensa-curso-de-psicologia\/#primaryimage\"},\"image\":{\"@id\":\"https:\/\/fbnovas.edu.br\/site\/extensao\/projeto-de-extensa-curso-de-psicologia\/#primaryimage\"},\"thumbnailUrl\":\"http:\/\/3.86.64.9.nip.io\/wp-content\/uploads\/2024\/01\/CCCCC.png\",\"datePublished\":\"2024-01-28T14:05:33+00:00\",\"breadcrumb\":{\"@id\":\"https:\/\/fbnovas.edu.br\/site\/extensao\/projeto-de-extensa-curso-de-psicologia\/#breadcrumb\"},\"inLanguage\":\"pt-BR\",\"potentialAction\":[{\"@type\":\"ReadAction\",\"target\":[\"https:\/\/fbnovas.edu.br\/site\/extensao\/projeto-de-extensa-curso-de-psicologia\/\"]}]},{\"@type\":\"ImageObject\",\"inLanguage\":\"pt-BR\",\"@id\":\"https:\/\/fbnovas.edu.br\/site\/extensao\/projeto-de-extensa-curso-de-psicologia\/#primaryimage\",\"url\":\"http:\/\/3.86.64.9.nip.io\/wp-content\/uploads\/2024\/01\/CCCCC.png\",\"contentUrl\":\"http:\/\/3.86.64.9.nip.io\/wp-content\/uploads\/2024\/01\/CCCCC.png\"},{\"@type\":\"BreadcrumbList\",\"@id\":\"https:\/\/fbnovas.edu.br\/site\/extensao\/projeto-de-extensa-curso-de-psicologia\/#breadcrumb\",\"itemListElement\":[{\"@type\":\"ListItem\",\"position\":1,\"name\":\"In\u00edcio\",\"item\":\"https:\/\/fbnovas.edu.br\/site\/\"},{\"@type\":\"ListItem\",\"position\":2,\"name\":\"Extens\u00e3o\",\"item\":\"https:\/\/fbnovas.edu.br\/site\/extensao\/\"},{\"@type\":\"ListItem\",\"position\":3,\"name\":\"Projetos de Extens\u00e3o: Curso de Psicologia\"}]},{\"@type\":\"WebSite\",\"@id\":\"https:\/\/fbnovas.edu.br\/site\/#website\",\"url\":\"https:\/\/fbnovas.edu.br\/site\/\",\"name\":\"Faculdade Boas Novas\",\"description\":\"Matricula 2025\/2\",\"potentialAction\":[{\"@type\":\"SearchAction\",\"target\":{\"@type\":\"EntryPoint\",\"urlTemplate\":\"https:\/\/fbnovas.edu.br\/site\/?s={search_term_string}\"},\"query-input\":{\"@type\":\"PropertyValueSpecification\",\"valueRequired\":true,\"valueName\":\"search_term_string\"}}],\"inLanguage\":\"pt-BR\"}]}<\/script>\n<!-- \/ Yoast SEO plugin. -->","yoast_head_json":{"title":"Projetos de Extens\u00e3o: Curso de Psicologia - Faculdade Boas Novas","robots":{"index":"index","follow":"follow","max-snippet":"max-snippet:-1","max-image-preview":"max-image-preview:large","max-video-preview":"max-video-preview:-1"},"canonical":"https:\/\/fbnovas.edu.br\/site\/extensao\/projeto-de-extensa-curso-de-psicologia\/","og_locale":"pt_BR","og_type":"article","og_title":"Projetos de Extens\u00e3o: Curso de Psicologia - Faculdade Boas Novas","og_description":"Projetos de Extens\u00e3o: Curso de Psicologia A Coordena\u00e7\u00e3o de extens\u00e3o da Faculdade Boas Novas, possui em seu escopo visando o [&hellip;]","og_url":"https:\/\/fbnovas.edu.br\/site\/extensao\/projeto-de-extensa-curso-de-psicologia\/","og_site_name":"Faculdade Boas Novas","og_image":[{"url":"http:\/\/3.86.64.9.nip.io\/wp-content\/uploads\/2024\/01\/CCCCC.png","type":"","width":"","height":""}],"twitter_card":"summary_large_image","twitter_misc":{"Est. tempo de leitura":"2 minutos"},"schema":{"@context":"https:\/\/schema.org","@graph":[{"@type":"WebPage","@id":"https:\/\/fbnovas.edu.br\/site\/extensao\/projeto-de-extensa-curso-de-psicologia\/","url":"https:\/\/fbnovas.edu.br\/site\/extensao\/projeto-de-extensa-curso-de-psicologia\/","name":"Projetos de Extens\u00e3o: Curso de Psicologia - Faculdade Boas Novas","isPartOf":{"@id":"https:\/\/fbnovas.edu.br\/site\/#website"},"primaryImageOfPage":{"@id":"https:\/\/fbnovas.edu.br\/site\/extensao\/projeto-de-extensa-curso-de-psicologia\/#primaryimage"},"image":{"@id":"https:\/\/fbnovas.edu.br\/site\/extensao\/projeto-de-extensa-curso-de-psicologia\/#primaryimage"},"thumbnailUrl":"http:\/\/3.86.64.9.nip.io\/wp-content\/uploads\/2024\/01\/CCCCC.png","datePublished":"2024-01-28T14:05:33+00:00","breadcrumb":{"@id":"https:\/\/fbnovas.edu.br\/site\/extensao\/projeto-de-extensa-curso-de-psicologia\/#breadcrumb"},"inLanguage":"pt-BR","potentialAction":[{"@type":"ReadAction","target":["https:\/\/fbnovas.edu.br\/site\/extensao\/projeto-de-extensa-curso-de-psicologia\/"]}]},{"@type":"ImageObject","inLanguage":"pt-BR","@id":"https:\/\/fbnovas.edu.br\/site\/extensao\/projeto-de-extensa-curso-de-psicologia\/#primaryimage","url":"http:\/\/3.86.64.9.nip.io\/wp-content\/uploads\/2024\/01\/CCCCC.png","contentUrl":"http:\/\/3.86.64.9.nip.io\/wp-content\/uploads\/2024\/01\/CCCCC.png"},{"@type":"BreadcrumbList","@id":"https:\/\/fbnovas.edu.br\/site\/extensao\/projeto-de-extensa-curso-de-psicologia\/#breadcrumb","itemListElement":[{"@type":"ListItem","position":1,"name":"In\u00edcio","item":"https:\/\/fbnovas.edu.br\/site\/"},{"@type":"ListItem","position":2,"name":"Extens\u00e3o","item":"https:\/\/fbnovas.edu.br\/site\/extensao\/"},{"@type":"ListItem","position":3,"name":"Projetos de Extens\u00e3o: Curso de Psicologia"}]},{"@type":"WebSite","@id":"https:\/\/fbnovas.edu.br\/site\/#website","url":"https:\/\/fbnovas.edu.br\/site\/","name":"Faculdade Boas Novas","description":"Matricula 2025\/2","potentialAction":[{"@type":"SearchAction","target":{"@type":"EntryPoint","urlTemplate":"https:\/\/fbnovas.edu.br\/site\/?s={search_term_string}"},"query-input":{"@type":"PropertyValueSpecification","valueRequired":true,"valueName":"search_term_string"}}],"inLanguage":"pt-BR"}]}},"jetpack_sharing_enabled":true,"_links":{"self":[{"href":"https:\/\/fbnovas.edu.br\/site\/wp-json\/wp\/v2\/pages\/10098","targetHints":{"allow":["GET"]}}],"collection":[{"href":"https:\/\/fbnovas.edu.br\/site\/wp-json\/wp\/v2\/pages"}],"about":[{"href":"https:\/\/fbnovas.edu.br\/site\/wp-json\/wp\/v2\/types\/page"}],"author":[{"embeddable":true,"href":"https:\/\/fbnovas.edu.br\/site\/wp-json\/wp\/v2\/users\/1"}],"replies":[{"embeddable":true,"href":"https:\/\/fbnovas.edu.br\/site\/wp-json\/wp\/v2\/comments?post=10098"}],"version-history":[{"count":0,"href":"https:\/\/fbnovas.edu.br\/site\/wp-json\/wp\/v2\/pages\/10098\/revisions"}],"up":[{"embeddable":true,"href":"https:\/\/fbnovas.edu.br\/site\/wp-json\/wp\/v2\/pages\/4372"}],"wp:attachment":[{"href":"https:\/\/fbnovas.edu.br\/site\/wp-json\/wp\/v2\/media?parent=10098"}],"curies":[{"name":"wp","href":"https:\/\/api.w.org\/{rel}","templated":true}]}}