{"id":10104,"date":"2024-01-28T10:16:02","date_gmt":"2024-01-28T14:16:02","guid":{"rendered":"https:\/\/fbnovas.edu.br\/site\/?page_id=10104"},"modified":"2024-01-28T10:16:02","modified_gmt":"2024-01-28T14:16:02","slug":"projetos-de-extensao-curso-de-direito","status":"publish","type":"page","link":"https:\/\/fbnovas.edu.br\/site\/extensao\/projetos-de-extensao-curso-de-direito\/","title":{"rendered":"Projetos de Extens\u00e3o: Curso de Direito"},"content":{"rendered":"\t\t<div data-elementor-type=\"wp-page\" data-elementor-id=\"10104\" class=\"elementor elementor-10104\" data-elementor-settings=\"{&quot;ha_cmc_init_switcher&quot;:&quot;no&quot;}\" data-elementor-post-type=\"page\">\n\t\t\t\t\t\t<section class=\"elementor-section elementor-top-section elementor-element elementor-element-c718550 elementor-section-full_width elementor-section-height-default elementor-section-height-default\" data-id=\"c718550\" data-element_type=\"section\" data-settings=\"{&quot;background_background&quot;:&quot;classic&quot;,&quot;_ha_eqh_enable&quot;:false}\">\n\t\t\t\t\t\t\t<div class=\"elementor-background-overlay\"><\/div>\n\t\t\t\t\t\t\t<div class=\"elementor-container elementor-column-gap-default\">\n\t\t\t\t\t<div class=\"elementor-column elementor-col-100 elementor-top-column elementor-element elementor-element-820bce1\" data-id=\"820bce1\" data-element_type=\"column\">\n\t\t\t<div class=\"elementor-widget-wrap elementor-element-populated\">\n\t\t\t\t\t\t<section class=\"elementor-section elementor-inner-section elementor-element elementor-element-a26e8bc elementor-section-boxed elementor-section-height-default elementor-section-height-default\" data-id=\"a26e8bc\" data-element_type=\"section\" data-settings=\"{&quot;_ha_eqh_enable&quot;:false}\">\n\t\t\t\t\t\t<div class=\"elementor-container elementor-column-gap-default\">\n\t\t\t\t\t<div class=\"elementor-column elementor-col-50 elementor-inner-column elementor-element elementor-element-16a90a6\" data-id=\"16a90a6\" data-element_type=\"column\">\n\t\t\t<div class=\"elementor-widget-wrap elementor-element-populated\">\n\t\t\t\t\t\t<div class=\"elementor-element elementor-element-bc43661 elementor-align-left elementor-widget elementor-widget-breadcrumbs\" data-id=\"bc43661\" data-element_type=\"widget\" data-widget_type=\"breadcrumbs.default\">\n\t\t\t\t\t<p id=\"breadcrumbs\"><span><span><a href=\"https:\/\/fbnovas.edu.br\/site\/\">In\u00edcio<\/a><\/span><\/span><\/p>\t\t\t\t<\/div>\n\t\t\t\t\t<\/div>\n\t\t<\/div>\n\t\t\t\t<div class=\"elementor-column elementor-col-50 elementor-inner-column elementor-element elementor-element-b186fe3 elementor-hidden-tablet elementor-hidden-phone\" data-id=\"b186fe3\" data-element_type=\"column\">\n\t\t\t<div class=\"elementor-widget-wrap\">\n\t\t\t\t\t\t\t<\/div>\n\t\t<\/div>\n\t\t\t\t\t<\/div>\n\t\t<\/section>\n\t\t\t\t<section class=\"elementor-section elementor-inner-section elementor-element elementor-element-d7e4c1b elementor-section-boxed elementor-section-height-default elementor-section-height-default\" data-id=\"d7e4c1b\" data-element_type=\"section\" data-settings=\"{&quot;_ha_eqh_enable&quot;:false}\">\n\t\t\t\t\t\t<div class=\"elementor-container elementor-column-gap-default\">\n\t\t\t\t\t<div class=\"elementor-column elementor-col-100 elementor-inner-column elementor-element elementor-element-d4202d6\" data-id=\"d4202d6\" data-element_type=\"column\">\n\t\t\t<div class=\"elementor-widget-wrap elementor-element-populated\">\n\t\t\t\t\t\t\t<\/div>\n\t\t<\/div>\n\t\t\t\t\t<\/div>\n\t\t<\/section>\n\t\t\t\t\t<\/div>\n\t\t<\/div>\n\t\t\t\t\t<\/div>\n\t\t<\/section>\n\t\t\t\t<section class=\"elementor-section elementor-top-section elementor-element elementor-element-29d1bb1 elementor-section-boxed elementor-section-height-default elementor-section-height-default\" data-id=\"29d1bb1\" data-element_type=\"section\" data-settings=\"{&quot;_ha_eqh_enable&quot;:false}\">\n\t\t\t\t\t\t<div class=\"elementor-container elementor-column-gap-default\">\n\t\t\t\t\t<div class=\"elementor-column elementor-col-100 elementor-top-column elementor-element elementor-element-8098d57\" data-id=\"8098d57\" data-element_type=\"column\">\n\t\t\t<div class=\"elementor-widget-wrap elementor-element-populated\">\n\t\t\t\t\t\t<div class=\"elementor-element elementor-element-9554129 elementor-widget elementor-widget-text-editor\" data-id=\"9554129\" data-element_type=\"widget\" data-widget_type=\"text-editor.default\">\n\t\t\t\t\t\t\t\t\t<p class=\"MsoNormal\"><span style=\"font-size: 18pt; line-height: 107%; color: #000000;\">Projetos de Extens\u00e3o: Curso de Direito<\/span><\/p>\n<p class=\"MsoNormal\" style=\"margin-bottom: 19.2pt; text-align: justify; line-height: 22.5pt; background-image: initial; background-position: initial; background-size: initial; background-repeat: initial; background-attachment: initial; background-origin: initial; background-clip: initial;\"><span style=\"color: #000000;\"><b><span style=\"font-family: Arial, sans-serif;\">1. PANORAMA DE TRABALHO DO N\u00daCLEO DE PR\u00c1TICA JUR\u00cdDICA ITINERANTE<\/span><\/b><\/span><\/p>\n<p class=\"MsoNormal\" style=\"margin-bottom: 0.0001pt; text-align: justify; line-height: normal; background-image: initial; background-position: initial; background-size: initial; background-repeat: initial; background-attachment: initial; background-origin: initial; background-clip: initial;\"><span style=\"font-family: Arial, sans-serif; color: #000000;\">O N\u00facleo de Pr\u00e1tica Jur\u00eddica da FBN \u00e9 estrutura acad\u00eamica vinculada ao Curso de Direito que compreende ao desenvolvimento das atividades pr\u00e1ticas na forma\u00e7\u00e3o do acad\u00eamico lhe possibilitando a viv\u00eancia da problem\u00e1tica di\u00e1ria das possibilidades de acesso a justi\u00e7a.<\/span><\/p>\n<p class=\"MsoNormal\" style=\"margin-bottom: 0.0001pt; text-align: justify; line-height: normal; background-image: initial; background-position: initial; background-size: initial; background-repeat: initial; background-attachment: initial; background-origin: initial; background-clip: initial;\"><span style=\"font-family: Arial, sans-serif; color: #000000;\">&nbsp;<\/span><\/p>\n<p class=\"MsoNormal\" style=\"margin-bottom: 0.0001pt; text-align: justify; line-height: normal; background-image: initial; background-position: initial; background-size: initial; background-repeat: initial; background-attachment: initial; background-origin: initial; background-clip: initial;\"><span style=\"font-family: Arial, sans-serif; color: #000000;\">Tem por objetivo final\u00edstico preparar o acad\u00eamico para atua\u00e7\u00e3o no mercado de trabalho, mediante uma forma\u00e7\u00e3o human\u00edstica com desenvolvimento de atividades que lhe possam fomentar o racioc\u00ednio jur\u00eddico e a interatividade coletiva, com os demais colegas de curso, a experi\u00eancia dos professores orientadores e a realidade das comunidades menos favorecidas da sociedade amazonense.\u2019<\/span><\/p>\n<p class=\"MsoNormal\" style=\"margin-bottom: 0.0001pt; text-align: justify; line-height: normal; background-image: initial; background-position: initial; background-size: initial; background-repeat: initial; background-attachment: initial; background-origin: initial; background-clip: initial;\"><span style=\"font-family: Arial, sans-serif; color: #000000;\">&nbsp;<\/span><\/p>\n<p class=\"MsoNormal\" style=\"margin-bottom: 0.0001pt; text-align: justify; line-height: normal; background-image: initial; background-position: initial; background-size: initial; background-repeat: initial; background-attachment: initial; background-origin: initial; background-clip: initial;\"><span style=\"font-family: Arial, sans-serif; color: #000000;\">\u00c9 ainda a finalidade deste N\u00facleo oferecer as pessoas que n\u00e3o disp\u00f5e de condi\u00e7\u00e3o sociais, culturais e financeiras orienta\u00e7\u00e3o de ordem jur\u00eddica, ajuizamento e acompanhamento de a\u00e7\u00f5es, orientar quanto ao exerc\u00edcio da cidadania e aproximar os acad\u00eamicos das pol\u00edticas p\u00fablicas sociais executadas pelos \u00f3rg\u00e3os p\u00fablicos, de forma que possam conhecer os procedimentos inerentes a persecu\u00e7\u00e3o dos interesses dos clientes atendidos por nossa Institui\u00e7\u00e3o.<\/span><\/p>\n<p class=\"MsoNormal\" style=\"margin-bottom: 0.0001pt; text-align: justify; line-height: normal; background-image: initial; background-position: initial; background-size: initial; background-repeat: initial; background-attachment: initial; background-origin: initial; background-clip: initial;\"><span style=\"font-family: Arial, sans-serif; color: #000000;\">&nbsp;<\/span><\/p>\n<p class=\"MsoNormal\" style=\"margin-bottom: 19.2pt; text-align: justify; line-height: normal; background-image: initial; background-position: initial; background-size: initial; background-repeat: initial; background-attachment: initial; background-origin: initial; background-clip: initial;\"><span style=\"font-family: Arial, sans-serif; color: #000000;\">Dentro da esfera de atua\u00e7\u00e3o e importante a celebra\u00e7\u00e3o de parcerias com os \u00f3rg\u00e3os p\u00fablicos dos tr\u00eas poderes, de forma a propiciar ao acad\u00eamico maior intimidade com os processos administrativos do executivo e legislativo, bem como dos procedimentos internos do judici\u00e1rio. Permitir que o acad\u00eamico tenha viv\u00eancia quanto a atua\u00e7\u00e3o do Minist\u00e9rios P\u00fablico Estadual, assim como as demais procuradorias institucionais e Defensoria P\u00fablica, levando ao conhecimento do aluno as respectivas esferas de atua\u00e7\u00e3o e compet\u00eancia.<\/span><\/p>\n<p><\/p>\n<p class=\"MsoNormal\" style=\"margin-bottom: 0.0001pt; text-align: justify; line-height: normal; background-image: initial; background-position: initial; background-size: initial; background-repeat: initial; background-attachment: initial; background-origin: initial; background-clip: initial;\"><span style=\"color: #000000;\"><span style=\"font-family: Arial, sans-serif;\">Considerando ainda, a miss\u00e3o social, a indispensabilidade do advogado a aplica\u00e7\u00e3o dos direitos e manuten\u00e7\u00e3o da justi\u00e7a, o N\u00facleo desenvolver\u00e1 em seu Escrit\u00f3rio Jur\u00eddico atividades de atendimento ao p\u00fablico, com execu\u00e7\u00e3o de orienta\u00e7\u00e3o pessoais, elabora\u00e7\u00e3o de pe\u00e7as t\u00e9cnicas para a propositura de a\u00e7\u00f5es, defesas de interesses e recursos, com respectivo acompanhamento, tudo orientado pelos professores orientadores lotados neste N\u00facleo.<\/span><\/span><\/p>\t\t\t\t\t\t\t\t<\/div>\n\t\t\t\t\t<\/div>\n\t\t<\/div>\n\t\t\t\t\t<\/div>\n\t\t<\/section>\n\t\t\t\t<\/div>\n\t\t","protected":false},"excerpt":{"rendered":"<p>Projetos de Extens\u00e3o: Curso de Direito 1. PANORAMA DE TRABALHO DO N\u00daCLEO DE PR\u00c1TICA JUR\u00cdDICA ITINERANTE O N\u00facleo de Pr\u00e1tica [&hellip;]<\/p>\n","protected":false},"author":1,"featured_media":0,"parent":4372,"menu_order":0,"comment_status":"closed","ping_status":"closed","template":"","meta":{"site-sidebar-layout":"no-sidebar","site-content-layout":"page-builder","ast-site-content-layout":"default","site-content-style":"default","site-sidebar-style":"default","ast-global-header-display":"","ast-banner-title-visibility":"","ast-main-header-display":"","ast-hfb-above-header-display":"","ast-hfb-below-header-display":"","ast-hfb-mobile-header-display":"","site-post-title":"disabled","ast-breadcrumbs-content":"","ast-featured-img":"disabled","footer-sml-layout":"","ast-disable-related-posts":"","theme-transparent-header-meta":"default","adv-header-id-meta":"","stick-header-meta":"","header-above-stick-meta":"","header-main-stick-meta":"","header-below-stick-meta":"","astra-migrate-meta-layouts":"default","ast-page-background-enabled":"default","ast-page-background-meta":{"desktop":{"background-color":"var(--ast-global-color-5)","background-image":"","background-repeat":"repeat","background-position":"center center","background-size":"auto","background-attachment":"scroll","background-type":"","background-media":"","overlay-type":"","overlay-color":"","overlay-opacity":"","overlay-gradient":""},"tablet":{"background-color":"","background-image":"","background-repeat":"repeat","background-position":"center center","background-size":"auto","background-attachment":"scroll","background-type":"","background-media":"","overlay-type":"","overlay-color":"","overlay-opacity":"","overlay-gradient":""},"mobile":{"background-color":"","background-image":"","background-repeat":"repeat","background-position":"center center","background-size":"auto","background-attachment":"scroll","background-type":"","background-media":"","overlay-type":"","overlay-color":"","overlay-opacity":"","overlay-gradient":""}},"ast-content-background-meta":{"desktop":{"background-color":"var(--ast-global-color-4)","background-image":"","background-repeat":"repeat","background-position":"center center","background-size":"auto","background-attachment":"scroll","background-type":"","background-media":"","overlay-type":"","overlay-color":"","overlay-opacity":"","overlay-gradient":""},"tablet":{"background-color":"var(--ast-global-color-4)","background-image":"","background-repeat":"repeat","background-position":"center center","background-size":"auto","background-attachment":"scroll","background-type":"","background-media":"","overlay-type":"","overlay-color":"","overlay-opacity":"","overlay-gradient":""},"mobile":{"background-color":"var(--ast-global-color-4)","background-image":"","background-repeat":"repeat","background-position":"center center","background-size":"auto","background-attachment":"scroll","background-type":"","background-media":"","overlay-type":"","overlay-color":"","overlay-opacity":"","overlay-gradient":""}},"footnotes":""},"class_list":["post-10104","page","type-page","status-publish","hentry"],"yoast_head":"<!-- This site is optimized with the Yoast SEO plugin v27.0 - https:\/\/yoast.com\/product\/yoast-seo-wordpress\/ -->\n<title>Projetos de Extens\u00e3o: Curso de Direito - Faculdade Boas Novas<\/title>\n<meta name=\"robots\" content=\"index, follow, max-snippet:-1, max-image-preview:large, max-video-preview:-1\" \/>\n<link rel=\"canonical\" href=\"https:\/\/fbnovas.edu.br\/site\/extensao\/projetos-de-extensao-curso-de-direito\/\" \/>\n<meta property=\"og:locale\" content=\"pt_BR\" \/>\n<meta property=\"og:type\" content=\"article\" \/>\n<meta property=\"og:title\" content=\"Projetos de Extens\u00e3o: Curso de Direito - Faculdade Boas Novas\" \/>\n<meta property=\"og:description\" content=\"Projetos de Extens\u00e3o: Curso de Direito 1. PANORAMA DE TRABALHO DO N\u00daCLEO DE PR\u00c1TICA JUR\u00cdDICA ITINERANTE O N\u00facleo de Pr\u00e1tica [&hellip;]\" \/>\n<meta property=\"og:url\" content=\"https:\/\/fbnovas.edu.br\/site\/extensao\/projetos-de-extensao-curso-de-direito\/\" \/>\n<meta property=\"og:site_name\" content=\"Faculdade Boas Novas\" \/>\n<meta name=\"twitter:card\" content=\"summary_large_image\" \/>\n<meta name=\"twitter:label1\" content=\"Est. tempo de leitura\" \/>\n\t<meta name=\"twitter:data1\" content=\"2 minutos\" \/>\n<script type=\"application\/ld+json\" class=\"yoast-schema-graph\">{\"@context\":\"https:\/\/schema.org\",\"@graph\":[{\"@type\":\"WebPage\",\"@id\":\"https:\/\/fbnovas.edu.br\/site\/extensao\/projetos-de-extensao-curso-de-direito\/\",\"url\":\"https:\/\/fbnovas.edu.br\/site\/extensao\/projetos-de-extensao-curso-de-direito\/\",\"name\":\"Projetos de Extens\u00e3o: Curso de Direito - Faculdade Boas Novas\",\"isPartOf\":{\"@id\":\"https:\/\/fbnovas.edu.br\/site\/#website\"},\"datePublished\":\"2024-01-28T14:16:02+00:00\",\"breadcrumb\":{\"@id\":\"https:\/\/fbnovas.edu.br\/site\/extensao\/projetos-de-extensao-curso-de-direito\/#breadcrumb\"},\"inLanguage\":\"pt-BR\",\"potentialAction\":[{\"@type\":\"ReadAction\",\"target\":[\"https:\/\/fbnovas.edu.br\/site\/extensao\/projetos-de-extensao-curso-de-direito\/\"]}]},{\"@type\":\"BreadcrumbList\",\"@id\":\"https:\/\/fbnovas.edu.br\/site\/extensao\/projetos-de-extensao-curso-de-direito\/#breadcrumb\",\"itemListElement\":[{\"@type\":\"ListItem\",\"position\":1,\"name\":\"In\u00edcio\",\"item\":\"https:\/\/fbnovas.edu.br\/site\/\"},{\"@type\":\"ListItem\",\"position\":2,\"name\":\"Extens\u00e3o\",\"item\":\"https:\/\/fbnovas.edu.br\/site\/extensao\/\"},{\"@type\":\"ListItem\",\"position\":3,\"name\":\"Projetos de Extens\u00e3o: Curso de Direito\"}]},{\"@type\":\"WebSite\",\"@id\":\"https:\/\/fbnovas.edu.br\/site\/#website\",\"url\":\"https:\/\/fbnovas.edu.br\/site\/\",\"name\":\"Faculdade Boas Novas\",\"description\":\"Matricula 2025\/2\",\"potentialAction\":[{\"@type\":\"SearchAction\",\"target\":{\"@type\":\"EntryPoint\",\"urlTemplate\":\"https:\/\/fbnovas.edu.br\/site\/?s={search_term_string}\"},\"query-input\":{\"@type\":\"PropertyValueSpecification\",\"valueRequired\":true,\"valueName\":\"search_term_string\"}}],\"inLanguage\":\"pt-BR\"}]}<\/script>\n<!-- \/ Yoast SEO plugin. -->","yoast_head_json":{"title":"Projetos de Extens\u00e3o: Curso de Direito - Faculdade Boas Novas","robots":{"index":"index","follow":"follow","max-snippet":"max-snippet:-1","max-image-preview":"max-image-preview:large","max-video-preview":"max-video-preview:-1"},"canonical":"https:\/\/fbnovas.edu.br\/site\/extensao\/projetos-de-extensao-curso-de-direito\/","og_locale":"pt_BR","og_type":"article","og_title":"Projetos de Extens\u00e3o: Curso de Direito - Faculdade Boas Novas","og_description":"Projetos de Extens\u00e3o: Curso de Direito 1. PANORAMA DE TRABALHO DO N\u00daCLEO DE PR\u00c1TICA JUR\u00cdDICA ITINERANTE O N\u00facleo de Pr\u00e1tica [&hellip;]","og_url":"https:\/\/fbnovas.edu.br\/site\/extensao\/projetos-de-extensao-curso-de-direito\/","og_site_name":"Faculdade Boas Novas","twitter_card":"summary_large_image","twitter_misc":{"Est. tempo de leitura":"2 minutos"},"schema":{"@context":"https:\/\/schema.org","@graph":[{"@type":"WebPage","@id":"https:\/\/fbnovas.edu.br\/site\/extensao\/projetos-de-extensao-curso-de-direito\/","url":"https:\/\/fbnovas.edu.br\/site\/extensao\/projetos-de-extensao-curso-de-direito\/","name":"Projetos de Extens\u00e3o: Curso de Direito - Faculdade Boas Novas","isPartOf":{"@id":"https:\/\/fbnovas.edu.br\/site\/#website"},"datePublished":"2024-01-28T14:16:02+00:00","breadcrumb":{"@id":"https:\/\/fbnovas.edu.br\/site\/extensao\/projetos-de-extensao-curso-de-direito\/#breadcrumb"},"inLanguage":"pt-BR","potentialAction":[{"@type":"ReadAction","target":["https:\/\/fbnovas.edu.br\/site\/extensao\/projetos-de-extensao-curso-de-direito\/"]}]},{"@type":"BreadcrumbList","@id":"https:\/\/fbnovas.edu.br\/site\/extensao\/projetos-de-extensao-curso-de-direito\/#breadcrumb","itemListElement":[{"@type":"ListItem","position":1,"name":"In\u00edcio","item":"https:\/\/fbnovas.edu.br\/site\/"},{"@type":"ListItem","position":2,"name":"Extens\u00e3o","item":"https:\/\/fbnovas.edu.br\/site\/extensao\/"},{"@type":"ListItem","position":3,"name":"Projetos de Extens\u00e3o: Curso de Direito"}]},{"@type":"WebSite","@id":"https:\/\/fbnovas.edu.br\/site\/#website","url":"https:\/\/fbnovas.edu.br\/site\/","name":"Faculdade Boas Novas","description":"Matricula 2025\/2","potentialAction":[{"@type":"SearchAction","target":{"@type":"EntryPoint","urlTemplate":"https:\/\/fbnovas.edu.br\/site\/?s={search_term_string}"},"query-input":{"@type":"PropertyValueSpecification","valueRequired":true,"valueName":"search_term_string"}}],"inLanguage":"pt-BR"}]}},"jetpack_sharing_enabled":true,"_links":{"self":[{"href":"https:\/\/fbnovas.edu.br\/site\/wp-json\/wp\/v2\/pages\/10104","targetHints":{"allow":["GET"]}}],"collection":[{"href":"https:\/\/fbnovas.edu.br\/site\/wp-json\/wp\/v2\/pages"}],"about":[{"href":"https:\/\/fbnovas.edu.br\/site\/wp-json\/wp\/v2\/types\/page"}],"author":[{"embeddable":true,"href":"https:\/\/fbnovas.edu.br\/site\/wp-json\/wp\/v2\/users\/1"}],"replies":[{"embeddable":true,"href":"https:\/\/fbnovas.edu.br\/site\/wp-json\/wp\/v2\/comments?post=10104"}],"version-history":[{"count":0,"href":"https:\/\/fbnovas.edu.br\/site\/wp-json\/wp\/v2\/pages\/10104\/revisions"}],"up":[{"embeddable":true,"href":"https:\/\/fbnovas.edu.br\/site\/wp-json\/wp\/v2\/pages\/4372"}],"wp:attachment":[{"href":"https:\/\/fbnovas.edu.br\/site\/wp-json\/wp\/v2\/media?parent=10104"}],"curies":[{"name":"wp","href":"https:\/\/api.w.org\/{rel}","templated":true}]}}