{"id":13734,"date":"2026-02-12T10:21:07","date_gmt":"2026-02-12T14:21:07","guid":{"rendered":"https:\/\/fbnovas.edu.br\/site\/?page_id=13734"},"modified":"2026-02-13T10:31:23","modified_gmt":"2026-02-13T14:31:23","slug":"edita-2026-1","status":"publish","type":"page","link":"https:\/\/fbnovas.edu.br\/site\/servicos\/edita-2026-1\/","title":{"rendered":"Edital 2026.1"},"content":{"rendered":"\t\t<div data-elementor-type=\"wp-page\" data-elementor-id=\"13734\" class=\"elementor elementor-13734\" data-elementor-settings=\"{&quot;ha_cmc_init_switcher&quot;:&quot;no&quot;}\" data-elementor-post-type=\"page\">\n\t\t\t\t\t\t<section class=\"elementor-section elementor-top-section elementor-element elementor-element-112d899c elementor-section-full_width elementor-section-height-default elementor-section-height-default\" data-id=\"112d899c\" data-element_type=\"section\" data-settings=\"{&quot;background_background&quot;:&quot;classic&quot;,&quot;_ha_eqh_enable&quot;:false}\">\n\t\t\t\t\t\t\t<div class=\"elementor-background-overlay\"><\/div>\n\t\t\t\t\t\t\t<div class=\"elementor-container elementor-column-gap-default\">\n\t\t\t\t\t<div class=\"elementor-column elementor-col-100 elementor-top-column elementor-element elementor-element-12571c7f\" data-id=\"12571c7f\" data-element_type=\"column\">\n\t\t\t<div class=\"elementor-widget-wrap elementor-element-populated\">\n\t\t\t\t\t\t<section class=\"elementor-section elementor-inner-section elementor-element elementor-element-317efea3 elementor-section-boxed elementor-section-height-default elementor-section-height-default\" data-id=\"317efea3\" data-element_type=\"section\" data-settings=\"{&quot;_ha_eqh_enable&quot;:false}\">\n\t\t\t\t\t\t<div class=\"elementor-container elementor-column-gap-default\">\n\t\t\t\t\t<div class=\"elementor-column elementor-col-50 elementor-inner-column elementor-element elementor-element-4dd9e695\" data-id=\"4dd9e695\" data-element_type=\"column\">\n\t\t\t<div class=\"elementor-widget-wrap elementor-element-populated\">\n\t\t\t\t\t\t<div class=\"elementor-element elementor-element-19212a elementor-align-left elementor-widget elementor-widget-breadcrumbs\" data-id=\"19212a\" data-element_type=\"widget\" data-widget_type=\"breadcrumbs.default\">\n\t\t\t\t\t<p id=\"breadcrumbs\"><span><span><a href=\"https:\/\/fbnovas.edu.br\/site\/\">In\u00edcio<\/a><\/span><\/span><\/p>\t\t\t\t<\/div>\n\t\t\t\t\t<\/div>\n\t\t<\/div>\n\t\t\t\t<div class=\"elementor-column elementor-col-50 elementor-inner-column elementor-element elementor-element-3047cc57 elementor-hidden-tablet elementor-hidden-phone\" data-id=\"3047cc57\" data-element_type=\"column\">\n\t\t\t<div class=\"elementor-widget-wrap\">\n\t\t\t\t\t\t\t<\/div>\n\t\t<\/div>\n\t\t\t\t\t<\/div>\n\t\t<\/section>\n\t\t\t\t<section class=\"elementor-section elementor-inner-section elementor-element elementor-element-17daa26a elementor-section-boxed elementor-section-height-default elementor-section-height-default\" data-id=\"17daa26a\" data-element_type=\"section\" data-settings=\"{&quot;_ha_eqh_enable&quot;:false}\">\n\t\t\t\t\t\t<div class=\"elementor-container elementor-column-gap-default\">\n\t\t\t\t\t<div class=\"elementor-column elementor-col-50 elementor-inner-column elementor-element elementor-element-28100eec\" data-id=\"28100eec\" data-element_type=\"column\">\n\t\t\t<div class=\"elementor-widget-wrap elementor-element-populated\">\n\t\t\t\t\t\t<div class=\"elementor-element elementor-element-2b01da17 elementor-widget elementor-widget-heading\" data-id=\"2b01da17\" data-element_type=\"widget\" data-widget_type=\"heading.default\">\n\t\t\t\t\t<h4 class=\"elementor-heading-title elementor-size-default\">Onde o conhecimento traz liberdade<\/h4>\t\t\t\t<\/div>\n\t\t\t\t\t<\/div>\n\t\t<\/div>\n\t\t\t\t<div class=\"elementor-column elementor-col-50 elementor-inner-column elementor-element elementor-element-6766f4f\" data-id=\"6766f4f\" data-element_type=\"column\">\n\t\t\t<div class=\"elementor-widget-wrap\">\n\t\t\t\t\t\t\t<\/div>\n\t\t<\/div>\n\t\t\t\t\t<\/div>\n\t\t<\/section>\n\t\t\t\t\t<\/div>\n\t\t<\/div>\n\t\t\t\t\t<\/div>\n\t\t<\/section>\n\t\t\t\t<section class=\"elementor-section elementor-top-section elementor-element elementor-element-0e07a06 elementor-section-full_width elementor-section-height-default elementor-section-height-default\" data-id=\"0e07a06\" data-element_type=\"section\" data-settings=\"{&quot;_ha_eqh_enable&quot;:false}\">\n\t\t\t\t\t\t<div class=\"elementor-container elementor-column-gap-default\">\n\t\t\t\t\t<div class=\"elementor-column elementor-col-100 elementor-top-column elementor-element elementor-element-56d8770\" data-id=\"56d8770\" data-element_type=\"column\">\n\t\t\t<div class=\"elementor-widget-wrap elementor-element-populated\">\n\t\t\t\t\t\t<section class=\"elementor-section elementor-inner-section elementor-element elementor-element-af0ca4d elementor-section-boxed elementor-section-height-default elementor-section-height-default\" data-id=\"af0ca4d\" data-element_type=\"section\" data-settings=\"{&quot;_ha_eqh_enable&quot;:false}\">\n\t\t\t\t\t\t<div class=\"elementor-container elementor-column-gap-default\">\n\t\t\t\t\t<div class=\"elementor-column elementor-col-100 elementor-inner-column elementor-element elementor-element-3de43ad\" data-id=\"3de43ad\" data-element_type=\"column\">\n\t\t\t<div class=\"elementor-widget-wrap elementor-element-populated\">\n\t\t\t\t\t\t<div class=\"elementor-element elementor-element-dc1f1de elementor-widget elementor-widget-image\" data-id=\"dc1f1de\" data-element_type=\"widget\" data-widget_type=\"image.default\">\n\t\t\t\t\t\t\t\t\t\t\t\t\t\t\t<img fetchpriority=\"high\" decoding=\"async\" width=\"909\" height=\"395\" src=\"https:\/\/fbnovas.edu.br\/site\/wp-content\/uploads\/2026\/02\/Screenshot_3.png\" class=\"attachment-large size-large wp-image-13737\" alt=\"\" srcset=\"https:\/\/fbnovas.edu.br\/site\/wp-content\/uploads\/2026\/02\/Screenshot_3.png 909w, https:\/\/fbnovas.edu.br\/site\/wp-content\/uploads\/2026\/02\/Screenshot_3-300x130.png 300w, https:\/\/fbnovas.edu.br\/site\/wp-content\/uploads\/2026\/02\/Screenshot_3-768x334.png 768w\" sizes=\"(max-width: 909px) 100vw, 909px\" \/>\t\t\t\t\t\t\t\t\t\t\t\t\t\t\t<\/div>\n\t\t\t\t<div class=\"elementor-element elementor-element-91bf4dd elementor-widget elementor-widget-eael-creative-button\" data-id=\"91bf4dd\" data-element_type=\"widget\" data-widget_type=\"eael-creative-button.default\">\n\t\t\t\t\t        <div class=\"eael-creative-button-wrapper\">\n\n            <a class=\"eael-creative-button eael-creative-button--ujarak\" href=\"https:\/\/drive.google.com\/file\/d\/1cPoVfV-_AsDPGNpzyYGtdwznYJcCuML7\/view?usp=sharing\" target=\"_blank\" data-text=\"Go!\">\n            \t    \n                <div class=\"creative-button-inner\">\n\n                                            <span class=\"eael-creative-button-icon-left\"><svg aria-hidden=\"true\" class=\"e-font-icon-svg e-fas-download\" viewBox=\"0 0 512 512\" xmlns=\"http:\/\/www.w3.org\/2000\/svg\"><path d=\"M216 0h80c13.3 0 24 10.7 24 24v168h87.7c17.8 0 26.7 21.5 14.1 34.1L269.7 378.3c-7.5 7.5-19.8 7.5-27.3 0L90.1 226.1c-12.6-12.6-3.7-34.1 14.1-34.1H192V24c0-13.3 10.7-24 24-24zm296 376v112c0 13.3-10.7 24-24 24H24c-13.3 0-24-10.7-24-24V376c0-13.3 10.7-24 24-24h146.7l49 49c20.1 20.1 52.5 20.1 72.6 0l49-49H488c13.3 0 24 10.7 24 24zm-124 88c0-11-9-20-20-20s-20 9-20 20 9 20 20 20 20-9 20-20zm64 0c0-11-9-20-20-20s-20 9-20 20 9 20 20 20 20-9 20-20z\"><\/path><\/svg><\/span>                    \n                    <span class=\"cretive-button-text\">Edital N\u00ba 1\/2026<\/span>\n\n                                    <\/div>\n\t                        <\/a>\n        <\/div>\n        \t\t\t\t<\/div>\n\t\t\t\t<div class=\"elementor-element elementor-element-999c92c elementor-widget elementor-widget-text-editor\" data-id=\"999c92c\" data-element_type=\"widget\" data-widget_type=\"text-editor.default\">\n\t\t\t\t\t\t\t\t\t<p style=\"font-weight: 400;\"><span style=\"color: #000000;\"><strong>Inscri\u00e7\u00f5es Abertas\u00a0\u2013\u00a0Programa de Nivelamento 2026.1<\/strong><\/span><br \/>A Faculdade Boas Novas convida todos os alunos ingressantes dos Cursos de Gradua\u00e7\u00e3o a participarem do Programa de Nivelamento 2026.1. O objetivo \u00e9 preparar voc\u00ea para os desafios da vida acad\u00eamica, com aulas gratuitas, online e pr\u00e1ticas que fortalecer\u00e3o seus conhecimentos em \u00e1reas fundamentais para um bom desempenho no ensino superior.<br \/><br \/><span style=\"color: #000000;\"><strong>Como Funciona<\/strong><\/span><br \/>O programa \u00e9 composto por duas componentes curriculares diferentes e independentes. Cada estudante pode participar de uma ou duas componentes, de acordo com seu interesse e necessidade. As inscri\u00e7\u00f5es v\u00e3o de 23\/02 a 07\/03 de 2025. As aulas acontecem de 10\/03 a10\/05 de 2026.<\/p><p style=\"font-weight: 400;\"><span style=\"color: #000000;\"><strong>Etapas da Inscri\u00e7\u00e3o<\/strong><\/span><br \/>Escolha a(s) disciplina(s) que deseja cursar:<br \/>Disciplina I: L\u00edngua Portuguesa<br \/>Link para inscri\u00e7\u00e3o:\u00a0<a href=\"https:\/\/fbnovas.com\/ead\/course\/view.php?id=188\" data-saferedirecturl=\"https:\/\/www.google.com\/url?q=https:\/\/fbnovas.com\/ead\/course\/view.php?id%3D188&amp;source=gmail&amp;ust=1771078732821000&amp;usg=AOvVaw07nTK8bz34GnxvTF5al10s\">https:\/\/fbnovas.com\/ead\/course\/view.php?id=188<\/a><a href=\"https:\/\/eadfbnovas.com.br\/course\/view.php?id=477\" data-saferedirecturl=\"https:\/\/www.google.com\/url?q=https:\/\/eadfbnovas.com.br\/course\/view.php?id%3D477&amp;source=gmail&amp;ust=1771078732821000&amp;usg=AOvVaw1HIKz1GdHqxkkTptiZqSh2\">\u00a0<\/a><br \/>Disciplina II: Metodologia do Estudo<br \/>Link para inscri\u00e7\u00e3o:\u00a0<a href=\"https:\/\/fbnovas.com\/ead\/course\/view.php?id=189\" data-saferedirecturl=\"https:\/\/www.google.com\/url?q=https:\/\/fbnovas.com\/ead\/course\/view.php?id%3D189&amp;source=gmail&amp;ust=1771078732821000&amp;usg=AOvVaw3wt3VsfF-z33_8mOmpdwSa\">https:\/\/fbnovas.com\/ead\/course\/view.php?id=189<\/a><br \/><br \/><strong>Inscri\u00e7\u00f5es diretamente pela plataforma Lumen.\u00a0\u00a0<\/strong><br \/>Telefone de Contato: 92 98114-6233<br \/><a href=\"https:\/\/wa.me\/message\/4K6YFOG5EZRQB1\" data-saferedirecturl=\"https:\/\/www.google.com\/url?q=https:\/\/wa.me\/message\/4K6YFOG5EZRQB1&amp;source=gmail&amp;ust=1771078732821000&amp;usg=AOvVaw1rbTVNPyiUzf5ruRNk1_7r\">https:\/\/wa.me\/message\/4K6YFOG5EZRQB1<\/a><\/p><p style=\"font-weight: 400;\"><a href=\"https:\/\/wa.me\/message\/4K6YFOG5EZRQB1\" data-saferedirecturl=\"https:\/\/www.google.com\/url?q=https:\/\/wa.me\/message\/4K6YFOG5EZRQB1&amp;source=gmail&amp;ust=1771078732821000&amp;usg=AOvVaw1rbTVNPyiUzf5ruRNk1_7r\">https:\/\/wa.me\/message\/4K6YFOG5EZRQB1<\/a><\/p>\t\t\t\t\t\t\t\t<\/div>\n\t\t\t\t\t<\/div>\n\t\t<\/div>\n\t\t\t\t\t<\/div>\n\t\t<\/section>\n\t\t\t\t\t<\/div>\n\t\t<\/div>\n\t\t\t\t\t<\/div>\n\t\t<\/section>\n\t\t\t\t<\/div>\n\t\t","protected":false},"excerpt":{"rendered":"<p>Onde o conhecimento traz liberdade Edital N\u00ba 1\/2026 Inscri\u00e7\u00f5es Abertas\u00a0\u2013\u00a0Programa de Nivelamento 2026.1A Faculdade Boas Novas convida todos os alunos [&hellip;]<\/p>\n","protected":false},"author":1,"featured_media":0,"parent":7768,"menu_order":0,"comment_status":"closed","ping_status":"closed","template":"","meta":{"site-sidebar-layout":"no-sidebar","site-content-layout":"page-builder","ast-site-content-layout":"default","site-content-style":"default","site-sidebar-style":"default","ast-global-header-display":"","ast-banner-title-visibility":"","ast-main-header-display":"","ast-hfb-above-header-display":"","ast-hfb-below-header-display":"","ast-hfb-mobile-header-display":"","site-post-title":"disabled","ast-breadcrumbs-content":"","ast-featured-img":"disabled","footer-sml-layout":"","ast-disable-related-posts":"","theme-transparent-header-meta":"","adv-header-id-meta":"","stick-header-meta":"","header-above-stick-meta":"","header-main-stick-meta":"","header-below-stick-meta":"","astra-migrate-meta-layouts":"default","ast-page-background-enabled":"default","ast-page-background-meta":{"desktop":{"background-color":"var(--ast-global-color-5)","background-image":"","background-repeat":"repeat","background-position":"center center","background-size":"auto","background-attachment":"scroll","background-type":"","background-media":"","overlay-type":"","overlay-color":"","overlay-opacity":"","overlay-gradient":""},"tablet":{"background-color":"","background-image":"","background-repeat":"repeat","background-position":"center center","background-size":"auto","background-attachment":"scroll","background-type":"","background-media":"","overlay-type":"","overlay-color":"","overlay-opacity":"","overlay-gradient":""},"mobile":{"background-color":"","background-image":"","background-repeat":"repeat","background-position":"center center","background-size":"auto","background-attachment":"scroll","background-type":"","background-media":"","overlay-type":"","overlay-color":"","overlay-opacity":"","overlay-gradient":""}},"ast-content-background-meta":{"desktop":{"background-color":"var(--ast-global-color-4)","background-image":"","background-repeat":"repeat","background-position":"center center","background-size":"auto","background-attachment":"scroll","background-type":"","background-media":"","overlay-type":"","overlay-color":"","overlay-opacity":"","overlay-gradient":""},"tablet":{"background-color":"var(--ast-global-color-4)","background-image":"","background-repeat":"repeat","background-position":"center center","background-size":"auto","background-attachment":"scroll","background-type":"","background-media":"","overlay-type":"","overlay-color":"","overlay-opacity":"","overlay-gradient":""},"mobile":{"background-color":"var(--ast-global-color-4)","background-image":"","background-repeat":"repeat","background-position":"center center","background-size":"auto","background-attachment":"scroll","background-type":"","background-media":"","overlay-type":"","overlay-color":"","overlay-opacity":"","overlay-gradient":""}},"footnotes":""},"class_list":["post-13734","page","type-page","status-publish","hentry"],"yoast_head":"<!-- This site is optimized with the Yoast SEO plugin v27.0 - https:\/\/yoast.com\/product\/yoast-seo-wordpress\/ -->\n<title>Edital 2026.1 - Faculdade Boas Novas<\/title>\n<meta name=\"robots\" content=\"index, follow, max-snippet:-1, max-image-preview:large, max-video-preview:-1\" \/>\n<link rel=\"canonical\" href=\"https:\/\/fbnovas.edu.br\/site\/servicos\/edita-2026-1\/\" \/>\n<meta property=\"og:locale\" content=\"pt_BR\" \/>\n<meta property=\"og:type\" content=\"article\" \/>\n<meta property=\"og:title\" content=\"Edital 2026.1 - Faculdade Boas Novas\" \/>\n<meta property=\"og:description\" content=\"Onde o conhecimento traz liberdade Edital N\u00ba 1\/2026 Inscri\u00e7\u00f5es Abertas\u00a0\u2013\u00a0Programa de Nivelamento 2026.1A Faculdade Boas Novas convida todos os alunos [&hellip;]\" \/>\n<meta property=\"og:url\" content=\"https:\/\/fbnovas.edu.br\/site\/servicos\/edita-2026-1\/\" \/>\n<meta property=\"og:site_name\" content=\"Faculdade Boas Novas\" \/>\n<meta property=\"article:modified_time\" content=\"2026-02-13T14:31:23+00:00\" \/>\n<meta property=\"og:image\" content=\"https:\/\/fbnovas.edu.br\/site\/wp-content\/uploads\/2026\/02\/Screenshot_3.png\" \/>\n\t<meta property=\"og:image:width\" content=\"909\" \/>\n\t<meta property=\"og:image:height\" content=\"395\" \/>\n\t<meta property=\"og:image:type\" content=\"image\/png\" \/>\n<meta name=\"twitter:card\" content=\"summary_large_image\" \/>\n<meta name=\"twitter:label1\" content=\"Est. tempo de leitura\" \/>\n\t<meta name=\"twitter:data1\" content=\"1 minuto\" \/>\n<script type=\"application\/ld+json\" class=\"yoast-schema-graph\">{\"@context\":\"https:\/\/schema.org\",\"@graph\":[{\"@type\":\"WebPage\",\"@id\":\"https:\/\/fbnovas.edu.br\/site\/servicos\/edita-2026-1\/\",\"url\":\"https:\/\/fbnovas.edu.br\/site\/servicos\/edita-2026-1\/\",\"name\":\"Edital 2026.1 - Faculdade Boas Novas\",\"isPartOf\":{\"@id\":\"https:\/\/fbnovas.edu.br\/site\/#website\"},\"primaryImageOfPage\":{\"@id\":\"https:\/\/fbnovas.edu.br\/site\/servicos\/edita-2026-1\/#primaryimage\"},\"image\":{\"@id\":\"https:\/\/fbnovas.edu.br\/site\/servicos\/edita-2026-1\/#primaryimage\"},\"thumbnailUrl\":\"https:\/\/fbnovas.edu.br\/site\/wp-content\/uploads\/2026\/02\/Screenshot_3.png\",\"datePublished\":\"2026-02-12T14:21:07+00:00\",\"dateModified\":\"2026-02-13T14:31:23+00:00\",\"breadcrumb\":{\"@id\":\"https:\/\/fbnovas.edu.br\/site\/servicos\/edita-2026-1\/#breadcrumb\"},\"inLanguage\":\"pt-BR\",\"potentialAction\":[{\"@type\":\"ReadAction\",\"target\":[\"https:\/\/fbnovas.edu.br\/site\/servicos\/edita-2026-1\/\"]}]},{\"@type\":\"ImageObject\",\"inLanguage\":\"pt-BR\",\"@id\":\"https:\/\/fbnovas.edu.br\/site\/servicos\/edita-2026-1\/#primaryimage\",\"url\":\"https:\/\/fbnovas.edu.br\/site\/wp-content\/uploads\/2026\/02\/Screenshot_3.png\",\"contentUrl\":\"https:\/\/fbnovas.edu.br\/site\/wp-content\/uploads\/2026\/02\/Screenshot_3.png\",\"width\":909,\"height\":395},{\"@type\":\"BreadcrumbList\",\"@id\":\"https:\/\/fbnovas.edu.br\/site\/servicos\/edita-2026-1\/#breadcrumb\",\"itemListElement\":[{\"@type\":\"ListItem\",\"position\":1,\"name\":\"In\u00edcio\",\"item\":\"https:\/\/fbnovas.edu.br\/site\/\"},{\"@type\":\"ListItem\",\"position\":2,\"name\":\"Servi\u00e7os\",\"item\":\"https:\/\/fbnovas.edu.br\/site\/servicos\/\"},{\"@type\":\"ListItem\",\"position\":3,\"name\":\"Edital 2026.1\"}]},{\"@type\":\"WebSite\",\"@id\":\"https:\/\/fbnovas.edu.br\/site\/#website\",\"url\":\"https:\/\/fbnovas.edu.br\/site\/\",\"name\":\"Faculdade Boas Novas\",\"description\":\"Matricula 2025\/2\",\"potentialAction\":[{\"@type\":\"SearchAction\",\"target\":{\"@type\":\"EntryPoint\",\"urlTemplate\":\"https:\/\/fbnovas.edu.br\/site\/?s={search_term_string}\"},\"query-input\":{\"@type\":\"PropertyValueSpecification\",\"valueRequired\":true,\"valueName\":\"search_term_string\"}}],\"inLanguage\":\"pt-BR\"}]}<\/script>\n<!-- \/ Yoast SEO plugin. -->","yoast_head_json":{"title":"Edital 2026.1 - Faculdade Boas Novas","robots":{"index":"index","follow":"follow","max-snippet":"max-snippet:-1","max-image-preview":"max-image-preview:large","max-video-preview":"max-video-preview:-1"},"canonical":"https:\/\/fbnovas.edu.br\/site\/servicos\/edita-2026-1\/","og_locale":"pt_BR","og_type":"article","og_title":"Edital 2026.1 - Faculdade Boas Novas","og_description":"Onde o conhecimento traz liberdade Edital N\u00ba 1\/2026 Inscri\u00e7\u00f5es Abertas\u00a0\u2013\u00a0Programa de Nivelamento 2026.1A Faculdade Boas Novas convida todos os alunos [&hellip;]","og_url":"https:\/\/fbnovas.edu.br\/site\/servicos\/edita-2026-1\/","og_site_name":"Faculdade Boas Novas","article_modified_time":"2026-02-13T14:31:23+00:00","og_image":[{"width":909,"height":395,"url":"https:\/\/fbnovas.edu.br\/site\/wp-content\/uploads\/2026\/02\/Screenshot_3.png","type":"image\/png"}],"twitter_card":"summary_large_image","twitter_misc":{"Est. tempo de leitura":"1 minuto"},"schema":{"@context":"https:\/\/schema.org","@graph":[{"@type":"WebPage","@id":"https:\/\/fbnovas.edu.br\/site\/servicos\/edita-2026-1\/","url":"https:\/\/fbnovas.edu.br\/site\/servicos\/edita-2026-1\/","name":"Edital 2026.1 - Faculdade Boas Novas","isPartOf":{"@id":"https:\/\/fbnovas.edu.br\/site\/#website"},"primaryImageOfPage":{"@id":"https:\/\/fbnovas.edu.br\/site\/servicos\/edita-2026-1\/#primaryimage"},"image":{"@id":"https:\/\/fbnovas.edu.br\/site\/servicos\/edita-2026-1\/#primaryimage"},"thumbnailUrl":"https:\/\/fbnovas.edu.br\/site\/wp-content\/uploads\/2026\/02\/Screenshot_3.png","datePublished":"2026-02-12T14:21:07+00:00","dateModified":"2026-02-13T14:31:23+00:00","breadcrumb":{"@id":"https:\/\/fbnovas.edu.br\/site\/servicos\/edita-2026-1\/#breadcrumb"},"inLanguage":"pt-BR","potentialAction":[{"@type":"ReadAction","target":["https:\/\/fbnovas.edu.br\/site\/servicos\/edita-2026-1\/"]}]},{"@type":"ImageObject","inLanguage":"pt-BR","@id":"https:\/\/fbnovas.edu.br\/site\/servicos\/edita-2026-1\/#primaryimage","url":"https:\/\/fbnovas.edu.br\/site\/wp-content\/uploads\/2026\/02\/Screenshot_3.png","contentUrl":"https:\/\/fbnovas.edu.br\/site\/wp-content\/uploads\/2026\/02\/Screenshot_3.png","width":909,"height":395},{"@type":"BreadcrumbList","@id":"https:\/\/fbnovas.edu.br\/site\/servicos\/edita-2026-1\/#breadcrumb","itemListElement":[{"@type":"ListItem","position":1,"name":"In\u00edcio","item":"https:\/\/fbnovas.edu.br\/site\/"},{"@type":"ListItem","position":2,"name":"Servi\u00e7os","item":"https:\/\/fbnovas.edu.br\/site\/servicos\/"},{"@type":"ListItem","position":3,"name":"Edital 2026.1"}]},{"@type":"WebSite","@id":"https:\/\/fbnovas.edu.br\/site\/#website","url":"https:\/\/fbnovas.edu.br\/site\/","name":"Faculdade Boas Novas","description":"Matricula 2025\/2","potentialAction":[{"@type":"SearchAction","target":{"@type":"EntryPoint","urlTemplate":"https:\/\/fbnovas.edu.br\/site\/?s={search_term_string}"},"query-input":{"@type":"PropertyValueSpecification","valueRequired":true,"valueName":"search_term_string"}}],"inLanguage":"pt-BR"}]}},"jetpack_sharing_enabled":true,"_links":{"self":[{"href":"https:\/\/fbnovas.edu.br\/site\/wp-json\/wp\/v2\/pages\/13734","targetHints":{"allow":["GET"]}}],"collection":[{"href":"https:\/\/fbnovas.edu.br\/site\/wp-json\/wp\/v2\/pages"}],"about":[{"href":"https:\/\/fbnovas.edu.br\/site\/wp-json\/wp\/v2\/types\/page"}],"author":[{"embeddable":true,"href":"https:\/\/fbnovas.edu.br\/site\/wp-json\/wp\/v2\/users\/1"}],"replies":[{"embeddable":true,"href":"https:\/\/fbnovas.edu.br\/site\/wp-json\/wp\/v2\/comments?post=13734"}],"version-history":[{"count":7,"href":"https:\/\/fbnovas.edu.br\/site\/wp-json\/wp\/v2\/pages\/13734\/revisions"}],"predecessor-version":[{"id":13743,"href":"https:\/\/fbnovas.edu.br\/site\/wp-json\/wp\/v2\/pages\/13734\/revisions\/13743"}],"up":[{"embeddable":true,"href":"https:\/\/fbnovas.edu.br\/site\/wp-json\/wp\/v2\/pages\/7768"}],"wp:attachment":[{"href":"https:\/\/fbnovas.edu.br\/site\/wp-json\/wp\/v2\/media?parent=13734"}],"curies":[{"name":"wp","href":"https:\/\/api.w.org\/{rel}","templated":true}]}}