{"id":13931,"date":"2026-04-13T11:46:51","date_gmt":"2026-04-13T15:46:51","guid":{"rendered":"https:\/\/fbnovas.edu.br\/site\/?page_id=13931"},"modified":"2026-04-13T19:26:12","modified_gmt":"2026-04-13T23:26:12","slug":"revista-verum-2023","status":"publish","type":"page","link":"https:\/\/fbnovas.edu.br\/site\/revista-verum-2023\/","title":{"rendered":"Revista Verum 2023"},"content":{"rendered":"\t\t<div data-elementor-type=\"wp-page\" data-elementor-id=\"13931\" class=\"elementor elementor-13931\" data-elementor-settings=\"{&quot;ha_cmc_init_switcher&quot;:&quot;no&quot;}\" data-elementor-post-type=\"page\">\n\t\t\t\t<div class=\"elementor-element elementor-element-532a8ed e-flex e-con-boxed e-con e-parent\" data-id=\"532a8ed\" data-element_type=\"container\" data-settings=\"{&quot;background_background&quot;:&quot;classic&quot;,&quot;_ha_eqh_enable&quot;:false}\">\n\t\t\t\t\t<div class=\"e-con-inner\">\n\t\t<div class=\"elementor-element elementor-element-592a0c3 e-con-full e-flex e-con e-child\" data-id=\"592a0c3\" data-element_type=\"container\" data-settings=\"{&quot;_ha_eqh_enable&quot;:false}\">\n\t\t\t\t<div class=\"elementor-element elementor-element-c5226cb elementor-widget elementor-widget-heading\" data-id=\"c5226cb\" data-element_type=\"widget\" data-widget_type=\"heading.default\">\n\t\t\t\t\t<h2 class=\"elementor-heading-title elementor-size-default\"><span style=\"font-size: 12px;letter-spacing: 2.4px;text-align: start\">Revistas Cient\u00edficas | Direito<\/span><\/h2>\t\t\t\t<\/div>\n\t\t<div class=\"elementor-element elementor-element-30f440b e-con-full e-flex e-con e-child\" data-id=\"30f440b\" data-element_type=\"container\" data-settings=\"{&quot;_ha_eqh_enable&quot;:false}\">\n\t\t\t\t<div class=\"elementor-element elementor-element-2ca7b1d elementor-widget elementor-widget-heading\" data-id=\"2ca7b1d\" data-element_type=\"widget\" data-widget_type=\"heading.default\">\n\t\t\t\t\t<h2 class=\"elementor-heading-title elementor-size-default\">VERUM<\/h2>\t\t\t\t<\/div>\n\t\t\t\t<\/div>\n\t\t<div class=\"elementor-element elementor-element-4072b98 e-con-full e-flex e-con e-child\" data-id=\"4072b98\" data-element_type=\"container\" data-settings=\"{&quot;_ha_eqh_enable&quot;:false}\">\n\t\t\t\t<div class=\"elementor-element elementor-element-e00b2c1 elementor-widget elementor-widget-heading\" data-id=\"e00b2c1\" data-element_type=\"widget\" data-widget_type=\"heading.default\">\n\t\t\t\t\t<h2 class=\"elementor-heading-title elementor-size-default\">A Verdade no Direito Contempor\u00e2neo<\/h2>\t\t\t\t<\/div>\n\t\t\t\t<\/div>\n\t\t<div class=\"elementor-element elementor-element-aaf75a1 e-con-full e-flex e-con e-child\" data-id=\"aaf75a1\" data-element_type=\"container\" data-settings=\"{&quot;_ha_eqh_enable&quot;:false}\">\n\t\t\t\t<div class=\"elementor-element elementor-element-d096098 elementor-align-center elementor-icon-list--layout-traditional elementor-list-item-link-full_width elementor-widget elementor-widget-icon-list\" data-id=\"d096098\" data-element_type=\"widget\" data-widget_type=\"icon-list.default\">\n\t\t\t\t\t\t\t<ul class=\"elementor-icon-list-items\">\n\t\t\t\t\t\t\t<li class=\"elementor-icon-list-item\">\n\t\t\t\t\t\t\t\t\t\t\t<span class=\"elementor-icon-list-icon\">\n\t\t\t\t\t\t\t<svg aria-hidden=\"true\" class=\"e-font-icon-svg e-far-bookmark\" viewBox=\"0 0 384 512\" xmlns=\"http:\/\/www.w3.org\/2000\/svg\"><path d=\"M336 0H48C21.49 0 0 21.49 0 48v464l192-112 192 112V48c0-26.51-21.49-48-48-48zm0 428.43l-144-84-144 84V54a6 6 0 0 1 6-6h276c3.314 0 6 2.683 6 5.996V428.43z\"><\/path><\/svg>\t\t\t\t\t\t<\/span>\n\t\t\t\t\t\t\t\t\t\t<span class=\"elementor-icon-list-text\">ANO I N\u00ba 01 | 2023<\/span>\n\t\t\t\t\t\t\t\t\t<\/li>\n\t\t\t\t\t\t<\/ul>\n\t\t\t\t\t\t<\/div>\n\t\t\t\t<\/div>\n\t\t<div class=\"elementor-element elementor-element-ad5c698 e-con-full e-flex e-con e-child\" data-id=\"ad5c698\" data-element_type=\"container\" data-settings=\"{&quot;_ha_eqh_enable&quot;:false}\">\n\t\t\t\t<div class=\"elementor-element elementor-element-78dc8af elementor-widget elementor-widget-text-editor\" data-id=\"78dc8af\" data-element_type=\"widget\" data-widget_type=\"text-editor.default\">\n\t\t\t\t\t\t\t\t\t<p style=\"text-align: center;\">ISBN: 978-65-00-92406-0&nbsp;<span style=\"font-style: inherit; font-weight: inherit;\">Faculdade Boas Novas&nbsp;<\/span><\/p>\t\t\t\t\t\t\t\t<\/div>\n\t\t\t\t<\/div>\n\t\t\t\t<\/div>\n\t\t\t\t\t<\/div>\n\t\t\t\t<\/div>\n\t\t<div class=\"elementor-element elementor-element-568e362 e-flex e-con-boxed e-con e-parent\" data-id=\"568e362\" data-element_type=\"container\" data-settings=\"{&quot;background_background&quot;:&quot;classic&quot;,&quot;_ha_eqh_enable&quot;:false}\">\n\t\t\t\t\t<div class=\"e-con-inner\">\n\t\t<div class=\"elementor-element elementor-element-f7e807a e-con-full e-flex e-con e-child\" data-id=\"f7e807a\" data-element_type=\"container\" data-settings=\"{&quot;_ha_eqh_enable&quot;:false}\">\n\t\t\t\t<div class=\"elementor-element elementor-element-3dd71f7 elementor-widget elementor-widget-heading\" data-id=\"3dd71f7\" data-element_type=\"widget\" data-widget_type=\"heading.default\">\n\t\t\t\t\t<h2 class=\"elementor-heading-title elementor-size-default\">A Vanguarda do Pensamento Jur\u00eddico<\/h2>\t\t\t\t<\/div>\n\t\t\t\t<\/div>\n\t\t<div class=\"elementor-element elementor-element-8c12f37 e-con-full e-flex e-con e-child\" data-id=\"8c12f37\" data-element_type=\"container\" data-settings=\"{&quot;_ha_eqh_enable&quot;:false}\">\n\t\t\t\t<div class=\"elementor-element elementor-element-3a1a2b1 elementor-widget elementor-widget-text-editor\" data-id=\"3a1a2b1\" data-element_type=\"widget\" data-widget_type=\"text-editor.default\">\n\t\t\t\t\t\t\t\t\t<p style=\"text-align: center;\">A\u00a0<strong class=\"text-primary font-semibold\">Verum<\/strong>\u00a0nasce do compromisso inabal\u00e1vel da Faculdade Boas Novas com a justi\u00e7a, a \u00e9tica e a verdade. Mais do que uma simples compila\u00e7\u00e3o de artigos acad\u00e9micos, este caderno representa um espa\u00e7o vital onde a teoria jur\u00eddica mais rigorosa se encontra com as exig\u00eancias e transforma\u00e7\u00f5es da nossa sociedade contempor\u00e2nea.<\/p><p style=\"text-align: center;\">Nesta edi\u00e7\u00e3o inaugural, convidamos investigadores, acad\u00e9micos e profissionais do Direito a mergulharem em reflex\u00f5es profundas que desafiam o status quo. Explore an\u00e1lises incisivas sobre o direito de fam\u00edlia, o acesso \u00e0 justi\u00e7a e o impacto ineg\u00e1vel da inova\u00e7\u00e3o tecnol\u00f3gica na pr\u00e1xis notarial.<\/p>\t\t\t\t\t\t\t\t<\/div>\n\t\t<div class=\"elementor-element elementor-element-c54d190 e-con-full e-flex e-con e-child\" data-id=\"c54d190\" data-element_type=\"container\" data-settings=\"{&quot;_ha_eqh_enable&quot;:false}\">\n\t\t<div class=\"elementor-element elementor-element-498b531 e-con-full e-flex e-con e-child\" data-id=\"498b531\" data-element_type=\"container\" data-settings=\"{&quot;_ha_eqh_enable&quot;:false}\">\n\t\t\t\t<div class=\"elementor-element elementor-element-dc53ff5 elementor-align-center elementor-widget elementor-widget-button\" data-id=\"dc53ff5\" data-element_type=\"widget\" data-widget_type=\"button.default\">\n\t\t\t\t\t\t\t\t\t\t<a class=\"elementor-button elementor-button-link elementor-size-sm\" href=\"https:\/\/drive.google.com\/file\/d\/1wFRBANcpGQ9GXSpY-_dHuaowaf7n5Fg_\/view\">\n\t\t\t\t\t\t<span class=\"elementor-button-content-wrapper\">\n\t\t\t\t\t\t<span class=\"elementor-button-icon\">\n\t\t\t\t<svg aria-hidden=\"true\" class=\"e-font-icon-svg e-far-paper-plane\" viewBox=\"0 0 512 512\" xmlns=\"http:\/\/www.w3.org\/2000\/svg\"><path d=\"M440 6.5L24 246.4c-34.4 19.9-31.1 70.8 5.7 85.9L144 379.6V464c0 46.4 59.2 65.5 86.6 28.6l43.8-59.1 111.9 46.2c5.9 2.4 12.1 3.6 18.3 3.6 8.2 0 16.3-2.1 23.6-6.2 12.8-7.2 21.6-20 23.9-34.5l59.4-387.2c6.1-40.1-36.9-68.8-71.5-48.9zM192 464v-64.6l36.6 15.1L192 464zm212.6-28.7l-153.8-63.5L391 169.5c10.7-15.5-9.5-33.5-23.7-21.2L155.8 332.6 48 288 464 48l-59.4 387.3z\"><\/path><\/svg>\t\t\t<\/span>\n\t\t\t\t\t\t\t\t\t<span class=\"elementor-button-text\">Baixar Edi\u00e7\u00e3o Completa (PDF) <\/span>\n\t\t\t\t\t<\/span>\n\t\t\t\t\t<\/a>\n\t\t\t\t\t\t\t\t<\/div>\n\t\t\t\t<\/div>\n\t\t\t\t<\/div>\n\t\t\t\t<\/div>\n\t\t\t\t\t<\/div>\n\t\t\t\t<\/div>\n\t\t<div class=\"elementor-element elementor-element-2101586 e-flex e-con-boxed e-con e-parent\" data-id=\"2101586\" data-element_type=\"container\" data-settings=\"{&quot;_ha_eqh_enable&quot;:false}\">\n\t\t\t\t\t<div class=\"e-con-inner\">\n\t\t\t\t<div class=\"elementor-element elementor-element-33b4d96 elementor-widget elementor-widget-image\" data-id=\"33b4d96\" data-element_type=\"widget\" data-widget_type=\"image.default\">\n\t\t\t\t\t\t\t\t\t\t\t\t\t\t\t<img fetchpriority=\"high\" decoding=\"async\" width=\"477\" height=\"681\" src=\"https:\/\/fbnovas.edu.br\/site\/wp-content\/uploads\/2026\/04\/verum-2023.png\" class=\"attachment-large size-large wp-image-13949\" alt=\"\" srcset=\"https:\/\/fbnovas.edu.br\/site\/wp-content\/uploads\/2026\/04\/verum-2023.png 477w, https:\/\/fbnovas.edu.br\/site\/wp-content\/uploads\/2026\/04\/verum-2023-210x300.png 210w\" sizes=\"(max-width: 477px) 100vw, 477px\" \/>\t\t\t\t\t\t\t\t\t\t\t\t\t\t\t<\/div>\n\t\t\t\t\t<\/div>\n\t\t\t\t<\/div>\n\t\t\t\t<\/div>\n\t\t","protected":false},"excerpt":{"rendered":"<p>Revistas Cient\u00edficas | Direito VERUM A Verdade no Direito Contempor\u00e2neo ANO I N\u00ba 01 | 2023 ISBN: 978-65-00-92406-0&nbsp;Faculdade Boas Novas&nbsp; [&hellip;]<\/p>\n","protected":false},"author":1,"featured_media":0,"parent":0,"menu_order":0,"comment_status":"closed","ping_status":"closed","template":"","meta":{"site-sidebar-layout":"no-sidebar","site-content-layout":"","ast-site-content-layout":"full-width-container","site-content-style":"default","site-sidebar-style":"default","ast-global-header-display":"","ast-banner-title-visibility":"","ast-main-header-display":"","ast-hfb-above-header-display":"","ast-hfb-below-header-display":"","ast-hfb-mobile-header-display":"","site-post-title":"","ast-breadcrumbs-content":"","ast-featured-img":"disabled","footer-sml-layout":"","ast-disable-related-posts":"","theme-transparent-header-meta":"","adv-header-id-meta":"","stick-header-meta":"","header-above-stick-meta":"","header-main-stick-meta":"","header-below-stick-meta":"","astra-migrate-meta-layouts":"default","ast-page-background-enabled":"default","ast-page-background-meta":{"desktop":{"background-color":"var(--ast-global-color-5)","background-image":"","background-repeat":"repeat","background-position":"center center","background-size":"auto","background-attachment":"scroll","background-type":"","background-media":"","overlay-type":"","overlay-color":"","overlay-opacity":"","overlay-gradient":""},"tablet":{"background-color":"","background-image":"","background-repeat":"repeat","background-position":"center center","background-size":"auto","background-attachment":"scroll","background-type":"","background-media":"","overlay-type":"","overlay-color":"","overlay-opacity":"","overlay-gradient":""},"mobile":{"background-color":"","background-image":"","background-repeat":"repeat","background-position":"center center","background-size":"auto","background-attachment":"scroll","background-type":"","background-media":"","overlay-type":"","overlay-color":"","overlay-opacity":"","overlay-gradient":""}},"ast-content-background-meta":{"desktop":{"background-color":"var(--ast-global-color-4)","background-image":"","background-repeat":"repeat","background-position":"center center","background-size":"auto","background-attachment":"scroll","background-type":"","background-media":"","overlay-type":"","overlay-color":"","overlay-opacity":"","overlay-gradient":""},"tablet":{"background-color":"var(--ast-global-color-4)","background-image":"","background-repeat":"repeat","background-position":"center center","background-size":"auto","background-attachment":"scroll","background-type":"","background-media":"","overlay-type":"","overlay-color":"","overlay-opacity":"","overlay-gradient":""},"mobile":{"background-color":"var(--ast-global-color-4)","background-image":"","background-repeat":"repeat","background-position":"center center","background-size":"auto","background-attachment":"scroll","background-type":"","background-media":"","overlay-type":"","overlay-color":"","overlay-opacity":"","overlay-gradient":""}},"footnotes":""},"class_list":["post-13931","page","type-page","status-publish","hentry"],"yoast_head":"<!-- This site is optimized with the Yoast SEO plugin v27.0 - https:\/\/yoast.com\/product\/yoast-seo-wordpress\/ -->\n<title>Revista Verum 2023 - Faculdade Boas Novas<\/title>\n<meta name=\"robots\" content=\"index, follow, max-snippet:-1, max-image-preview:large, max-video-preview:-1\" \/>\n<link rel=\"canonical\" href=\"https:\/\/fbnovas.edu.br\/site\/revista-verum-2023\/\" \/>\n<meta property=\"og:locale\" content=\"pt_BR\" \/>\n<meta property=\"og:type\" content=\"article\" \/>\n<meta property=\"og:title\" content=\"Revista Verum 2023 - Faculdade Boas Novas\" \/>\n<meta property=\"og:description\" content=\"Revistas Cient\u00edficas | Direito VERUM A Verdade no Direito Contempor\u00e2neo ANO I N\u00ba 01 | 2023 ISBN: 978-65-00-92406-0&nbsp;Faculdade Boas Novas&nbsp; [&hellip;]\" \/>\n<meta property=\"og:url\" content=\"https:\/\/fbnovas.edu.br\/site\/revista-verum-2023\/\" \/>\n<meta property=\"og:site_name\" content=\"Faculdade Boas Novas\" \/>\n<meta property=\"article:modified_time\" content=\"2026-04-13T23:26:12+00:00\" \/>\n<meta property=\"og:image\" content=\"https:\/\/fbnovas.edu.br\/site\/wp-content\/uploads\/2026\/04\/verum-2023.png\" \/>\n\t<meta property=\"og:image:width\" content=\"477\" \/>\n\t<meta property=\"og:image:height\" content=\"681\" \/>\n\t<meta property=\"og:image:type\" content=\"image\/png\" \/>\n<meta name=\"twitter:card\" content=\"summary_large_image\" \/>\n<meta name=\"twitter:label1\" content=\"Est. tempo de leitura\" \/>\n\t<meta name=\"twitter:data1\" content=\"1 minuto\" \/>\n<script type=\"application\/ld+json\" class=\"yoast-schema-graph\">{\"@context\":\"https:\/\/schema.org\",\"@graph\":[{\"@type\":\"WebPage\",\"@id\":\"https:\/\/fbnovas.edu.br\/site\/revista-verum-2023\/\",\"url\":\"https:\/\/fbnovas.edu.br\/site\/revista-verum-2023\/\",\"name\":\"Revista Verum 2023 - Faculdade Boas Novas\",\"isPartOf\":{\"@id\":\"https:\/\/fbnovas.edu.br\/site\/#website\"},\"primaryImageOfPage\":{\"@id\":\"https:\/\/fbnovas.edu.br\/site\/revista-verum-2023\/#primaryimage\"},\"image\":{\"@id\":\"https:\/\/fbnovas.edu.br\/site\/revista-verum-2023\/#primaryimage\"},\"thumbnailUrl\":\"https:\/\/fbnovas.edu.br\/site\/wp-content\/uploads\/2026\/04\/verum-2023.png\",\"datePublished\":\"2026-04-13T15:46:51+00:00\",\"dateModified\":\"2026-04-13T23:26:12+00:00\",\"breadcrumb\":{\"@id\":\"https:\/\/fbnovas.edu.br\/site\/revista-verum-2023\/#breadcrumb\"},\"inLanguage\":\"pt-BR\",\"potentialAction\":[{\"@type\":\"ReadAction\",\"target\":[\"https:\/\/fbnovas.edu.br\/site\/revista-verum-2023\/\"]}]},{\"@type\":\"ImageObject\",\"inLanguage\":\"pt-BR\",\"@id\":\"https:\/\/fbnovas.edu.br\/site\/revista-verum-2023\/#primaryimage\",\"url\":\"https:\/\/fbnovas.edu.br\/site\/wp-content\/uploads\/2026\/04\/verum-2023.png\",\"contentUrl\":\"https:\/\/fbnovas.edu.br\/site\/wp-content\/uploads\/2026\/04\/verum-2023.png\",\"width\":477,\"height\":681},{\"@type\":\"BreadcrumbList\",\"@id\":\"https:\/\/fbnovas.edu.br\/site\/revista-verum-2023\/#breadcrumb\",\"itemListElement\":[{\"@type\":\"ListItem\",\"position\":1,\"name\":\"In\u00edcio\",\"item\":\"https:\/\/fbnovas.edu.br\/site\/\"},{\"@type\":\"ListItem\",\"position\":2,\"name\":\"Revista Verum 2023\"}]},{\"@type\":\"WebSite\",\"@id\":\"https:\/\/fbnovas.edu.br\/site\/#website\",\"url\":\"https:\/\/fbnovas.edu.br\/site\/\",\"name\":\"Faculdade Boas Novas\",\"description\":\"Matricula 2025\/2\",\"potentialAction\":[{\"@type\":\"SearchAction\",\"target\":{\"@type\":\"EntryPoint\",\"urlTemplate\":\"https:\/\/fbnovas.edu.br\/site\/?s={search_term_string}\"},\"query-input\":{\"@type\":\"PropertyValueSpecification\",\"valueRequired\":true,\"valueName\":\"search_term_string\"}}],\"inLanguage\":\"pt-BR\"}]}<\/script>\n<!-- \/ Yoast SEO plugin. -->","yoast_head_json":{"title":"Revista Verum 2023 - Faculdade Boas Novas","robots":{"index":"index","follow":"follow","max-snippet":"max-snippet:-1","max-image-preview":"max-image-preview:large","max-video-preview":"max-video-preview:-1"},"canonical":"https:\/\/fbnovas.edu.br\/site\/revista-verum-2023\/","og_locale":"pt_BR","og_type":"article","og_title":"Revista Verum 2023 - Faculdade Boas Novas","og_description":"Revistas Cient\u00edficas | Direito VERUM A Verdade no Direito Contempor\u00e2neo ANO I N\u00ba 01 | 2023 ISBN: 978-65-00-92406-0&nbsp;Faculdade Boas Novas&nbsp; [&hellip;]","og_url":"https:\/\/fbnovas.edu.br\/site\/revista-verum-2023\/","og_site_name":"Faculdade Boas Novas","article_modified_time":"2026-04-13T23:26:12+00:00","og_image":[{"width":477,"height":681,"url":"https:\/\/fbnovas.edu.br\/site\/wp-content\/uploads\/2026\/04\/verum-2023.png","type":"image\/png"}],"twitter_card":"summary_large_image","twitter_misc":{"Est. tempo de leitura":"1 minuto"},"schema":{"@context":"https:\/\/schema.org","@graph":[{"@type":"WebPage","@id":"https:\/\/fbnovas.edu.br\/site\/revista-verum-2023\/","url":"https:\/\/fbnovas.edu.br\/site\/revista-verum-2023\/","name":"Revista Verum 2023 - Faculdade Boas Novas","isPartOf":{"@id":"https:\/\/fbnovas.edu.br\/site\/#website"},"primaryImageOfPage":{"@id":"https:\/\/fbnovas.edu.br\/site\/revista-verum-2023\/#primaryimage"},"image":{"@id":"https:\/\/fbnovas.edu.br\/site\/revista-verum-2023\/#primaryimage"},"thumbnailUrl":"https:\/\/fbnovas.edu.br\/site\/wp-content\/uploads\/2026\/04\/verum-2023.png","datePublished":"2026-04-13T15:46:51+00:00","dateModified":"2026-04-13T23:26:12+00:00","breadcrumb":{"@id":"https:\/\/fbnovas.edu.br\/site\/revista-verum-2023\/#breadcrumb"},"inLanguage":"pt-BR","potentialAction":[{"@type":"ReadAction","target":["https:\/\/fbnovas.edu.br\/site\/revista-verum-2023\/"]}]},{"@type":"ImageObject","inLanguage":"pt-BR","@id":"https:\/\/fbnovas.edu.br\/site\/revista-verum-2023\/#primaryimage","url":"https:\/\/fbnovas.edu.br\/site\/wp-content\/uploads\/2026\/04\/verum-2023.png","contentUrl":"https:\/\/fbnovas.edu.br\/site\/wp-content\/uploads\/2026\/04\/verum-2023.png","width":477,"height":681},{"@type":"BreadcrumbList","@id":"https:\/\/fbnovas.edu.br\/site\/revista-verum-2023\/#breadcrumb","itemListElement":[{"@type":"ListItem","position":1,"name":"In\u00edcio","item":"https:\/\/fbnovas.edu.br\/site\/"},{"@type":"ListItem","position":2,"name":"Revista Verum 2023"}]},{"@type":"WebSite","@id":"https:\/\/fbnovas.edu.br\/site\/#website","url":"https:\/\/fbnovas.edu.br\/site\/","name":"Faculdade Boas Novas","description":"Matricula 2025\/2","potentialAction":[{"@type":"SearchAction","target":{"@type":"EntryPoint","urlTemplate":"https:\/\/fbnovas.edu.br\/site\/?s={search_term_string}"},"query-input":{"@type":"PropertyValueSpecification","valueRequired":true,"valueName":"search_term_string"}}],"inLanguage":"pt-BR"}]}},"jetpack_sharing_enabled":true,"_links":{"self":[{"href":"https:\/\/fbnovas.edu.br\/site\/wp-json\/wp\/v2\/pages\/13931","targetHints":{"allow":["GET"]}}],"collection":[{"href":"https:\/\/fbnovas.edu.br\/site\/wp-json\/wp\/v2\/pages"}],"about":[{"href":"https:\/\/fbnovas.edu.br\/site\/wp-json\/wp\/v2\/types\/page"}],"author":[{"embeddable":true,"href":"https:\/\/fbnovas.edu.br\/site\/wp-json\/wp\/v2\/users\/1"}],"replies":[{"embeddable":true,"href":"https:\/\/fbnovas.edu.br\/site\/wp-json\/wp\/v2\/comments?post=13931"}],"version-history":[{"count":10,"href":"https:\/\/fbnovas.edu.br\/site\/wp-json\/wp\/v2\/pages\/13931\/revisions"}],"predecessor-version":[{"id":13958,"href":"https:\/\/fbnovas.edu.br\/site\/wp-json\/wp\/v2\/pages\/13931\/revisions\/13958"}],"wp:attachment":[{"href":"https:\/\/fbnovas.edu.br\/site\/wp-json\/wp\/v2\/media?parent=13931"}],"curies":[{"name":"wp","href":"https:\/\/api.w.org\/{rel}","templated":true}]}}