{"id":3573,"date":"2021-09-05T07:59:34","date_gmt":"2021-09-05T11:59:34","guid":{"rendered":"https:\/\/inscricao.fbnovas.edu.br\/?page_id=3573"},"modified":"2021-09-05T07:59:34","modified_gmt":"2021-09-05T11:59:34","slug":"nossa-historia","status":"publish","type":"page","link":"https:\/\/fbnovas.edu.br\/site\/institucional\/nossa-historia\/","title":{"rendered":"Nossa Hist\u00f3ria"},"content":{"rendered":"\t\t<div data-elementor-type=\"wp-page\" data-elementor-id=\"3573\" class=\"elementor elementor-3573\" data-elementor-settings=\"{&quot;ha_cmc_init_switcher&quot;:&quot;no&quot;}\" data-elementor-post-type=\"page\">\n\t\t\t\t\t\t<section class=\"elementor-section elementor-top-section elementor-element elementor-element-7dc3aa42 elementor-section-full_width elementor-section-height-default elementor-section-height-default\" data-id=\"7dc3aa42\" data-element_type=\"section\" data-settings=\"{&quot;background_background&quot;:&quot;classic&quot;,&quot;_ha_eqh_enable&quot;:false}\">\n\t\t\t\t\t\t\t<div class=\"elementor-background-overlay\"><\/div>\n\t\t\t\t\t\t\t<div class=\"elementor-container elementor-column-gap-default\">\n\t\t\t\t\t<div class=\"elementor-column elementor-col-100 elementor-top-column elementor-element elementor-element-1c1d64d9\" data-id=\"1c1d64d9\" data-element_type=\"column\">\n\t\t\t<div class=\"elementor-widget-wrap elementor-element-populated\">\n\t\t\t\t\t\t<section class=\"elementor-section elementor-inner-section elementor-element elementor-element-38ecd312 elementor-section-boxed elementor-section-height-default elementor-section-height-default\" data-id=\"38ecd312\" data-element_type=\"section\" data-settings=\"{&quot;_ha_eqh_enable&quot;:false}\">\n\t\t\t\t\t\t<div class=\"elementor-container elementor-column-gap-default\">\n\t\t\t\t\t<div class=\"elementor-column elementor-col-50 elementor-inner-column elementor-element elementor-element-43f20c6c\" data-id=\"43f20c6c\" data-element_type=\"column\">\n\t\t\t<div class=\"elementor-widget-wrap elementor-element-populated\">\n\t\t\t\t\t\t<div class=\"elementor-element elementor-element-773ec8ac elementor-align-left elementor-widget elementor-widget-breadcrumbs\" data-id=\"773ec8ac\" data-element_type=\"widget\" data-widget_type=\"breadcrumbs.default\">\n\t\t\t\t\t<p id=\"breadcrumbs\"><span><span><a href=\"https:\/\/fbnovas.edu.br\/site\/\">In\u00edcio<\/a><\/span><\/span><\/p>\t\t\t\t<\/div>\n\t\t\t\t\t<\/div>\n\t\t<\/div>\n\t\t\t\t<div class=\"elementor-column elementor-col-50 elementor-inner-column elementor-element elementor-element-3f726ba2 elementor-hidden-tablet elementor-hidden-phone\" data-id=\"3f726ba2\" data-element_type=\"column\">\n\t\t\t<div class=\"elementor-widget-wrap\">\n\t\t\t\t\t\t\t<\/div>\n\t\t<\/div>\n\t\t\t\t\t<\/div>\n\t\t<\/section>\n\t\t\t\t<section class=\"elementor-section elementor-inner-section elementor-element elementor-element-41dcd0a4 elementor-section-boxed elementor-section-height-default elementor-section-height-default\" data-id=\"41dcd0a4\" data-element_type=\"section\" data-settings=\"{&quot;_ha_eqh_enable&quot;:false}\">\n\t\t\t\t\t\t<div class=\"elementor-container elementor-column-gap-default\">\n\t\t\t\t\t<div class=\"elementor-column elementor-col-50 elementor-inner-column elementor-element elementor-element-2b6c1f30\" data-id=\"2b6c1f30\" data-element_type=\"column\">\n\t\t\t<div class=\"elementor-widget-wrap elementor-element-populated\">\n\t\t\t\t\t\t<div class=\"elementor-element elementor-element-588f1e80 elementor-widget elementor-widget-heading\" data-id=\"588f1e80\" data-element_type=\"widget\" data-widget_type=\"heading.default\">\n\t\t\t\t\t<h4 class=\"elementor-heading-title elementor-size-default\">Conhe\u00e7a<\/h4>\t\t\t\t<\/div>\n\t\t\t\t<div class=\"elementor-element elementor-element-34ba6a0b elementor-widget elementor-widget-heading\" data-id=\"34ba6a0b\" data-element_type=\"widget\" data-widget_type=\"heading.default\">\n\t\t\t\t\t<h4 class=\"elementor-heading-title elementor-size-default\">Onde o conhecimento traz liberdade<\/h4>\t\t\t\t<\/div>\n\t\t\t\t\t<\/div>\n\t\t<\/div>\n\t\t\t\t<div class=\"elementor-column elementor-col-50 elementor-inner-column elementor-element elementor-element-3fc3f1f7\" data-id=\"3fc3f1f7\" data-element_type=\"column\">\n\t\t\t<div class=\"elementor-widget-wrap\">\n\t\t\t\t\t\t\t<\/div>\n\t\t<\/div>\n\t\t\t\t\t<\/div>\n\t\t<\/section>\n\t\t\t\t\t<\/div>\n\t\t<\/div>\n\t\t\t\t\t<\/div>\n\t\t<\/section>\n\t\t\t\t<section class=\"elementor-section elementor-top-section elementor-element elementor-element-af58df3 elementor-section-boxed elementor-section-height-default elementor-section-height-default\" data-id=\"af58df3\" data-element_type=\"section\" data-settings=\"{&quot;_ha_eqh_enable&quot;:false}\">\n\t\t\t\t\t\t<div class=\"elementor-container elementor-column-gap-default\">\n\t\t\t\t\t<div class=\"elementor-column elementor-col-100 elementor-top-column elementor-element elementor-element-dfc8e14\" data-id=\"dfc8e14\" data-element_type=\"column\">\n\t\t\t<div class=\"elementor-widget-wrap elementor-element-populated\">\n\t\t\t\t\t\t<section class=\"elementor-section elementor-inner-section elementor-element elementor-element-ebaec73 elementor-section-boxed elementor-section-height-default elementor-section-height-default\" data-id=\"ebaec73\" data-element_type=\"section\" data-settings=\"{&quot;_ha_eqh_enable&quot;:false}\">\n\t\t\t\t\t\t<div class=\"elementor-container elementor-column-gap-default\">\n\t\t\t\t\t<div class=\"elementor-column elementor-col-100 elementor-inner-column elementor-element elementor-element-5767eb7\" data-id=\"5767eb7\" data-element_type=\"column\">\n\t\t\t<div class=\"elementor-widget-wrap elementor-element-populated\">\n\t\t\t\t\t\t<div class=\"elementor-element elementor-element-a492044 elementor-widget elementor-widget-image\" data-id=\"a492044\" data-element_type=\"widget\" data-widget_type=\"image.default\">\n\t\t\t\t\t\t\t\t\t\t\t\t\t\t\t<img fetchpriority=\"high\" decoding=\"async\" width=\"768\" height=\"431\" src=\"https:\/\/fbnovas.edu.br\/site\/wp-content\/uploads\/2021\/09\/frente-da-faculdade-Boas-Novas-768x431-1.jpg\" class=\"attachment-large size-large wp-image-3668\" alt=\"\" srcset=\"https:\/\/fbnovas.edu.br\/site\/wp-content\/uploads\/2021\/09\/frente-da-faculdade-Boas-Novas-768x431-1.jpg 768w, https:\/\/fbnovas.edu.br\/site\/wp-content\/uploads\/2021\/09\/frente-da-faculdade-Boas-Novas-768x431-1-300x168.jpg 300w\" sizes=\"(max-width: 768px) 100vw, 768px\" \/>\t\t\t\t\t\t\t\t\t\t\t\t\t\t\t<\/div>\n\t\t\t\t<div class=\"elementor-element elementor-element-7de1d5f elementor-widget elementor-widget-text-editor\" data-id=\"7de1d5f\" data-element_type=\"widget\" data-widget_type=\"text-editor.default\">\n\t\t\t\t\t\t\t\t\t<p>A Faculdade Boas Novas de Ci\u00eancias Teol\u00f3gicas, Sociais e Biotecnol\u00f3gicas-FBN \u00e9 mantida pelo Instituto B\u00edblico da Assembleia de Deus no Amazonas- IBADAM, as duas institui\u00e7\u00f5es s\u00e3o abarcadas pela centen\u00e1ria Igreja Evang\u00e9lica Assembleia de Deus no Amazonas \u2013 IEADAM.<\/p><p>O IBADAM, fundado em 1979, ao longo do tempo, j\u00e1 formou em seu curso Livre de Teologia mais de 2.000 alunos, inspirando assim a cria\u00e7\u00e3o de uma institui\u00e7\u00e3o de ensino superior que pudesse receber toda esta demanda existente no estado do Amazonas, assim surge a Faculdade Boas Novas, credenciada inicialmente para a oferta do curso de Ci\u00eancias Teol\u00f3gicas, marcando assim o compromisso da Institui\u00e7\u00e3o com o ensino teol\u00f3gico no Amazonas, no Brasil e no Mundo, vindo a ser o primeiro curso na \u00e1rea teol\u00f3gica reconhecido na Regi\u00e3o Norte.<\/p><p>Em seu processo de expans\u00e3o autorizou na sequ\u00eancia os cursos de Jornalismo, Rela\u00e7\u00f5es P\u00fablicas, Publicidade e Propaganda, Administra\u00e7\u00e3o, Pedagogia e mais atualmente Direito, Ci\u00eancias da Religi\u00e3o, Psicologia e Ci\u00eancias Teol\u00f3gicas na modalidade a dist\u00e2ncia.<\/p><p>A FBN \u00e9 uma Institui\u00e7\u00e3o de Ensino Superior que visa proporcionar forma\u00e7\u00e3o cient\u00edfica, t\u00e9cnica, biotecnol\u00f3gica, pedag\u00f3gica, filos\u00f3fica e teol\u00f3gica nas \u00e1reas de gradua\u00e7\u00e3o e de p\u00f3s-gradua\u00e7\u00e3o (lato sensu), com base cultural, \u00e9tica, espiritual, social e profissional a partir de processos legais, obedecendo todos os princ\u00edpios e marcos regulat\u00f3rios previsto para o ensino superior.<\/p><p>A Institui\u00e7\u00e3o intenciona ampliar a oferta dos seus cursos para a regi\u00e3o metropolitana da cidade de Manaus, para os demais munic\u00edpios do estado do Amazonas, para outros estados da federa\u00e7\u00e3o e at\u00e9 mesmo para outros pa\u00edses, atrav\u00e9s de um crescimento planejado e comprometido com a qualidade dos processos de ensino e aprendizagem.<\/p><p>Enfim, a FBN \u00e9 o lugar onde o conhecimento traz liberdade.<\/p>\t\t\t\t\t\t\t\t<\/div>\n\t\t\t\t\t<\/div>\n\t\t<\/div>\n\t\t\t\t\t<\/div>\n\t\t<\/section>\n\t\t\t\t\t<\/div>\n\t\t<\/div>\n\t\t\t\t\t<\/div>\n\t\t<\/section>\n\t\t\t\t<section class=\"elementor-section elementor-top-section elementor-element elementor-element-d41fa5c elementor-section-full_width elementor-section-height-default elementor-section-height-default\" data-id=\"d41fa5c\" data-element_type=\"section\" data-settings=\"{&quot;background_background&quot;:&quot;classic&quot;,&quot;_ha_eqh_enable&quot;:false}\">\n\t\t\t\t\t\t\t<div class=\"elementor-background-overlay\"><\/div>\n\t\t\t\t\t\t\t<div class=\"elementor-container elementor-column-gap-default\">\n\t\t\t\t\t<div class=\"elementor-column elementor-col-100 elementor-top-column elementor-element elementor-element-cbcab1b\" data-id=\"cbcab1b\" data-element_type=\"column\">\n\t\t\t<div class=\"elementor-widget-wrap elementor-element-populated\">\n\t\t\t\t\t\t<section class=\"elementor-section elementor-inner-section elementor-element elementor-element-626c22f elementor-section-boxed elementor-section-height-default elementor-section-height-default\" data-id=\"626c22f\" data-element_type=\"section\" data-settings=\"{&quot;_ha_eqh_enable&quot;:false}\">\n\t\t\t\t\t\t<div class=\"elementor-container elementor-column-gap-default\">\n\t\t\t\t\t<div class=\"elementor-column elementor-col-33 elementor-inner-column elementor-element elementor-element-9140a27\" data-id=\"9140a27\" data-element_type=\"column\">\n\t\t\t<div class=\"elementor-widget-wrap elementor-element-populated\">\n\t\t\t\t\t\t<div class=\"elementor-element elementor-element-0accbff elementor-hidden-tablet elementor-hidden-mobile elementor-widget elementor-widget-image\" data-id=\"0accbff\" data-element_type=\"widget\" data-widget_type=\"image.default\">\n\t\t\t\t\t\t\t\t\t\t\t\t\t\t\t<img decoding=\"async\" width=\"533\" height=\"460\" src=\"https:\/\/fbnovas.edu.br\/site\/wp-content\/uploads\/2021\/08\/estudante_academia_02_1.png\" class=\"attachment-2048x2048 size-2048x2048 wp-image-903\" alt=\"\" srcset=\"https:\/\/fbnovas.edu.br\/site\/wp-content\/uploads\/2021\/08\/estudante_academia_02_1.png 533w, https:\/\/fbnovas.edu.br\/site\/wp-content\/uploads\/2021\/08\/estudante_academia_02_1-300x259.png 300w\" sizes=\"(max-width: 533px) 100vw, 533px\" \/>\t\t\t\t\t\t\t\t\t\t\t\t\t\t\t<\/div>\n\t\t\t\t\t<\/div>\n\t\t<\/div>\n\t\t\t\t<div class=\"elementor-column elementor-col-33 elementor-inner-column elementor-element elementor-element-0ece752\" data-id=\"0ece752\" data-element_type=\"column\">\n\t\t\t<div class=\"elementor-widget-wrap elementor-element-populated\">\n\t\t\t\t\t\t<div class=\"elementor-element elementor-element-9aa5133 elementor-widget elementor-widget-heading\" data-id=\"9aa5133\" data-element_type=\"widget\" data-widget_type=\"heading.default\">\n\t\t\t\t\t<h1 class=\"elementor-heading-title elementor-size-default\">Est\u00e1 pronto para estudar conosco?<\/h1>\t\t\t\t<\/div>\n\t\t\t\t<div class=\"elementor-element elementor-element-7e3531d elementor-align-center elementor-widget elementor-widget-button\" data-id=\"7e3531d\" data-element_type=\"widget\" data-widget_type=\"button.default\">\n\t\t\t\t\t\t\t\t\t\t<a class=\"elementor-button elementor-button-link elementor-size-sm\" href=\"https:\/\/linktr.ee\/fbnovas\">\n\t\t\t\t\t\t<span class=\"elementor-button-content-wrapper\">\n\t\t\t\t\t\t<span class=\"elementor-button-icon\">\n\t\t\t\t<svg aria-hidden=\"true\" class=\"e-font-icon-svg e-fas-chevron-right\" viewBox=\"0 0 320 512\" xmlns=\"http:\/\/www.w3.org\/2000\/svg\"><path d=\"M285.476 272.971L91.132 467.314c-9.373 9.373-24.569 9.373-33.941 0l-22.667-22.667c-9.357-9.357-9.375-24.522-.04-33.901L188.505 256 34.484 101.255c-9.335-9.379-9.317-24.544.04-33.901l22.667-22.667c9.373-9.373 24.569-9.373 33.941 0L285.475 239.03c9.373 9.372 9.373 24.568.001 33.941z\"><\/path><\/svg>\t\t\t<\/span>\n\t\t\t\t\t\t\t\t\t<span class=\"elementor-button-text\">INSCREVA-SE AGORA<\/span>\n\t\t\t\t\t<\/span>\n\t\t\t\t\t<\/a>\n\t\t\t\t\t\t\t\t<\/div>\n\t\t\t\t\t<\/div>\n\t\t<\/div>\n\t\t\t\t<div class=\"elementor-column elementor-col-33 elementor-inner-column elementor-element elementor-element-77691f2 elementor-hidden-tablet elementor-hidden-mobile\" data-id=\"77691f2\" data-element_type=\"column\">\n\t\t\t<div class=\"elementor-widget-wrap\">\n\t\t\t\t\t\t\t<\/div>\n\t\t<\/div>\n\t\t\t\t\t<\/div>\n\t\t<\/section>\n\t\t\t\t\t<\/div>\n\t\t<\/div>\n\t\t\t\t\t<\/div>\n\t\t<\/section>\n\t\t\t\t<\/div>\n\t\t","protected":false},"excerpt":{"rendered":"<p>Conhe\u00e7a Onde o conhecimento traz liberdade A Faculdade Boas Novas de Ci\u00eancias Teol\u00f3gicas, Sociais e Biotecnol\u00f3gicas-FBN \u00e9 mantida pelo Instituto [&hellip;]<\/p>\n","protected":false},"author":1,"featured_media":0,"parent":3571,"menu_order":0,"comment_status":"closed","ping_status":"closed","template":"","meta":{"site-sidebar-layout":"no-sidebar","site-content-layout":"page-builder","ast-site-content-layout":"default","site-content-style":"default","site-sidebar-style":"default","ast-global-header-display":"","ast-banner-title-visibility":"","ast-main-header-display":"","ast-hfb-above-header-display":"","ast-hfb-below-header-display":"","ast-hfb-mobile-header-display":"","site-post-title":"disabled","ast-breadcrumbs-content":"","ast-featured-img":"disabled","footer-sml-layout":"","ast-disable-related-posts":"","theme-transparent-header-meta":"default","adv-header-id-meta":"","stick-header-meta":"","header-above-stick-meta":"","header-main-stick-meta":"","header-below-stick-meta":"","astra-migrate-meta-layouts":"default","ast-page-background-enabled":"default","ast-page-background-meta":{"desktop":{"background-color":"var(--ast-global-color-5)","background-image":"","background-repeat":"repeat","background-position":"center center","background-size":"auto","background-attachment":"scroll","background-type":"","background-media":"","overlay-type":"","overlay-color":"","overlay-opacity":"","overlay-gradient":""},"tablet":{"background-color":"","background-image":"","background-repeat":"repeat","background-position":"center center","background-size":"auto","background-attachment":"scroll","background-type":"","background-media":"","overlay-type":"","overlay-color":"","overlay-opacity":"","overlay-gradient":""},"mobile":{"background-color":"","background-image":"","background-repeat":"repeat","background-position":"center center","background-size":"auto","background-attachment":"scroll","background-type":"","background-media":"","overlay-type":"","overlay-color":"","overlay-opacity":"","overlay-gradient":""}},"ast-content-background-meta":{"desktop":{"background-color":"var(--ast-global-color-4)","background-image":"","background-repeat":"repeat","background-position":"center center","background-size":"auto","background-attachment":"scroll","background-type":"","background-media":"","overlay-type":"","overlay-color":"","overlay-opacity":"","overlay-gradient":""},"tablet":{"background-color":"var(--ast-global-color-4)","background-image":"","background-repeat":"repeat","background-position":"center center","background-size":"auto","background-attachment":"scroll","background-type":"","background-media":"","overlay-type":"","overlay-color":"","overlay-opacity":"","overlay-gradient":""},"mobile":{"background-color":"var(--ast-global-color-4)","background-image":"","background-repeat":"repeat","background-position":"center center","background-size":"auto","background-attachment":"scroll","background-type":"","background-media":"","overlay-type":"","overlay-color":"","overlay-opacity":"","overlay-gradient":""}},"footnotes":""},"class_list":["post-3573","page","type-page","status-publish","hentry"],"yoast_head":"<!-- This site is optimized with the Yoast SEO plugin v27.0 - https:\/\/yoast.com\/product\/yoast-seo-wordpress\/ -->\n<title>Nossa Hist\u00f3ria - Faculdade Boas Novas<\/title>\n<meta name=\"robots\" content=\"index, follow, max-snippet:-1, max-image-preview:large, max-video-preview:-1\" \/>\n<link rel=\"canonical\" href=\"https:\/\/fbnovas.edu.br\/site\/institucional\/nossa-historia\/\" \/>\n<meta property=\"og:locale\" content=\"pt_BR\" \/>\n<meta property=\"og:type\" content=\"article\" \/>\n<meta property=\"og:title\" content=\"Nossa Hist\u00f3ria - Faculdade Boas Novas\" \/>\n<meta property=\"og:description\" content=\"Conhe\u00e7a Onde o conhecimento traz liberdade A Faculdade Boas Novas de Ci\u00eancias Teol\u00f3gicas, Sociais e Biotecnol\u00f3gicas-FBN \u00e9 mantida pelo Instituto [&hellip;]\" \/>\n<meta property=\"og:url\" content=\"https:\/\/fbnovas.edu.br\/site\/institucional\/nossa-historia\/\" \/>\n<meta property=\"og:site_name\" content=\"Faculdade Boas Novas\" \/>\n<meta property=\"og:image\" content=\"http:\/\/3.86.64.9.nip.io\/wp-content\/uploads\/2021\/09\/frente-da-faculdade-Boas-Novas-768x431-1.jpg\" \/>\n<meta name=\"twitter:card\" content=\"summary_large_image\" \/>\n<meta name=\"twitter:label1\" content=\"Est. tempo de leitura\" \/>\n\t<meta name=\"twitter:data1\" content=\"2 minutos\" \/>\n<script type=\"application\/ld+json\" class=\"yoast-schema-graph\">{\"@context\":\"https:\/\/schema.org\",\"@graph\":[{\"@type\":\"WebPage\",\"@id\":\"https:\/\/fbnovas.edu.br\/site\/institucional\/nossa-historia\/\",\"url\":\"https:\/\/fbnovas.edu.br\/site\/institucional\/nossa-historia\/\",\"name\":\"Nossa Hist\u00f3ria - Faculdade Boas Novas\",\"isPartOf\":{\"@id\":\"https:\/\/fbnovas.edu.br\/site\/#website\"},\"primaryImageOfPage\":{\"@id\":\"https:\/\/fbnovas.edu.br\/site\/institucional\/nossa-historia\/#primaryimage\"},\"image\":{\"@id\":\"https:\/\/fbnovas.edu.br\/site\/institucional\/nossa-historia\/#primaryimage\"},\"thumbnailUrl\":\"http:\/\/3.86.64.9.nip.io\/wp-content\/uploads\/2021\/09\/frente-da-faculdade-Boas-Novas-768x431-1.jpg\",\"datePublished\":\"2021-09-05T11:59:34+00:00\",\"breadcrumb\":{\"@id\":\"https:\/\/fbnovas.edu.br\/site\/institucional\/nossa-historia\/#breadcrumb\"},\"inLanguage\":\"pt-BR\",\"potentialAction\":[{\"@type\":\"ReadAction\",\"target\":[\"https:\/\/fbnovas.edu.br\/site\/institucional\/nossa-historia\/\"]}]},{\"@type\":\"ImageObject\",\"inLanguage\":\"pt-BR\",\"@id\":\"https:\/\/fbnovas.edu.br\/site\/institucional\/nossa-historia\/#primaryimage\",\"url\":\"http:\/\/3.86.64.9.nip.io\/wp-content\/uploads\/2021\/09\/frente-da-faculdade-Boas-Novas-768x431-1.jpg\",\"contentUrl\":\"http:\/\/3.86.64.9.nip.io\/wp-content\/uploads\/2021\/09\/frente-da-faculdade-Boas-Novas-768x431-1.jpg\"},{\"@type\":\"BreadcrumbList\",\"@id\":\"https:\/\/fbnovas.edu.br\/site\/institucional\/nossa-historia\/#breadcrumb\",\"itemListElement\":[{\"@type\":\"ListItem\",\"position\":1,\"name\":\"In\u00edcio\",\"item\":\"https:\/\/fbnovas.edu.br\/site\/\"},{\"@type\":\"ListItem\",\"position\":2,\"name\":\"Institucional\",\"item\":\"https:\/\/fbnovas.edu.br\/site\/institucional\/\"},{\"@type\":\"ListItem\",\"position\":3,\"name\":\"Nossa Hist\u00f3ria\"}]},{\"@type\":\"WebSite\",\"@id\":\"https:\/\/fbnovas.edu.br\/site\/#website\",\"url\":\"https:\/\/fbnovas.edu.br\/site\/\",\"name\":\"Faculdade Boas Novas\",\"description\":\"Matricula 2025\/2\",\"potentialAction\":[{\"@type\":\"SearchAction\",\"target\":{\"@type\":\"EntryPoint\",\"urlTemplate\":\"https:\/\/fbnovas.edu.br\/site\/?s={search_term_string}\"},\"query-input\":{\"@type\":\"PropertyValueSpecification\",\"valueRequired\":true,\"valueName\":\"search_term_string\"}}],\"inLanguage\":\"pt-BR\"}]}<\/script>\n<!-- \/ Yoast SEO plugin. -->","yoast_head_json":{"title":"Nossa Hist\u00f3ria - Faculdade Boas Novas","robots":{"index":"index","follow":"follow","max-snippet":"max-snippet:-1","max-image-preview":"max-image-preview:large","max-video-preview":"max-video-preview:-1"},"canonical":"https:\/\/fbnovas.edu.br\/site\/institucional\/nossa-historia\/","og_locale":"pt_BR","og_type":"article","og_title":"Nossa Hist\u00f3ria - Faculdade Boas Novas","og_description":"Conhe\u00e7a Onde o conhecimento traz liberdade A Faculdade Boas Novas de Ci\u00eancias Teol\u00f3gicas, Sociais e Biotecnol\u00f3gicas-FBN \u00e9 mantida pelo Instituto [&hellip;]","og_url":"https:\/\/fbnovas.edu.br\/site\/institucional\/nossa-historia\/","og_site_name":"Faculdade Boas Novas","og_image":[{"url":"http:\/\/3.86.64.9.nip.io\/wp-content\/uploads\/2021\/09\/frente-da-faculdade-Boas-Novas-768x431-1.jpg","type":"","width":"","height":""}],"twitter_card":"summary_large_image","twitter_misc":{"Est. tempo de leitura":"2 minutos"},"schema":{"@context":"https:\/\/schema.org","@graph":[{"@type":"WebPage","@id":"https:\/\/fbnovas.edu.br\/site\/institucional\/nossa-historia\/","url":"https:\/\/fbnovas.edu.br\/site\/institucional\/nossa-historia\/","name":"Nossa Hist\u00f3ria - Faculdade Boas Novas","isPartOf":{"@id":"https:\/\/fbnovas.edu.br\/site\/#website"},"primaryImageOfPage":{"@id":"https:\/\/fbnovas.edu.br\/site\/institucional\/nossa-historia\/#primaryimage"},"image":{"@id":"https:\/\/fbnovas.edu.br\/site\/institucional\/nossa-historia\/#primaryimage"},"thumbnailUrl":"http:\/\/3.86.64.9.nip.io\/wp-content\/uploads\/2021\/09\/frente-da-faculdade-Boas-Novas-768x431-1.jpg","datePublished":"2021-09-05T11:59:34+00:00","breadcrumb":{"@id":"https:\/\/fbnovas.edu.br\/site\/institucional\/nossa-historia\/#breadcrumb"},"inLanguage":"pt-BR","potentialAction":[{"@type":"ReadAction","target":["https:\/\/fbnovas.edu.br\/site\/institucional\/nossa-historia\/"]}]},{"@type":"ImageObject","inLanguage":"pt-BR","@id":"https:\/\/fbnovas.edu.br\/site\/institucional\/nossa-historia\/#primaryimage","url":"http:\/\/3.86.64.9.nip.io\/wp-content\/uploads\/2021\/09\/frente-da-faculdade-Boas-Novas-768x431-1.jpg","contentUrl":"http:\/\/3.86.64.9.nip.io\/wp-content\/uploads\/2021\/09\/frente-da-faculdade-Boas-Novas-768x431-1.jpg"},{"@type":"BreadcrumbList","@id":"https:\/\/fbnovas.edu.br\/site\/institucional\/nossa-historia\/#breadcrumb","itemListElement":[{"@type":"ListItem","position":1,"name":"In\u00edcio","item":"https:\/\/fbnovas.edu.br\/site\/"},{"@type":"ListItem","position":2,"name":"Institucional","item":"https:\/\/fbnovas.edu.br\/site\/institucional\/"},{"@type":"ListItem","position":3,"name":"Nossa Hist\u00f3ria"}]},{"@type":"WebSite","@id":"https:\/\/fbnovas.edu.br\/site\/#website","url":"https:\/\/fbnovas.edu.br\/site\/","name":"Faculdade Boas Novas","description":"Matricula 2025\/2","potentialAction":[{"@type":"SearchAction","target":{"@type":"EntryPoint","urlTemplate":"https:\/\/fbnovas.edu.br\/site\/?s={search_term_string}"},"query-input":{"@type":"PropertyValueSpecification","valueRequired":true,"valueName":"search_term_string"}}],"inLanguage":"pt-BR"}]}},"jetpack_sharing_enabled":true,"_links":{"self":[{"href":"https:\/\/fbnovas.edu.br\/site\/wp-json\/wp\/v2\/pages\/3573","targetHints":{"allow":["GET"]}}],"collection":[{"href":"https:\/\/fbnovas.edu.br\/site\/wp-json\/wp\/v2\/pages"}],"about":[{"href":"https:\/\/fbnovas.edu.br\/site\/wp-json\/wp\/v2\/types\/page"}],"author":[{"embeddable":true,"href":"https:\/\/fbnovas.edu.br\/site\/wp-json\/wp\/v2\/users\/1"}],"replies":[{"embeddable":true,"href":"https:\/\/fbnovas.edu.br\/site\/wp-json\/wp\/v2\/comments?post=3573"}],"version-history":[{"count":0,"href":"https:\/\/fbnovas.edu.br\/site\/wp-json\/wp\/v2\/pages\/3573\/revisions"}],"up":[{"embeddable":true,"href":"https:\/\/fbnovas.edu.br\/site\/wp-json\/wp\/v2\/pages\/3571"}],"wp:attachment":[{"href":"https:\/\/fbnovas.edu.br\/site\/wp-json\/wp\/v2\/media?parent=3573"}],"curies":[{"name":"wp","href":"https:\/\/api.w.org\/{rel}","templated":true}]}}