{"id":4271,"date":"2021-09-12T00:08:00","date_gmt":"2021-09-12T04:08:00","guid":{"rendered":"https:\/\/inscricao.fbnovas.edu.br\/?page_id=4271"},"modified":"2021-09-12T00:08:00","modified_gmt":"2021-09-12T04:08:00","slug":"biblioteca","status":"publish","type":"page","link":"https:\/\/fbnovas.edu.br\/site\/biblioteca\/","title":{"rendered":"Biblioteca"},"content":{"rendered":"\t\t<div data-elementor-type=\"wp-page\" data-elementor-id=\"4271\" class=\"elementor elementor-4271\" data-elementor-settings=\"{&quot;ha_cmc_init_switcher&quot;:&quot;no&quot;}\" data-elementor-post-type=\"page\">\n\t\t\t\t\t\t<section class=\"elementor-section elementor-top-section elementor-element elementor-element-6f06616 elementor-section-full_width elementor-section-height-default elementor-section-height-default\" data-id=\"6f06616\" data-element_type=\"section\" data-settings=\"{&quot;background_background&quot;:&quot;classic&quot;,&quot;_ha_eqh_enable&quot;:false}\">\n\t\t\t\t\t\t\t<div class=\"elementor-background-overlay\"><\/div>\n\t\t\t\t\t\t\t<div class=\"elementor-container elementor-column-gap-default\">\n\t\t\t\t\t<div class=\"elementor-column elementor-col-100 elementor-top-column elementor-element elementor-element-c1ee076\" data-id=\"c1ee076\" data-element_type=\"column\">\n\t\t\t<div class=\"elementor-widget-wrap elementor-element-populated\">\n\t\t\t\t\t\t<section class=\"elementor-section elementor-inner-section elementor-element elementor-element-bd7b522 elementor-section-boxed elementor-section-height-default elementor-section-height-default\" data-id=\"bd7b522\" data-element_type=\"section\" data-settings=\"{&quot;_ha_eqh_enable&quot;:false}\">\n\t\t\t\t\t\t<div class=\"elementor-container elementor-column-gap-default\">\n\t\t\t\t\t<div class=\"elementor-column elementor-col-50 elementor-inner-column elementor-element elementor-element-af1dfba\" data-id=\"af1dfba\" data-element_type=\"column\">\n\t\t\t<div class=\"elementor-widget-wrap\">\n\t\t\t\t\t\t\t<\/div>\n\t\t<\/div>\n\t\t\t\t<div class=\"elementor-column elementor-col-50 elementor-inner-column elementor-element elementor-element-144e897 elementor-hidden-tablet elementor-hidden-phone\" data-id=\"144e897\" data-element_type=\"column\">\n\t\t\t<div class=\"elementor-widget-wrap\">\n\t\t\t\t\t\t\t<\/div>\n\t\t<\/div>\n\t\t\t\t\t<\/div>\n\t\t<\/section>\n\t\t\t\t<div class=\"elementor-element elementor-element-010466e elementor-widget elementor-widget-spacer\" data-id=\"010466e\" data-element_type=\"widget\" data-widget_type=\"spacer.default\">\n\t\t\t\t\t\t\t<div class=\"elementor-spacer\">\n\t\t\t<div class=\"elementor-spacer-inner\"><\/div>\n\t\t<\/div>\n\t\t\t\t\t\t<\/div>\n\t\t\t\t<section class=\"elementor-section elementor-inner-section elementor-element elementor-element-5b7dde9 elementor-section-boxed elementor-section-height-default elementor-section-height-default\" data-id=\"5b7dde9\" data-element_type=\"section\" data-settings=\"{&quot;_ha_eqh_enable&quot;:false}\">\n\t\t\t\t\t\t<div class=\"elementor-container elementor-column-gap-default\">\n\t\t\t\t\t<div class=\"elementor-column elementor-col-100 elementor-inner-column elementor-element elementor-element-2ff1eac\" data-id=\"2ff1eac\" data-element_type=\"column\">\n\t\t\t<div class=\"elementor-widget-wrap elementor-element-populated\">\n\t\t\t\t\t\t\t<\/div>\n\t\t<\/div>\n\t\t\t\t\t<\/div>\n\t\t<\/section>\n\t\t\t\t\t<\/div>\n\t\t<\/div>\n\t\t\t\t\t<\/div>\n\t\t<\/section>\n\t\t\t\t<section class=\"elementor-section elementor-top-section elementor-element elementor-element-6d8b1dc elementor-section-boxed elementor-section-height-default elementor-section-height-default\" data-id=\"6d8b1dc\" data-element_type=\"section\" data-settings=\"{&quot;_ha_eqh_enable&quot;:false}\">\n\t\t\t\t\t\t<div class=\"elementor-container elementor-column-gap-default\">\n\t\t\t\t\t<div class=\"elementor-column elementor-col-100 elementor-top-column elementor-element elementor-element-fc5082d\" data-id=\"fc5082d\" data-element_type=\"column\">\n\t\t\t<div class=\"elementor-widget-wrap elementor-element-populated\">\n\t\t\t\t\t\t<div class=\"elementor-element elementor-element-c2a6953 elementor-widget elementor-widget-heading\" data-id=\"c2a6953\" data-element_type=\"widget\" data-widget_type=\"heading.default\">\n\t\t\t\t\t<h2 class=\"elementor-heading-title elementor-size-default\">Biblioteca Pr. Alceb\u00edades Pereira Vasconcelos<\/h2>\t\t\t\t<\/div>\n\t\t\t\t<div class=\"elementor-element elementor-element-c63a073 elementor-widget elementor-widget-text-editor\" data-id=\"c63a073\" data-element_type=\"widget\" data-widget_type=\"text-editor.default\">\n\t\t\t\t\t\t\t\t\t<p style=\"text-align: left;\">A Biblioteca Pastor Alceb\u00edades Pereira Vasconcelos, uma homenagem ao importante pastor da IEADAM, idealizador do Instituto B\u00edblico da Assembleia de Deus no Amazonas \u2013 IBADAM. A biblioteca \u00e9 mantida pela Faculdade Boas Novas, e tem com objetivo disponibilizar os suportes informacionais para a fundamenta\u00e7\u00e3o te\u00f3rica e cient\u00edfica das disciplinas contidas na grade curricular dos cursos oferecidos para os usu\u00e1rios da institui\u00e7\u00e3o, sendo respons\u00e1vel pelo provimento de informa\u00e7\u00f5es, e contribuindo para a capacita\u00e7\u00e3o pessoal, implementa\u00e7\u00e3o de pesquisa e extens\u00e3o, oportunizando a aquisi\u00e7\u00e3o de conhecimentos. \u00c9 de grande import\u00e2ncia para n\u00f3s o atendimento de qualidade aos nossos usu\u00e1rios, por isso, buscamos fornecer, sob diversas formas, toda e qualquer informa\u00e7\u00e3o solicitada pelos usu\u00e1rios, desempenhando, cada vez mais, um papel essencial de&nbsp;apoio para aquisi\u00e7\u00e3o do conhecimento. Oferece aos usu\u00e1rios um acervo f\u00edsico estimado em m\u00e9dia 11.000 t\u00edtulos, composto por livros t\u00e9cnicos e liter\u00e1rios, assim como monografias, TCCs, peri\u00f3dicos (revistas especializadas e informativas), livros de literatura em Braille, multimeios (CD, DVD) e obras de refer\u00eancia (enciclop\u00e9dias, dicion\u00e1rios, anais, cat\u00e1logos, atlas geogr\u00e1fico),conta ainda com um riqu\u00edssimo acervo de B\u00edblias em v\u00e1rias l\u00ednguas e em Braille.<\/p>\n<p>A Biblioteca est\u00e1 constantemente ampliando seus servi\u00e7os e metas para o melhor atendimento das necessidades de informa\u00e7\u00e3o dos usu\u00e1rios internos e externos.<\/p>\n<p><strong>EQUIPE BIBLIOTECA<\/strong><br>Kellen Encarna\u00e7\u00e3o &#8211; Bibliotec\u00e1ria<br>Alcione Souza &#8211; Auxiliar de Biblioteca<\/p>\n<p><strong>HOR\u00c1RIO DE FUNCIONAMENTO:<\/strong><br>Segunda a Sexta-feira, das 08h \u00e0s 12h e das 13h \u00e0s 21h.<\/p>\n<p><strong>CONTATO<\/strong><br>Endere\u00e7o: Av. Gen. Rodrigo Oct\u00e1vio Jord\u00e3o Ramos, 1655, Complexo Cana\u00e3 \u2013<br>Japiim, Manaus \u2013 AM, CEP 69077-00<br>Email: biblioteca@fbnovas.edu.br<br>Telefone: (92) 99516-5862 (WhatsApp)<br>Redes Sociais: Instagram\/Facebook: @bibliotecafbnovas<\/p>\t\t\t\t\t\t\t\t<\/div>\n\t\t\t\t\t<\/div>\n\t\t<\/div>\n\t\t\t\t\t<\/div>\n\t\t<\/section>\n\t\t\t\t<section class=\"elementor-section elementor-top-section elementor-element elementor-element-018d8f1 elementor-section-full_width elementor-section-height-default elementor-section-height-default\" data-id=\"018d8f1\" data-element_type=\"section\" data-settings=\"{&quot;background_background&quot;:&quot;classic&quot;,&quot;_ha_eqh_enable&quot;:false}\">\n\t\t\t\t\t\t\t<div class=\"elementor-background-overlay\"><\/div>\n\t\t\t\t\t\t\t<div class=\"elementor-container elementor-column-gap-default\">\n\t\t\t\t\t<div class=\"elementor-column elementor-col-100 elementor-top-column elementor-element elementor-element-dec964e\" data-id=\"dec964e\" data-element_type=\"column\">\n\t\t\t<div class=\"elementor-widget-wrap elementor-element-populated\">\n\t\t\t\t\t\t<section class=\"elementor-section elementor-inner-section elementor-element elementor-element-cc50122 elementor-section-boxed elementor-section-height-default elementor-section-height-default\" data-id=\"cc50122\" data-element_type=\"section\" data-settings=\"{&quot;_ha_eqh_enable&quot;:false}\">\n\t\t\t\t\t\t<div class=\"elementor-container elementor-column-gap-default\">\n\t\t\t\t\t<div class=\"elementor-column elementor-col-33 elementor-inner-column elementor-element elementor-element-57a1fa8\" data-id=\"57a1fa8\" data-element_type=\"column\">\n\t\t\t<div class=\"elementor-widget-wrap elementor-element-populated\">\n\t\t\t\t\t\t<div class=\"elementor-element elementor-element-029c593 elementor-hidden-tablet elementor-hidden-mobile elementor-widget elementor-widget-image\" data-id=\"029c593\" data-element_type=\"widget\" data-widget_type=\"image.default\">\n\t\t\t\t\t\t\t\t\t\t\t\t\t\t\t<img fetchpriority=\"high\" decoding=\"async\" width=\"533\" height=\"460\" src=\"https:\/\/fbnovas.edu.br\/site\/wp-content\/uploads\/2021\/08\/estudante_academia_02_1.png\" class=\"attachment-2048x2048 size-2048x2048 wp-image-903\" alt=\"\" srcset=\"https:\/\/fbnovas.edu.br\/site\/wp-content\/uploads\/2021\/08\/estudante_academia_02_1.png 533w, https:\/\/fbnovas.edu.br\/site\/wp-content\/uploads\/2021\/08\/estudante_academia_02_1-300x259.png 300w\" sizes=\"(max-width: 533px) 100vw, 533px\" \/>\t\t\t\t\t\t\t\t\t\t\t\t\t\t\t<\/div>\n\t\t\t\t\t<\/div>\n\t\t<\/div>\n\t\t\t\t<div class=\"elementor-column elementor-col-33 elementor-inner-column elementor-element elementor-element-29eaf2f\" data-id=\"29eaf2f\" data-element_type=\"column\">\n\t\t\t<div class=\"elementor-widget-wrap elementor-element-populated\">\n\t\t\t\t\t\t<div class=\"elementor-element elementor-element-a5bab91 elementor-widget elementor-widget-heading\" data-id=\"a5bab91\" data-element_type=\"widget\" data-widget_type=\"heading.default\">\n\t\t\t\t\t<h1 class=\"elementor-heading-title elementor-size-default\"><a href=\"https:\/\/linktr.ee\/fbnovas\">Est\u00e1 pronto para estudar conosco?<\/a><\/h1>\t\t\t\t<\/div>\n\t\t\t\t<div class=\"elementor-element elementor-element-18a5df2 elementor-align-center elementor-widget elementor-widget-button\" data-id=\"18a5df2\" data-element_type=\"widget\" data-widget_type=\"button.default\">\n\t\t\t\t\t\t\t\t\t\t<a class=\"elementor-button elementor-button-link elementor-size-sm\" href=\"#\">\n\t\t\t\t\t\t<span class=\"elementor-button-content-wrapper\">\n\t\t\t\t\t\t<span class=\"elementor-button-icon\">\n\t\t\t\t<svg aria-hidden=\"true\" class=\"e-font-icon-svg e-fas-chevron-right\" viewBox=\"0 0 320 512\" xmlns=\"http:\/\/www.w3.org\/2000\/svg\"><path d=\"M285.476 272.971L91.132 467.314c-9.373 9.373-24.569 9.373-33.941 0l-22.667-22.667c-9.357-9.357-9.375-24.522-.04-33.901L188.505 256 34.484 101.255c-9.335-9.379-9.317-24.544.04-33.901l22.667-22.667c9.373-9.373 24.569-9.373 33.941 0L285.475 239.03c9.373 9.372 9.373 24.568.001 33.941z\"><\/path><\/svg>\t\t\t<\/span>\n\t\t\t\t\t\t\t\t\t<span class=\"elementor-button-text\">INSCREVA-SE AGORA<\/span>\n\t\t\t\t\t<\/span>\n\t\t\t\t\t<\/a>\n\t\t\t\t\t\t\t\t<\/div>\n\t\t\t\t\t<\/div>\n\t\t<\/div>\n\t\t\t\t<div class=\"elementor-column elementor-col-33 elementor-inner-column elementor-element elementor-element-7c0c798 elementor-hidden-tablet elementor-hidden-mobile\" data-id=\"7c0c798\" data-element_type=\"column\">\n\t\t\t<div class=\"elementor-widget-wrap\">\n\t\t\t\t\t\t\t<\/div>\n\t\t<\/div>\n\t\t\t\t\t<\/div>\n\t\t<\/section>\n\t\t\t\t\t<\/div>\n\t\t<\/div>\n\t\t\t\t\t<\/div>\n\t\t<\/section>\n\t\t\t\t<\/div>\n\t\t","protected":false},"excerpt":{"rendered":"<p>Biblioteca Pr. Alceb\u00edades Pereira Vasconcelos A Biblioteca Pastor Alceb\u00edades Pereira Vasconcelos, uma homenagem ao importante pastor da IEADAM, idealizador do [&hellip;]<\/p>\n","protected":false},"author":1,"featured_media":4623,"parent":0,"menu_order":0,"comment_status":"closed","ping_status":"closed","template":"","meta":{"site-sidebar-layout":"no-sidebar","site-content-layout":"page-builder","ast-site-content-layout":"default","site-content-style":"default","site-sidebar-style":"default","ast-global-header-display":"","ast-banner-title-visibility":"","ast-main-header-display":"","ast-hfb-above-header-display":"","ast-hfb-below-header-display":"","ast-hfb-mobile-header-display":"","site-post-title":"disabled","ast-breadcrumbs-content":"","ast-featured-img":"disabled","footer-sml-layout":"","ast-disable-related-posts":"","theme-transparent-header-meta":"default","adv-header-id-meta":"","stick-header-meta":"","header-above-stick-meta":"","header-main-stick-meta":"","header-below-stick-meta":"","astra-migrate-meta-layouts":"default","ast-page-background-enabled":"default","ast-page-background-meta":{"desktop":{"background-color":"var(--ast-global-color-5)","background-image":"","background-repeat":"repeat","background-position":"center center","background-size":"auto","background-attachment":"scroll","background-type":"","background-media":"","overlay-type":"","overlay-color":"","overlay-opacity":"","overlay-gradient":""},"tablet":{"background-color":"","background-image":"","background-repeat":"repeat","background-position":"center center","background-size":"auto","background-attachment":"scroll","background-type":"","background-media":"","overlay-type":"","overlay-color":"","overlay-opacity":"","overlay-gradient":""},"mobile":{"background-color":"","background-image":"","background-repeat":"repeat","background-position":"center center","background-size":"auto","background-attachment":"scroll","background-type":"","background-media":"","overlay-type":"","overlay-color":"","overlay-opacity":"","overlay-gradient":""}},"ast-content-background-meta":{"desktop":{"background-color":"var(--ast-global-color-4)","background-image":"","background-repeat":"repeat","background-position":"center center","background-size":"auto","background-attachment":"scroll","background-type":"","background-media":"","overlay-type":"","overlay-color":"","overlay-opacity":"","overlay-gradient":""},"tablet":{"background-color":"var(--ast-global-color-4)","background-image":"","background-repeat":"repeat","background-position":"center center","background-size":"auto","background-attachment":"scroll","background-type":"","background-media":"","overlay-type":"","overlay-color":"","overlay-opacity":"","overlay-gradient":""},"mobile":{"background-color":"var(--ast-global-color-4)","background-image":"","background-repeat":"repeat","background-position":"center center","background-size":"auto","background-attachment":"scroll","background-type":"","background-media":"","overlay-type":"","overlay-color":"","overlay-opacity":"","overlay-gradient":""}},"footnotes":""},"class_list":["post-4271","page","type-page","status-publish","has-post-thumbnail","hentry"],"yoast_head":"<!-- This site is optimized with the Yoast SEO plugin v27.0 - https:\/\/yoast.com\/product\/yoast-seo-wordpress\/ -->\n<title>Biblioteca - Faculdade Boas Novas<\/title>\n<meta name=\"description\" content=\"A biblioteca \u00e9 mantida pela Faculdade Boas Novas, e tem com objetivo disponibilizar os suportes informacionais para a fundamenta\u00e7\u00e3o te\u00f3rica e cient\u00edfica das disciplinas contidas na grade curricular dos cursos oferecidos para os usu\u00e1rios da institui\u00e7\u00e3o, sendo respons\u00e1vel pelo provimento de informa\u00e7\u00f5es, e contribuindo para a capacita\u00e7\u00e3o pessoal, implementa\u00e7\u00e3o de pesquisa e extens\u00e3o, oportunizando a aquisi\u00e7\u00e3o de conhecimentos.\" \/>\n<meta name=\"robots\" content=\"index, follow, max-snippet:-1, max-image-preview:large, max-video-preview:-1\" \/>\n<link rel=\"canonical\" href=\"https:\/\/fbnovas.edu.br\/site\/biblioteca\/\" \/>\n<meta property=\"og:locale\" content=\"pt_BR\" \/>\n<meta property=\"og:type\" content=\"article\" \/>\n<meta property=\"og:title\" content=\"Biblioteca - Faculdade Boas Novas\" \/>\n<meta property=\"og:description\" content=\"A biblioteca \u00e9 mantida pela Faculdade Boas Novas, e tem com objetivo disponibilizar os suportes informacionais para a fundamenta\u00e7\u00e3o te\u00f3rica e cient\u00edfica das disciplinas contidas na grade curricular dos cursos oferecidos para os usu\u00e1rios da institui\u00e7\u00e3o, sendo respons\u00e1vel pelo provimento de informa\u00e7\u00f5es, e contribuindo para a capacita\u00e7\u00e3o pessoal, implementa\u00e7\u00e3o de pesquisa e extens\u00e3o, oportunizando a aquisi\u00e7\u00e3o de conhecimentos.\" \/>\n<meta property=\"og:url\" content=\"https:\/\/fbnovas.edu.br\/site\/biblioteca\/\" \/>\n<meta property=\"og:site_name\" content=\"Faculdade Boas Novas\" \/>\n<meta property=\"og:image\" content=\"https:\/\/fbnovas.edu.br\/site\/wp-content\/uploads\/2021\/11\/IMG_09501-768x512-1.jpg\" \/>\n\t<meta property=\"og:image:width\" content=\"768\" \/>\n\t<meta property=\"og:image:height\" content=\"512\" \/>\n\t<meta property=\"og:image:type\" content=\"image\/jpeg\" \/>\n<meta name=\"twitter:card\" content=\"summary_large_image\" \/>\n<meta name=\"twitter:label1\" content=\"Est. tempo de leitura\" \/>\n\t<meta name=\"twitter:data1\" content=\"2 minutos\" \/>\n<script type=\"application\/ld+json\" class=\"yoast-schema-graph\">{\"@context\":\"https:\/\/schema.org\",\"@graph\":[{\"@type\":\"WebPage\",\"@id\":\"https:\/\/fbnovas.edu.br\/site\/biblioteca\/\",\"url\":\"https:\/\/fbnovas.edu.br\/site\/biblioteca\/\",\"name\":\"Biblioteca - Faculdade Boas Novas\",\"isPartOf\":{\"@id\":\"https:\/\/fbnovas.edu.br\/site\/#website\"},\"primaryImageOfPage\":{\"@id\":\"https:\/\/fbnovas.edu.br\/site\/biblioteca\/#primaryimage\"},\"image\":{\"@id\":\"https:\/\/fbnovas.edu.br\/site\/biblioteca\/#primaryimage\"},\"thumbnailUrl\":\"https:\/\/fbnovas.edu.br\/site\/wp-content\/uploads\/2021\/11\/IMG_09501-768x512-1.jpg\",\"datePublished\":\"2021-09-12T04:08:00+00:00\",\"description\":\"A biblioteca \u00e9 mantida pela Faculdade Boas Novas, e tem com objetivo disponibilizar os suportes informacionais para a fundamenta\u00e7\u00e3o te\u00f3rica e cient\u00edfica das disciplinas contidas na grade curricular dos cursos oferecidos para os usu\u00e1rios da institui\u00e7\u00e3o, sendo respons\u00e1vel pelo provimento de informa\u00e7\u00f5es, e contribuindo para a capacita\u00e7\u00e3o pessoal, implementa\u00e7\u00e3o de pesquisa e extens\u00e3o, oportunizando a aquisi\u00e7\u00e3o de conhecimentos.\",\"breadcrumb\":{\"@id\":\"https:\/\/fbnovas.edu.br\/site\/biblioteca\/#breadcrumb\"},\"inLanguage\":\"pt-BR\",\"potentialAction\":[{\"@type\":\"ReadAction\",\"target\":[\"https:\/\/fbnovas.edu.br\/site\/biblioteca\/\"]}]},{\"@type\":\"ImageObject\",\"inLanguage\":\"pt-BR\",\"@id\":\"https:\/\/fbnovas.edu.br\/site\/biblioteca\/#primaryimage\",\"url\":\"https:\/\/fbnovas.edu.br\/site\/wp-content\/uploads\/2021\/11\/IMG_09501-768x512-1.jpg\",\"contentUrl\":\"https:\/\/fbnovas.edu.br\/site\/wp-content\/uploads\/2021\/11\/IMG_09501-768x512-1.jpg\",\"width\":768,\"height\":512},{\"@type\":\"BreadcrumbList\",\"@id\":\"https:\/\/fbnovas.edu.br\/site\/biblioteca\/#breadcrumb\",\"itemListElement\":[{\"@type\":\"ListItem\",\"position\":1,\"name\":\"In\u00edcio\",\"item\":\"https:\/\/fbnovas.edu.br\/site\/\"},{\"@type\":\"ListItem\",\"position\":2,\"name\":\"Biblioteca\"}]},{\"@type\":\"WebSite\",\"@id\":\"https:\/\/fbnovas.edu.br\/site\/#website\",\"url\":\"https:\/\/fbnovas.edu.br\/site\/\",\"name\":\"Faculdade Boas Novas\",\"description\":\"Matricula 2025\/2\",\"potentialAction\":[{\"@type\":\"SearchAction\",\"target\":{\"@type\":\"EntryPoint\",\"urlTemplate\":\"https:\/\/fbnovas.edu.br\/site\/?s={search_term_string}\"},\"query-input\":{\"@type\":\"PropertyValueSpecification\",\"valueRequired\":true,\"valueName\":\"search_term_string\"}}],\"inLanguage\":\"pt-BR\"}]}<\/script>\n<!-- \/ Yoast SEO plugin. -->","yoast_head_json":{"title":"Biblioteca - Faculdade Boas Novas","description":"A biblioteca \u00e9 mantida pela Faculdade Boas Novas, e tem com objetivo disponibilizar os suportes informacionais para a fundamenta\u00e7\u00e3o te\u00f3rica e cient\u00edfica das disciplinas contidas na grade curricular dos cursos oferecidos para os usu\u00e1rios da institui\u00e7\u00e3o, sendo respons\u00e1vel pelo provimento de informa\u00e7\u00f5es, e contribuindo para a capacita\u00e7\u00e3o pessoal, implementa\u00e7\u00e3o de pesquisa e extens\u00e3o, oportunizando a aquisi\u00e7\u00e3o de conhecimentos.","robots":{"index":"index","follow":"follow","max-snippet":"max-snippet:-1","max-image-preview":"max-image-preview:large","max-video-preview":"max-video-preview:-1"},"canonical":"https:\/\/fbnovas.edu.br\/site\/biblioteca\/","og_locale":"pt_BR","og_type":"article","og_title":"Biblioteca - Faculdade Boas Novas","og_description":"A biblioteca \u00e9 mantida pela Faculdade Boas Novas, e tem com objetivo disponibilizar os suportes informacionais para a fundamenta\u00e7\u00e3o te\u00f3rica e cient\u00edfica das disciplinas contidas na grade curricular dos cursos oferecidos para os usu\u00e1rios da institui\u00e7\u00e3o, sendo respons\u00e1vel pelo provimento de informa\u00e7\u00f5es, e contribuindo para a capacita\u00e7\u00e3o pessoal, implementa\u00e7\u00e3o de pesquisa e extens\u00e3o, oportunizando a aquisi\u00e7\u00e3o de conhecimentos.","og_url":"https:\/\/fbnovas.edu.br\/site\/biblioteca\/","og_site_name":"Faculdade Boas Novas","og_image":[{"width":768,"height":512,"url":"https:\/\/fbnovas.edu.br\/site\/wp-content\/uploads\/2021\/11\/IMG_09501-768x512-1.jpg","type":"image\/jpeg"}],"twitter_card":"summary_large_image","twitter_misc":{"Est. tempo de leitura":"2 minutos"},"schema":{"@context":"https:\/\/schema.org","@graph":[{"@type":"WebPage","@id":"https:\/\/fbnovas.edu.br\/site\/biblioteca\/","url":"https:\/\/fbnovas.edu.br\/site\/biblioteca\/","name":"Biblioteca - Faculdade Boas Novas","isPartOf":{"@id":"https:\/\/fbnovas.edu.br\/site\/#website"},"primaryImageOfPage":{"@id":"https:\/\/fbnovas.edu.br\/site\/biblioteca\/#primaryimage"},"image":{"@id":"https:\/\/fbnovas.edu.br\/site\/biblioteca\/#primaryimage"},"thumbnailUrl":"https:\/\/fbnovas.edu.br\/site\/wp-content\/uploads\/2021\/11\/IMG_09501-768x512-1.jpg","datePublished":"2021-09-12T04:08:00+00:00","description":"A biblioteca \u00e9 mantida pela Faculdade Boas Novas, e tem com objetivo disponibilizar os suportes informacionais para a fundamenta\u00e7\u00e3o te\u00f3rica e cient\u00edfica das disciplinas contidas na grade curricular dos cursos oferecidos para os usu\u00e1rios da institui\u00e7\u00e3o, sendo respons\u00e1vel pelo provimento de informa\u00e7\u00f5es, e contribuindo para a capacita\u00e7\u00e3o pessoal, implementa\u00e7\u00e3o de pesquisa e extens\u00e3o, oportunizando a aquisi\u00e7\u00e3o de conhecimentos.","breadcrumb":{"@id":"https:\/\/fbnovas.edu.br\/site\/biblioteca\/#breadcrumb"},"inLanguage":"pt-BR","potentialAction":[{"@type":"ReadAction","target":["https:\/\/fbnovas.edu.br\/site\/biblioteca\/"]}]},{"@type":"ImageObject","inLanguage":"pt-BR","@id":"https:\/\/fbnovas.edu.br\/site\/biblioteca\/#primaryimage","url":"https:\/\/fbnovas.edu.br\/site\/wp-content\/uploads\/2021\/11\/IMG_09501-768x512-1.jpg","contentUrl":"https:\/\/fbnovas.edu.br\/site\/wp-content\/uploads\/2021\/11\/IMG_09501-768x512-1.jpg","width":768,"height":512},{"@type":"BreadcrumbList","@id":"https:\/\/fbnovas.edu.br\/site\/biblioteca\/#breadcrumb","itemListElement":[{"@type":"ListItem","position":1,"name":"In\u00edcio","item":"https:\/\/fbnovas.edu.br\/site\/"},{"@type":"ListItem","position":2,"name":"Biblioteca"}]},{"@type":"WebSite","@id":"https:\/\/fbnovas.edu.br\/site\/#website","url":"https:\/\/fbnovas.edu.br\/site\/","name":"Faculdade Boas Novas","description":"Matricula 2025\/2","potentialAction":[{"@type":"SearchAction","target":{"@type":"EntryPoint","urlTemplate":"https:\/\/fbnovas.edu.br\/site\/?s={search_term_string}"},"query-input":{"@type":"PropertyValueSpecification","valueRequired":true,"valueName":"search_term_string"}}],"inLanguage":"pt-BR"}]}},"jetpack_sharing_enabled":true,"_links":{"self":[{"href":"https:\/\/fbnovas.edu.br\/site\/wp-json\/wp\/v2\/pages\/4271","targetHints":{"allow":["GET"]}}],"collection":[{"href":"https:\/\/fbnovas.edu.br\/site\/wp-json\/wp\/v2\/pages"}],"about":[{"href":"https:\/\/fbnovas.edu.br\/site\/wp-json\/wp\/v2\/types\/page"}],"author":[{"embeddable":true,"href":"https:\/\/fbnovas.edu.br\/site\/wp-json\/wp\/v2\/users\/1"}],"replies":[{"embeddable":true,"href":"https:\/\/fbnovas.edu.br\/site\/wp-json\/wp\/v2\/comments?post=4271"}],"version-history":[{"count":0,"href":"https:\/\/fbnovas.edu.br\/site\/wp-json\/wp\/v2\/pages\/4271\/revisions"}],"wp:featuredmedia":[{"embeddable":true,"href":"https:\/\/fbnovas.edu.br\/site\/wp-json\/wp\/v2\/media\/4623"}],"wp:attachment":[{"href":"https:\/\/fbnovas.edu.br\/site\/wp-json\/wp\/v2\/media?parent=4271"}],"curies":[{"name":"wp","href":"https:\/\/api.w.org\/{rel}","templated":true}]}}