{"id":4316,"date":"2021-09-12T00:22:19","date_gmt":"2021-09-12T04:22:19","guid":{"rendered":"https:\/\/inscricao.fbnovas.edu.br\/?page_id=4316"},"modified":"2021-09-12T00:22:19","modified_gmt":"2021-09-12T04:22:19","slug":"colecao-a-educacao-especial-na-perspectiva-da-inclusao-escolar","status":"publish","type":"page","link":"https:\/\/fbnovas.edu.br\/site\/biblioteca\/colecao-a-educacao-especial-na-perspectiva-da-inclusao-escolar\/","title":{"rendered":"Cole\u00e7\u00e3o &#8220;A Educa\u00e7\u00e3o Especial na Perspectiva da Inclus\u00e3o Escolar&#8221;"},"content":{"rendered":"\t\t<div data-elementor-type=\"wp-page\" data-elementor-id=\"4316\" class=\"elementor elementor-4316\" data-elementor-settings=\"{&quot;ha_cmc_init_switcher&quot;:&quot;no&quot;}\" data-elementor-post-type=\"page\">\n\t\t\t\t\t\t<section class=\"elementor-section elementor-top-section elementor-element elementor-element-7472f876 elementor-section-full_width elementor-section-height-default elementor-section-height-default\" data-id=\"7472f876\" data-element_type=\"section\" data-settings=\"{&quot;background_background&quot;:&quot;classic&quot;,&quot;_ha_eqh_enable&quot;:false}\">\n\t\t\t\t\t\t\t<div class=\"elementor-background-overlay\"><\/div>\n\t\t\t\t\t\t\t<div class=\"elementor-container elementor-column-gap-default\">\n\t\t\t\t\t<div class=\"elementor-column elementor-col-100 elementor-top-column elementor-element elementor-element-f45c5e6\" data-id=\"f45c5e6\" data-element_type=\"column\">\n\t\t\t<div class=\"elementor-widget-wrap elementor-element-populated\">\n\t\t\t\t\t\t<section class=\"elementor-section elementor-inner-section elementor-element elementor-element-54f62d68 elementor-section-boxed elementor-section-height-default elementor-section-height-default\" data-id=\"54f62d68\" data-element_type=\"section\" data-settings=\"{&quot;_ha_eqh_enable&quot;:false}\">\n\t\t\t\t\t\t<div class=\"elementor-container elementor-column-gap-default\">\n\t\t\t\t\t<div class=\"elementor-column elementor-col-50 elementor-inner-column elementor-element elementor-element-78104389\" data-id=\"78104389\" data-element_type=\"column\">\n\t\t\t<div class=\"elementor-widget-wrap elementor-element-populated\">\n\t\t\t\t\t\t<div class=\"elementor-element elementor-element-6ab59115 elementor-align-left elementor-widget elementor-widget-breadcrumbs\" data-id=\"6ab59115\" data-element_type=\"widget\" data-widget_type=\"breadcrumbs.default\">\n\t\t\t\t\t<p id=\"breadcrumbs\"><span><span><a href=\"https:\/\/fbnovas.edu.br\/site\/\">In\u00edcio<\/a><\/span><\/span><\/p>\t\t\t\t<\/div>\n\t\t\t\t\t<\/div>\n\t\t<\/div>\n\t\t\t\t<div class=\"elementor-column elementor-col-50 elementor-inner-column elementor-element elementor-element-6496c7ce elementor-hidden-tablet elementor-hidden-phone\" data-id=\"6496c7ce\" data-element_type=\"column\">\n\t\t\t<div class=\"elementor-widget-wrap\">\n\t\t\t\t\t\t\t<\/div>\n\t\t<\/div>\n\t\t\t\t\t<\/div>\n\t\t<\/section>\n\t\t\t\t<section class=\"elementor-section elementor-inner-section elementor-element elementor-element-181d779d elementor-section-boxed elementor-section-height-default elementor-section-height-default\" data-id=\"181d779d\" data-element_type=\"section\" data-settings=\"{&quot;_ha_eqh_enable&quot;:false}\">\n\t\t\t\t\t\t<div class=\"elementor-container elementor-column-gap-default\">\n\t\t\t\t\t<div class=\"elementor-column elementor-col-50 elementor-inner-column elementor-element elementor-element-50e138e8\" data-id=\"50e138e8\" data-element_type=\"column\">\n\t\t\t<div class=\"elementor-widget-wrap elementor-element-populated\">\n\t\t\t\t\t\t<div class=\"elementor-element elementor-element-56d2588c elementor-widget elementor-widget-heading\" data-id=\"56d2588c\" data-element_type=\"widget\" data-widget_type=\"heading.default\">\n\t\t\t\t\t<h4 class=\"elementor-heading-title elementor-size-default\">Onde o conhecimento traz liberdade<\/h4>\t\t\t\t<\/div>\n\t\t\t\t\t<\/div>\n\t\t<\/div>\n\t\t\t\t<div class=\"elementor-column elementor-col-50 elementor-inner-column elementor-element elementor-element-371ff81f\" data-id=\"371ff81f\" data-element_type=\"column\">\n\t\t\t<div class=\"elementor-widget-wrap\">\n\t\t\t\t\t\t\t<\/div>\n\t\t<\/div>\n\t\t\t\t\t<\/div>\n\t\t<\/section>\n\t\t\t\t\t<\/div>\n\t\t<\/div>\n\t\t\t\t\t<\/div>\n\t\t<\/section>\n\t\t\t\t<section class=\"elementor-section elementor-top-section elementor-element elementor-element-8cc2e79 elementor-section-boxed elementor-section-height-default elementor-section-height-default\" data-id=\"8cc2e79\" data-element_type=\"section\" data-settings=\"{&quot;_ha_eqh_enable&quot;:false}\">\n\t\t\t\t\t\t<div class=\"elementor-container elementor-column-gap-default\">\n\t\t\t\t\t<div class=\"elementor-column elementor-col-100 elementor-top-column elementor-element elementor-element-295c600\" data-id=\"295c600\" data-element_type=\"column\">\n\t\t\t<div class=\"elementor-widget-wrap elementor-element-populated\">\n\t\t\t\t\t\t<section class=\"elementor-section elementor-inner-section elementor-element elementor-element-a66ac4f elementor-section-boxed elementor-section-height-default elementor-section-height-default\" data-id=\"a66ac4f\" data-element_type=\"section\" data-settings=\"{&quot;_ha_eqh_enable&quot;:false}\">\n\t\t\t\t\t\t<div class=\"elementor-container elementor-column-gap-default\">\n\t\t\t\t\t<div class=\"elementor-column elementor-col-100 elementor-inner-column elementor-element elementor-element-4eb5ba5\" data-id=\"4eb5ba5\" data-element_type=\"column\">\n\t\t\t<div class=\"elementor-widget-wrap elementor-element-populated\">\n\t\t\t\t\t\t<div class=\"elementor-element elementor-element-33b1d8c elementor-widget elementor-widget-text-editor\" data-id=\"33b1d8c\" data-element_type=\"widget\" data-widget_type=\"text-editor.default\">\n\t\t\t\t\t\t\t\t\t<p>Cole\u00e7\u00e3o produzida pelo Minist\u00e9rio da Educa\u00e7\u00e3o, tendo a finalidade de contribuir para a forma\u00e7\u00e3o dos professores do Atendimento Educacional Especializado \u2013 AEE, bem como dar subs\u00eddios para o debate a respeito da escola inclusiva.<\/p><p>Voc\u00ea pode fazer o download gratuito de cada fasc\u00edculo basta\u00a0<strong>clicar nestes t\u00edtulos e eles ser\u00e3o baixados em seu computador<\/strong>:<\/p><p><strong><a href=\"http:\/\/ramec.mec.gov.br\/index.php?option=com_docman&amp;task=doc_download&amp;gid=1826&amp;Itemid=1\">Fasc\u00edculo 1\u00a0\u2013 A escola comum inclusiva<\/a><\/strong><\/p><p><strong><a href=\"http:\/\/ramec.mec.gov.br\/index.php?option=com_docman&amp;task=doc_download&amp;gid=1827&amp;Itemid=1\" target=\"_blank\" rel=\"noopener\">Fasc\u00edculo 2\u00a0\u2013 O atendimento educacional especializado para alunos com defici\u00eancia intelectual<\/a><\/strong><\/p><p><strong><a href=\"http:\/\/ramec.mec.gov.br\/index.php?option=com_docman&amp;task=doc_download&amp;gid=1828&amp;Itemid=1\" target=\"_blank\" rel=\"noopener\">Fasc\u00edculo 3\u00a0\u2013 Os alunos com defici\u00eancia visual: baixa vis\u00e3o e cegueira<\/a><\/strong><\/p><p><strong><a href=\"http:\/\/ramec.mec.gov.br\/index.php?option=com_docman&amp;task=doc_download&amp;gid=1829&amp;Itemid=1\" target=\"_blank\" rel=\"noopener\">Fasc\u00edculo 4\u00a0\u2013 Abordagem bil\u00edngue na escolariza\u00e7\u00e3o de pessoas com surdez<\/a><\/strong><\/p><p><strong><a href=\"http:\/\/ramec.mec.gov.br\/index.php?option=com_docman&amp;task=doc_download&amp;gid=1830&amp;Itemid=1\">Fasc\u00edculo 5\u00a0\u2013 Surdocegueira e defici\u00eancia m\u00faltipla<\/a><\/strong><\/p><p><strong><a href=\"http:\/\/ramec.mec.gov.br\/index.php?option=com_docman&amp;task=doc_download&amp;gid=1831&amp;Itemid=1\">Fasc\u00edculo 6\u00a0\u2013 Recursos pedag\u00f3gicos acess\u00edveis e comunica\u00e7\u00e3o aumentativa e alternativa<\/a><\/strong><\/p><p><strong><a href=\"http:\/\/ramec.mec.gov.br\/index.php?option=com_docman&amp;task=doc_download&amp;gid=1832&amp;Itemid=1\">Fasc\u00edculo 7\u00a0\u2013 Orienta\u00e7\u00e3o e mobilidade, adequa\u00e7\u00e3o postural e acessibilidade espacial<\/a><\/strong><\/p><p><strong><a href=\"http:\/\/ramec.mec.gov.br\/index.php?option=com_docman&amp;task=doc_download&amp;gid=1833&amp;Itemid=1\">Fasc\u00edculo 8\u00a0\u2013 Livro acess\u00edvel e inform\u00e1tica acess\u00edvel<\/a><\/strong><\/p><p><strong><a href=\"http:\/\/ramec.mec.gov.br\/index.php?option=com_docman&amp;task=doc_download&amp;gid=1834&amp;Itemid=1\">Fasc\u00edculo 9\u00a0\u2013 Transtornos globais do desenvolvimento<\/a><\/strong><\/p><p><strong><a href=\"http:\/\/ramec.mec.gov.br\/index.php?option=com_docman&amp;task=doc_download&amp;gid=1835&amp;Itemid=1\">Fasc\u00edculo 10\u00a0\u2013 Altas habilidades \/ superdota\u00e7\u00e3o\u00a0\u00a0<\/a><\/strong><\/p><p><strong>Marcos Pol\u00edtico Legais da Educa\u00e7\u00e3o Especial &#8211;<\/strong>\u00a0<a href=\"http:\/\/ramec.mec.gov.br\/index.php?option=com_docman&amp;task=doc_download&amp;gid=1836&amp;Itemid=1\">Arquivo ZIP<\/a><\/p>\t\t\t\t\t\t\t\t<\/div>\n\t\t\t\t\t<\/div>\n\t\t<\/div>\n\t\t\t\t\t<\/div>\n\t\t<\/section>\n\t\t\t\t\t<\/div>\n\t\t<\/div>\n\t\t\t\t\t<\/div>\n\t\t<\/section>\n\t\t\t\t<section class=\"elementor-section elementor-top-section elementor-element elementor-element-4d6cac3a elementor-section-full_width elementor-section-height-default elementor-section-height-default\" data-id=\"4d6cac3a\" data-element_type=\"section\" data-settings=\"{&quot;background_background&quot;:&quot;classic&quot;,&quot;_ha_eqh_enable&quot;:false}\">\n\t\t\t\t\t\t\t<div class=\"elementor-background-overlay\"><\/div>\n\t\t\t\t\t\t\t<div class=\"elementor-container elementor-column-gap-default\">\n\t\t\t\t\t<div class=\"elementor-column elementor-col-100 elementor-top-column elementor-element elementor-element-43d343ef\" data-id=\"43d343ef\" data-element_type=\"column\">\n\t\t\t<div class=\"elementor-widget-wrap elementor-element-populated\">\n\t\t\t\t\t\t<section class=\"elementor-section elementor-inner-section elementor-element elementor-element-505dd5b2 elementor-section-boxed elementor-section-height-default elementor-section-height-default\" data-id=\"505dd5b2\" data-element_type=\"section\" data-settings=\"{&quot;_ha_eqh_enable&quot;:false}\">\n\t\t\t\t\t\t<div class=\"elementor-container elementor-column-gap-default\">\n\t\t\t\t\t<div class=\"elementor-column elementor-col-33 elementor-inner-column elementor-element elementor-element-5a0ccdd9\" data-id=\"5a0ccdd9\" data-element_type=\"column\">\n\t\t\t<div class=\"elementor-widget-wrap elementor-element-populated\">\n\t\t\t\t\t\t<div class=\"elementor-element elementor-element-2ed26b4e elementor-hidden-tablet elementor-hidden-mobile elementor-widget elementor-widget-image\" data-id=\"2ed26b4e\" data-element_type=\"widget\" data-widget_type=\"image.default\">\n\t\t\t\t\t\t\t\t\t\t\t\t\t\t\t<img fetchpriority=\"high\" decoding=\"async\" width=\"533\" height=\"460\" src=\"https:\/\/fbnovas.edu.br\/site\/wp-content\/uploads\/2021\/08\/estudante_academia_02_1.png\" class=\"attachment-2048x2048 size-2048x2048 wp-image-903\" alt=\"\" srcset=\"https:\/\/fbnovas.edu.br\/site\/wp-content\/uploads\/2021\/08\/estudante_academia_02_1.png 533w, https:\/\/fbnovas.edu.br\/site\/wp-content\/uploads\/2021\/08\/estudante_academia_02_1-300x259.png 300w\" sizes=\"(max-width: 533px) 100vw, 533px\" \/>\t\t\t\t\t\t\t\t\t\t\t\t\t\t\t<\/div>\n\t\t\t\t\t<\/div>\n\t\t<\/div>\n\t\t\t\t<div class=\"elementor-column elementor-col-33 elementor-inner-column elementor-element elementor-element-d996a80\" data-id=\"d996a80\" data-element_type=\"column\">\n\t\t\t<div class=\"elementor-widget-wrap elementor-element-populated\">\n\t\t\t\t\t\t<div class=\"elementor-element elementor-element-2260be3c elementor-widget elementor-widget-heading\" data-id=\"2260be3c\" data-element_type=\"widget\" data-widget_type=\"heading.default\">\n\t\t\t\t\t<h1 class=\"elementor-heading-title elementor-size-default\"><a href=\"https:\/\/linktr.ee\/fbnovas\">Est\u00e1 pronto para estudar conosco?<\/a><\/h1>\t\t\t\t<\/div>\n\t\t\t\t<div class=\"elementor-element elementor-element-53de7b89 elementor-align-center elementor-widget elementor-widget-button\" data-id=\"53de7b89\" data-element_type=\"widget\" data-widget_type=\"button.default\">\n\t\t\t\t\t\t\t\t\t\t<a class=\"elementor-button elementor-button-link elementor-size-sm\" href=\"#\">\n\t\t\t\t\t\t<span class=\"elementor-button-content-wrapper\">\n\t\t\t\t\t\t<span class=\"elementor-button-icon\">\n\t\t\t\t<svg aria-hidden=\"true\" class=\"e-font-icon-svg e-fas-chevron-right\" viewBox=\"0 0 320 512\" xmlns=\"http:\/\/www.w3.org\/2000\/svg\"><path d=\"M285.476 272.971L91.132 467.314c-9.373 9.373-24.569 9.373-33.941 0l-22.667-22.667c-9.357-9.357-9.375-24.522-.04-33.901L188.505 256 34.484 101.255c-9.335-9.379-9.317-24.544.04-33.901l22.667-22.667c9.373-9.373 24.569-9.373 33.941 0L285.475 239.03c9.373 9.372 9.373 24.568.001 33.941z\"><\/path><\/svg>\t\t\t<\/span>\n\t\t\t\t\t\t\t\t\t<span class=\"elementor-button-text\">INSCREVA-SE AGORA<\/span>\n\t\t\t\t\t<\/span>\n\t\t\t\t\t<\/a>\n\t\t\t\t\t\t\t\t<\/div>\n\t\t\t\t\t<\/div>\n\t\t<\/div>\n\t\t\t\t<div class=\"elementor-column elementor-col-33 elementor-inner-column elementor-element elementor-element-1b5f9368 elementor-hidden-tablet elementor-hidden-mobile\" data-id=\"1b5f9368\" data-element_type=\"column\">\n\t\t\t<div class=\"elementor-widget-wrap\">\n\t\t\t\t\t\t\t<\/div>\n\t\t<\/div>\n\t\t\t\t\t<\/div>\n\t\t<\/section>\n\t\t\t\t\t<\/div>\n\t\t<\/div>\n\t\t\t\t\t<\/div>\n\t\t<\/section>\n\t\t\t\t<\/div>\n\t\t","protected":false},"excerpt":{"rendered":"<p>Onde o conhecimento traz liberdade Cole\u00e7\u00e3o produzida pelo Minist\u00e9rio da Educa\u00e7\u00e3o, tendo a finalidade de contribuir para a forma\u00e7\u00e3o dos [&hellip;]<\/p>\n","protected":false},"author":1,"featured_media":0,"parent":4271,"menu_order":0,"comment_status":"closed","ping_status":"closed","template":"","meta":{"site-sidebar-layout":"no-sidebar","site-content-layout":"page-builder","ast-site-content-layout":"default","site-content-style":"default","site-sidebar-style":"default","ast-global-header-display":"","ast-banner-title-visibility":"","ast-main-header-display":"","ast-hfb-above-header-display":"","ast-hfb-below-header-display":"","ast-hfb-mobile-header-display":"","site-post-title":"disabled","ast-breadcrumbs-content":"","ast-featured-img":"disabled","footer-sml-layout":"","ast-disable-related-posts":"","theme-transparent-header-meta":"default","adv-header-id-meta":"","stick-header-meta":"","header-above-stick-meta":"","header-main-stick-meta":"","header-below-stick-meta":"","astra-migrate-meta-layouts":"default","ast-page-background-enabled":"default","ast-page-background-meta":{"desktop":{"background-color":"var(--ast-global-color-5)","background-image":"","background-repeat":"repeat","background-position":"center center","background-size":"auto","background-attachment":"scroll","background-type":"","background-media":"","overlay-type":"","overlay-color":"","overlay-opacity":"","overlay-gradient":""},"tablet":{"background-color":"","background-image":"","background-repeat":"repeat","background-position":"center center","background-size":"auto","background-attachment":"scroll","background-type":"","background-media":"","overlay-type":"","overlay-color":"","overlay-opacity":"","overlay-gradient":""},"mobile":{"background-color":"","background-image":"","background-repeat":"repeat","background-position":"center center","background-size":"auto","background-attachment":"scroll","background-type":"","background-media":"","overlay-type":"","overlay-color":"","overlay-opacity":"","overlay-gradient":""}},"ast-content-background-meta":{"desktop":{"background-color":"var(--ast-global-color-4)","background-image":"","background-repeat":"repeat","background-position":"center center","background-size":"auto","background-attachment":"scroll","background-type":"","background-media":"","overlay-type":"","overlay-color":"","overlay-opacity":"","overlay-gradient":""},"tablet":{"background-color":"var(--ast-global-color-4)","background-image":"","background-repeat":"repeat","background-position":"center center","background-size":"auto","background-attachment":"scroll","background-type":"","background-media":"","overlay-type":"","overlay-color":"","overlay-opacity":"","overlay-gradient":""},"mobile":{"background-color":"var(--ast-global-color-4)","background-image":"","background-repeat":"repeat","background-position":"center center","background-size":"auto","background-attachment":"scroll","background-type":"","background-media":"","overlay-type":"","overlay-color":"","overlay-opacity":"","overlay-gradient":""}},"footnotes":""},"class_list":["post-4316","page","type-page","status-publish","hentry"],"yoast_head":"<!-- This site is optimized with the Yoast SEO plugin v27.0 - https:\/\/yoast.com\/product\/yoast-seo-wordpress\/ -->\n<title>Cole\u00e7\u00e3o &quot;A Educa\u00e7\u00e3o Especial na Perspectiva da Inclus\u00e3o Escolar&quot; - Faculdade Boas Novas<\/title>\n<meta name=\"robots\" content=\"index, follow, max-snippet:-1, max-image-preview:large, max-video-preview:-1\" \/>\n<link rel=\"canonical\" href=\"https:\/\/fbnovas.edu.br\/site\/biblioteca\/colecao-a-educacao-especial-na-perspectiva-da-inclusao-escolar\/\" \/>\n<meta property=\"og:locale\" content=\"pt_BR\" \/>\n<meta property=\"og:type\" content=\"article\" \/>\n<meta property=\"og:title\" content=\"Cole\u00e7\u00e3o &quot;A Educa\u00e7\u00e3o Especial na Perspectiva da Inclus\u00e3o Escolar&quot; - Faculdade Boas Novas\" \/>\n<meta property=\"og:description\" content=\"Onde o conhecimento traz liberdade Cole\u00e7\u00e3o produzida pelo Minist\u00e9rio da Educa\u00e7\u00e3o, tendo a finalidade de contribuir para a forma\u00e7\u00e3o dos [&hellip;]\" \/>\n<meta property=\"og:url\" content=\"https:\/\/fbnovas.edu.br\/site\/biblioteca\/colecao-a-educacao-especial-na-perspectiva-da-inclusao-escolar\/\" \/>\n<meta property=\"og:site_name\" content=\"Faculdade Boas Novas\" \/>\n<meta property=\"og:image\" content=\"http:\/\/3.86.64.9.nip.io\/wp-content\/uploads\/2021\/08\/estudante_academia_02_1.png\" \/>\n<meta name=\"twitter:card\" content=\"summary_large_image\" \/>\n<meta name=\"twitter:label1\" content=\"Est. tempo de leitura\" \/>\n\t<meta name=\"twitter:data1\" content=\"1 minuto\" \/>\n<script type=\"application\/ld+json\" class=\"yoast-schema-graph\">{\"@context\":\"https:\/\/schema.org\",\"@graph\":[{\"@type\":\"WebPage\",\"@id\":\"https:\/\/fbnovas.edu.br\/site\/biblioteca\/colecao-a-educacao-especial-na-perspectiva-da-inclusao-escolar\/\",\"url\":\"https:\/\/fbnovas.edu.br\/site\/biblioteca\/colecao-a-educacao-especial-na-perspectiva-da-inclusao-escolar\/\",\"name\":\"Cole\u00e7\u00e3o \\\"A Educa\u00e7\u00e3o Especial na Perspectiva da Inclus\u00e3o Escolar\\\" - Faculdade Boas Novas\",\"isPartOf\":{\"@id\":\"https:\/\/fbnovas.edu.br\/site\/#website\"},\"primaryImageOfPage\":{\"@id\":\"https:\/\/fbnovas.edu.br\/site\/biblioteca\/colecao-a-educacao-especial-na-perspectiva-da-inclusao-escolar\/#primaryimage\"},\"image\":{\"@id\":\"https:\/\/fbnovas.edu.br\/site\/biblioteca\/colecao-a-educacao-especial-na-perspectiva-da-inclusao-escolar\/#primaryimage\"},\"thumbnailUrl\":\"http:\/\/3.86.64.9.nip.io\/wp-content\/uploads\/2021\/08\/estudante_academia_02_1.png\",\"datePublished\":\"2021-09-12T04:22:19+00:00\",\"breadcrumb\":{\"@id\":\"https:\/\/fbnovas.edu.br\/site\/biblioteca\/colecao-a-educacao-especial-na-perspectiva-da-inclusao-escolar\/#breadcrumb\"},\"inLanguage\":\"pt-BR\",\"potentialAction\":[{\"@type\":\"ReadAction\",\"target\":[\"https:\/\/fbnovas.edu.br\/site\/biblioteca\/colecao-a-educacao-especial-na-perspectiva-da-inclusao-escolar\/\"]}]},{\"@type\":\"ImageObject\",\"inLanguage\":\"pt-BR\",\"@id\":\"https:\/\/fbnovas.edu.br\/site\/biblioteca\/colecao-a-educacao-especial-na-perspectiva-da-inclusao-escolar\/#primaryimage\",\"url\":\"http:\/\/3.86.64.9.nip.io\/wp-content\/uploads\/2021\/08\/estudante_academia_02_1.png\",\"contentUrl\":\"http:\/\/3.86.64.9.nip.io\/wp-content\/uploads\/2021\/08\/estudante_academia_02_1.png\"},{\"@type\":\"BreadcrumbList\",\"@id\":\"https:\/\/fbnovas.edu.br\/site\/biblioteca\/colecao-a-educacao-especial-na-perspectiva-da-inclusao-escolar\/#breadcrumb\",\"itemListElement\":[{\"@type\":\"ListItem\",\"position\":1,\"name\":\"In\u00edcio\",\"item\":\"https:\/\/fbnovas.edu.br\/site\/\"},{\"@type\":\"ListItem\",\"position\":2,\"name\":\"Biblioteca\",\"item\":\"https:\/\/fbnovas.edu.br\/site\/biblioteca\/\"},{\"@type\":\"ListItem\",\"position\":3,\"name\":\"Cole\u00e7\u00e3o &#8220;A Educa\u00e7\u00e3o Especial na Perspectiva da Inclus\u00e3o Escolar&#8221;\"}]},{\"@type\":\"WebSite\",\"@id\":\"https:\/\/fbnovas.edu.br\/site\/#website\",\"url\":\"https:\/\/fbnovas.edu.br\/site\/\",\"name\":\"Faculdade Boas Novas\",\"description\":\"Matricula 2025\/2\",\"potentialAction\":[{\"@type\":\"SearchAction\",\"target\":{\"@type\":\"EntryPoint\",\"urlTemplate\":\"https:\/\/fbnovas.edu.br\/site\/?s={search_term_string}\"},\"query-input\":{\"@type\":\"PropertyValueSpecification\",\"valueRequired\":true,\"valueName\":\"search_term_string\"}}],\"inLanguage\":\"pt-BR\"}]}<\/script>\n<!-- \/ Yoast SEO plugin. -->","yoast_head_json":{"title":"Cole\u00e7\u00e3o \"A Educa\u00e7\u00e3o Especial na Perspectiva da Inclus\u00e3o Escolar\" - Faculdade Boas Novas","robots":{"index":"index","follow":"follow","max-snippet":"max-snippet:-1","max-image-preview":"max-image-preview:large","max-video-preview":"max-video-preview:-1"},"canonical":"https:\/\/fbnovas.edu.br\/site\/biblioteca\/colecao-a-educacao-especial-na-perspectiva-da-inclusao-escolar\/","og_locale":"pt_BR","og_type":"article","og_title":"Cole\u00e7\u00e3o \"A Educa\u00e7\u00e3o Especial na Perspectiva da Inclus\u00e3o Escolar\" - Faculdade Boas Novas","og_description":"Onde o conhecimento traz liberdade Cole\u00e7\u00e3o produzida pelo Minist\u00e9rio da Educa\u00e7\u00e3o, tendo a finalidade de contribuir para a forma\u00e7\u00e3o dos [&hellip;]","og_url":"https:\/\/fbnovas.edu.br\/site\/biblioteca\/colecao-a-educacao-especial-na-perspectiva-da-inclusao-escolar\/","og_site_name":"Faculdade Boas Novas","og_image":[{"url":"http:\/\/3.86.64.9.nip.io\/wp-content\/uploads\/2021\/08\/estudante_academia_02_1.png","type":"","width":"","height":""}],"twitter_card":"summary_large_image","twitter_misc":{"Est. tempo de leitura":"1 minuto"},"schema":{"@context":"https:\/\/schema.org","@graph":[{"@type":"WebPage","@id":"https:\/\/fbnovas.edu.br\/site\/biblioteca\/colecao-a-educacao-especial-na-perspectiva-da-inclusao-escolar\/","url":"https:\/\/fbnovas.edu.br\/site\/biblioteca\/colecao-a-educacao-especial-na-perspectiva-da-inclusao-escolar\/","name":"Cole\u00e7\u00e3o \"A Educa\u00e7\u00e3o Especial na Perspectiva da Inclus\u00e3o Escolar\" - Faculdade Boas Novas","isPartOf":{"@id":"https:\/\/fbnovas.edu.br\/site\/#website"},"primaryImageOfPage":{"@id":"https:\/\/fbnovas.edu.br\/site\/biblioteca\/colecao-a-educacao-especial-na-perspectiva-da-inclusao-escolar\/#primaryimage"},"image":{"@id":"https:\/\/fbnovas.edu.br\/site\/biblioteca\/colecao-a-educacao-especial-na-perspectiva-da-inclusao-escolar\/#primaryimage"},"thumbnailUrl":"http:\/\/3.86.64.9.nip.io\/wp-content\/uploads\/2021\/08\/estudante_academia_02_1.png","datePublished":"2021-09-12T04:22:19+00:00","breadcrumb":{"@id":"https:\/\/fbnovas.edu.br\/site\/biblioteca\/colecao-a-educacao-especial-na-perspectiva-da-inclusao-escolar\/#breadcrumb"},"inLanguage":"pt-BR","potentialAction":[{"@type":"ReadAction","target":["https:\/\/fbnovas.edu.br\/site\/biblioteca\/colecao-a-educacao-especial-na-perspectiva-da-inclusao-escolar\/"]}]},{"@type":"ImageObject","inLanguage":"pt-BR","@id":"https:\/\/fbnovas.edu.br\/site\/biblioteca\/colecao-a-educacao-especial-na-perspectiva-da-inclusao-escolar\/#primaryimage","url":"http:\/\/3.86.64.9.nip.io\/wp-content\/uploads\/2021\/08\/estudante_academia_02_1.png","contentUrl":"http:\/\/3.86.64.9.nip.io\/wp-content\/uploads\/2021\/08\/estudante_academia_02_1.png"},{"@type":"BreadcrumbList","@id":"https:\/\/fbnovas.edu.br\/site\/biblioteca\/colecao-a-educacao-especial-na-perspectiva-da-inclusao-escolar\/#breadcrumb","itemListElement":[{"@type":"ListItem","position":1,"name":"In\u00edcio","item":"https:\/\/fbnovas.edu.br\/site\/"},{"@type":"ListItem","position":2,"name":"Biblioteca","item":"https:\/\/fbnovas.edu.br\/site\/biblioteca\/"},{"@type":"ListItem","position":3,"name":"Cole\u00e7\u00e3o &#8220;A Educa\u00e7\u00e3o Especial na Perspectiva da Inclus\u00e3o Escolar&#8221;"}]},{"@type":"WebSite","@id":"https:\/\/fbnovas.edu.br\/site\/#website","url":"https:\/\/fbnovas.edu.br\/site\/","name":"Faculdade Boas Novas","description":"Matricula 2025\/2","potentialAction":[{"@type":"SearchAction","target":{"@type":"EntryPoint","urlTemplate":"https:\/\/fbnovas.edu.br\/site\/?s={search_term_string}"},"query-input":{"@type":"PropertyValueSpecification","valueRequired":true,"valueName":"search_term_string"}}],"inLanguage":"pt-BR"}]}},"jetpack_sharing_enabled":true,"_links":{"self":[{"href":"https:\/\/fbnovas.edu.br\/site\/wp-json\/wp\/v2\/pages\/4316","targetHints":{"allow":["GET"]}}],"collection":[{"href":"https:\/\/fbnovas.edu.br\/site\/wp-json\/wp\/v2\/pages"}],"about":[{"href":"https:\/\/fbnovas.edu.br\/site\/wp-json\/wp\/v2\/types\/page"}],"author":[{"embeddable":true,"href":"https:\/\/fbnovas.edu.br\/site\/wp-json\/wp\/v2\/users\/1"}],"replies":[{"embeddable":true,"href":"https:\/\/fbnovas.edu.br\/site\/wp-json\/wp\/v2\/comments?post=4316"}],"version-history":[{"count":0,"href":"https:\/\/fbnovas.edu.br\/site\/wp-json\/wp\/v2\/pages\/4316\/revisions"}],"up":[{"embeddable":true,"href":"https:\/\/fbnovas.edu.br\/site\/wp-json\/wp\/v2\/pages\/4271"}],"wp:attachment":[{"href":"https:\/\/fbnovas.edu.br\/site\/wp-json\/wp\/v2\/media?parent=4316"}],"curies":[{"name":"wp","href":"https:\/\/api.w.org\/{rel}","templated":true}]}}