{"id":4531,"date":"2021-09-14T12:41:07","date_gmt":"2021-09-14T16:41:07","guid":{"rendered":"https:\/\/inscricao.fbnovas.edu.br\/?page_id=4531"},"modified":"2021-09-14T12:41:07","modified_gmt":"2021-09-14T16:41:07","slug":"magisterio-do-ensino-superior","status":"publish","type":"page","link":"https:\/\/fbnovas.edu.br\/site\/cursos\/pos-graduacao\/magisterio-do-ensino-superior\/","title":{"rendered":"Magist\u00e9rio do Ensino Superior"},"content":{"rendered":"\t\t<div data-elementor-type=\"wp-page\" data-elementor-id=\"4531\" class=\"elementor elementor-4531\" data-elementor-settings=\"{&quot;ha_cmc_init_switcher&quot;:&quot;no&quot;}\" data-elementor-post-type=\"page\">\n\t\t\t\t\t\t<section class=\"elementor-section elementor-top-section elementor-element elementor-element-62239b4 elementor-section-boxed elementor-section-height-default elementor-section-height-default\" data-id=\"62239b4\" data-element_type=\"section\" data-settings=\"{&quot;_ha_eqh_enable&quot;:false}\">\n\t\t\t\t\t\t<div class=\"elementor-container elementor-column-gap-default\">\n\t\t\t\t\t<div class=\"elementor-column elementor-col-100 elementor-top-column elementor-element elementor-element-83968ed\" data-id=\"83968ed\" data-element_type=\"column\">\n\t\t\t<div class=\"elementor-widget-wrap elementor-element-populated\">\n\t\t\t\t\t\t<section class=\"elementor-section elementor-inner-section elementor-element elementor-element-6afd915 elementor-section-boxed elementor-section-height-default elementor-section-height-default\" data-id=\"6afd915\" data-element_type=\"section\" data-settings=\"{&quot;_ha_eqh_enable&quot;:false}\">\n\t\t\t\t\t\t<div class=\"elementor-container elementor-column-gap-default\">\n\t\t\t\t\t<div class=\"elementor-column elementor-col-100 elementor-inner-column elementor-element elementor-element-a6b44ae\" data-id=\"a6b44ae\" data-element_type=\"column\">\n\t\t\t<div class=\"elementor-widget-wrap elementor-element-populated\">\n\t\t\t\t\t\t<div class=\"elementor-element elementor-element-cbabf80 elementor-widget elementor-widget-image\" data-id=\"cbabf80\" data-element_type=\"widget\" data-widget_type=\"image.default\">\n\t\t\t\t\t\t\t\t\t\t\t\t\t\t\t<img fetchpriority=\"high\" decoding=\"async\" width=\"1024\" height=\"495\" src=\"https:\/\/fbnovas.edu.br\/site\/wp-content\/uploads\/2022\/01\/MAGISTERIO-DO-ESINO-SUPERIOR-1024x495.png\" class=\"attachment-large size-large wp-image-5656\" alt=\"\" srcset=\"https:\/\/fbnovas.edu.br\/site\/wp-content\/uploads\/2022\/01\/MAGISTERIO-DO-ESINO-SUPERIOR-1024x495.png 1024w, https:\/\/fbnovas.edu.br\/site\/wp-content\/uploads\/2022\/01\/MAGISTERIO-DO-ESINO-SUPERIOR-300x145.png 300w, https:\/\/fbnovas.edu.br\/site\/wp-content\/uploads\/2022\/01\/MAGISTERIO-DO-ESINO-SUPERIOR-768x371.png 768w, https:\/\/fbnovas.edu.br\/site\/wp-content\/uploads\/2022\/01\/MAGISTERIO-DO-ESINO-SUPERIOR.png 1209w\" sizes=\"(max-width: 1024px) 100vw, 1024px\" \/>\t\t\t\t\t\t\t\t\t\t\t\t\t\t\t<\/div>\n\t\t\t\t<div class=\"elementor-element elementor-element-c3b63a3 elementor-align-center elementor-widget elementor-widget-global elementor-global-5419 elementor-widget-button\" data-id=\"c3b63a3\" data-element_type=\"widget\" data-widget_type=\"button.default\">\n\t\t\t\t\t\t\t\t\t\t<a class=\"elementor-button elementor-button-link elementor-size-sm\" href=\"https:\/\/portal.fbnovas.edu.br\/FrameHTML\/web\/app\/Edu\/PortalProcessoSeletivo\/?c=1&#038;f=1&#038;ps=09#\/es\/informacoes\">\n\t\t\t\t\t\t<span class=\"elementor-button-content-wrapper\">\n\t\t\t\t\t\t\t\t\t<span class=\"elementor-button-text\">INSCREVA-SE AQUI<\/span>\n\t\t\t\t\t<\/span>\n\t\t\t\t\t<\/a>\n\t\t\t\t\t\t\t\t<\/div>\n\t\t\t\t<div class=\"elementor-element elementor-element-52695fc elementor-widget elementor-widget-text-editor\" data-id=\"52695fc\" data-element_type=\"widget\" data-widget_type=\"text-editor.default\">\n\t\t\t\t\t\t\t\t\t<p><strong>P\u00daBLICO ALVO<\/strong><\/p><p>Licenciados ou Bachar\u00e9is em qualquer \u00e1rea do conhecimento, preferencialmente os Professores, Educadores ou Licenciados na \u00e1rea de humanas.<\/p><p><strong>\u00a0<\/strong><\/p><p><strong>PER\u00cdODO DE REALIZA\u00c7\u00c3O:\u00a0<\/strong>16 meses (m\u00e9dia)<\/p><p><strong>CARGA HOR\u00c1RIA:<\/strong>\u00a0360 horas<\/p><p><strong>\u00a0<\/strong><\/p><p><strong>OBJETIVO GERAL<\/strong><\/p><ul><li>O Curso em Magist\u00e9rio do Ensino Superior visa favorecer profissionais, j\u00e1 graduados, que atuam ou desejam atuar na pr\u00e1tica docente em Institui\u00e7\u00f5es de Ensino Superior, atrav\u00e9s de uma metodologia diferenciada, fundamenta\u00e7\u00e3o te\u00f3rica e legal, al\u00e9m das ferramentas pedag\u00f3gicas e administrativas, desenvolvendo, implementando e aprimorando processos educacionais, possibilitando assim eficientes resultados na pr\u00e1tica docente.<\/li><\/ul><p><strong>OBJETIVOS ESPEC\u00cdFICOS<\/strong><\/p><ul><li>Adquirir conhecimento das teorias, das pesquisas e pr\u00e1ticas pedag\u00f3gicas para o ensino superior;<\/li><li>Compreender os m\u00e9todos e t\u00e9cnicas das pesquisas e pr\u00e1ticas pedag\u00f3gicas, com o intuito de desenvolver pr\u00e1ticas did\u00e1tico-pedag\u00f3gicas em sala de aula com os alunos de cursos superiores;<\/li><li>Aprimorar-se nos diversos saberes da metodologia do Ensino Superior;<\/li><\/ul><p><strong>JUSTIFICATIVA<\/strong><\/p><ul><li>O curso parte da ideia de que o processo formativo do ensino superior \u00e9 uma exig\u00eancia dos grupos educacionais e busca um efetivo trabalho de qualidade na forma\u00e7\u00e3o e novos docentes. Assim, tem a finalidade de capacitar o docente nas pr\u00e1ticas pedag\u00f3gicas do Ensino Superior, al\u00e9m de abrir um leque de op\u00e7\u00f5es para os profissionais da educa\u00e7\u00e3o.<\/li><\/ul><p><strong>HOR\u00c1RIO:<\/strong><\/p><p><strong>Op\u00e7\u00e3o 1\u00a0<\/strong>\u2013 Sextas-feiras: 18h30\u00a0\u00e0s 22h e aos s\u00e1bados: 8h \u00e0s 11h40h<br \/><b>Op\u00e7\u00e3o 2<\/b>\u00a0\u2013 Ter\u00e7as e quintas-feiras: 18h30 \u00e0s 22h<br \/><strong>Op\u00e7\u00e3o 3\u00a0<\/strong>\u2013 Segundas e quartas-feiras: 18h30 \u00e0s 22h<\/p><p><strong>DOCUMENTOS PARA INSCRI\u00c7\u00c3O &#8211;\u00a0<\/strong><strong>Realize sua inscri\u00e7\u00e3o na Secretaria Acad\u00eamica<\/strong><\/p><ul><li>Diploma gradua\u00e7\u00e3o \u2013 autenticado;<\/li><li>Hist\u00f3rico \u2013 autenticado;<\/li><li>CPF;<\/li><li>RG;<\/li><li>T\u00edtulo de Eleitor;<\/li><li>Certid\u00e3o de Nascimento ou Casamento;<\/li><li>Certificado de Reservista (Homem);<\/li><li>Comprovante de Resid\u00eancia;<\/li><li>2 Fotos 3\u00d74<\/li><\/ul><p><a href=\"http:\/\/www.fbnovas.edu.br\/site\/wp-content\/uploads\/2018\/12\/MAGIST%C3%89RIO%20DO%20ENSINO%20SUPERIOR%20-%20Estrutura%20Curricular%20(Atualizada).pdf\" target=\"_blank\" rel=\"noopener noreferrer\"><strong>MATRIZ CURRICULAR<\/strong><\/a><strong>:<\/strong><\/p><table width=\"0\"><tbody><tr><td width=\"56\"><strong>M\u00d3D<\/strong><\/td><td width=\"520\"><strong>COMPONENTES<\/strong><\/td><td width=\"66\"><strong>CH<\/strong><\/td><\/tr><tr><td width=\"56\">1<\/td><td width=\"520\">Introdu\u00e7\u00e3o ao Ensino Superior<\/td><td width=\"66\">30h<\/td><\/tr><tr><td width=\"56\">2<\/td><td width=\"520\">Andragogia<\/td><td width=\"66\">30h<\/td><\/tr><tr><td width=\"56\">3<\/td><td width=\"520\">Filosofia e Sociologia da Educa\u00e7\u00e3o<\/td><td width=\"66\">30h<\/td><\/tr><tr><td width=\"56\">4<\/td><td width=\"520\">Legisla\u00e7\u00e3o do Ensino Superior<\/td><td width=\"66\">30h<\/td><\/tr><tr><td width=\"56\">5<\/td><td width=\"520\">Metodologia da Pesquisa em Educa\u00e7\u00e3o I<\/td><td width=\"66\">30h<\/td><\/tr><tr><td width=\"56\">6<\/td><td width=\"520\">Did\u00e1tica do Ensino superior<\/td><td width=\"66\">30h<\/td><\/tr><tr><td width=\"56\">7<\/td><td width=\"520\">Metodologias Ativas<\/td><td width=\"66\">30h<\/td><\/tr><tr><td width=\"56\">8<\/td><td width=\"520\">Planejamento de Ensino e Avalia\u00e7\u00e3o da Aprendizagem no Ensino Superior<\/td><td width=\"66\">30h<\/td><\/tr><tr><td width=\"56\">9<\/td><td width=\"520\">Gest\u00e3o e Din\u00e2micas de Sala de aula<\/td><td width=\"66\">30h<\/td><\/tr><tr><td width=\"56\">10<\/td><td width=\"520\">Avalia\u00e7\u00e3o por Compet\u00eancias<\/td><td width=\"66\">30h<\/td><\/tr><tr><td width=\"56\">11<\/td><td width=\"520\">Educa\u00e7\u00e3o a Dist\u00e2ncia<\/td><td width=\"66\">30h<\/td><\/tr><tr><td width=\"56\">12<\/td><td width=\"520\">Metodologia da Pesquisa em Educa\u00e7\u00e3o II e TCC<\/td><td width=\"66\">30h<\/td><\/tr><tr><td width=\"56\">\u00a0<\/td><td width=\"520\">\u00a0<\/td><td width=\"66\"><strong>360h<\/strong><\/td><\/tr><\/tbody><\/table><p>\u00a0<\/p>\t\t\t\t\t\t\t\t<\/div>\n\t\t\t\t<div class=\"elementor-element elementor-element-325500c elementor-widget elementor-widget-global elementor-global-5522 elementor-widget-text-editor\" data-id=\"325500c\" data-element_type=\"widget\" data-widget_type=\"text-editor.default\">\n\t\t\t\t\t\t\t\t\t<p style=\"font-weight: 400;\"><strong>CONTATOS:<\/strong><\/p><p style=\"font-weight: 400;\">Coordena\u00e7\u00e3o de P\u00f3s-gradua\u00e7\u00e3o: Prof. Me. Hernan Herrera<\/p><p style=\"font-weight: 400;\">Telefones:\u00a0 <a href=\"https:\/\/api.whatsapp.com\/send?phone=55929985616595\"><img decoding=\"async\" src=\"https:\/\/fbnovas.edu.br\/site\/wp-content\/uploads\/2022\/01\/whats.png \" alt=\"some text\" width=\"20\" height=\"30\" \/> 98121-2373<\/a><\/p><p style=\"font-weight: 400;\">E-mail:\u00a0<a href=\"mailto:posgraduacao@fbnovas.edu.br\">posgraduacao@fbnovas.edu.br<\/a><\/p>\t\t\t\t\t\t\t\t<\/div>\n\t\t\t\t\t<\/div>\n\t\t<\/div>\n\t\t\t\t\t<\/div>\n\t\t<\/section>\n\t\t\t\t\t<\/div>\n\t\t<\/div>\n\t\t\t\t\t<\/div>\n\t\t<\/section>\n\t\t\t\t<\/div>\n\t\t","protected":false},"excerpt":{"rendered":"<p>INSCREVA-SE AQUI P\u00daBLICO ALVO Licenciados ou Bachar\u00e9is em qualquer \u00e1rea do conhecimento, preferencialmente os Professores, Educadores ou Licenciados na \u00e1rea [&hellip;]<\/p>\n","protected":false},"author":1,"featured_media":0,"parent":3605,"menu_order":0,"comment_status":"closed","ping_status":"closed","template":"","meta":{"site-sidebar-layout":"no-sidebar","site-content-layout":"page-builder","ast-site-content-layout":"default","site-content-style":"default","site-sidebar-style":"default","ast-global-header-display":"","ast-banner-title-visibility":"","ast-main-header-display":"","ast-hfb-above-header-display":"","ast-hfb-below-header-display":"","ast-hfb-mobile-header-display":"","site-post-title":"disabled","ast-breadcrumbs-content":"","ast-featured-img":"disabled","footer-sml-layout":"","ast-disable-related-posts":"","theme-transparent-header-meta":"default","adv-header-id-meta":"","stick-header-meta":"","header-above-stick-meta":"","header-main-stick-meta":"","header-below-stick-meta":"","astra-migrate-meta-layouts":"default","ast-page-background-enabled":"default","ast-page-background-meta":{"desktop":{"background-color":"var(--ast-global-color-5)","background-image":"","background-repeat":"repeat","background-position":"center center","background-size":"auto","background-attachment":"scroll","background-type":"","background-media":"","overlay-type":"","overlay-color":"","overlay-opacity":"","overlay-gradient":""},"tablet":{"background-color":"","background-image":"","background-repeat":"repeat","background-position":"center center","background-size":"auto","background-attachment":"scroll","background-type":"","background-media":"","overlay-type":"","overlay-color":"","overlay-opacity":"","overlay-gradient":""},"mobile":{"background-color":"","background-image":"","background-repeat":"repeat","background-position":"center center","background-size":"auto","background-attachment":"scroll","background-type":"","background-media":"","overlay-type":"","overlay-color":"","overlay-opacity":"","overlay-gradient":""}},"ast-content-background-meta":{"desktop":{"background-color":"var(--ast-global-color-4)","background-image":"","background-repeat":"repeat","background-position":"center center","background-size":"auto","background-attachment":"scroll","background-type":"","background-media":"","overlay-type":"","overlay-color":"","overlay-opacity":"","overlay-gradient":""},"tablet":{"background-color":"var(--ast-global-color-4)","background-image":"","background-repeat":"repeat","background-position":"center center","background-size":"auto","background-attachment":"scroll","background-type":"","background-media":"","overlay-type":"","overlay-color":"","overlay-opacity":"","overlay-gradient":""},"mobile":{"background-color":"var(--ast-global-color-4)","background-image":"","background-repeat":"repeat","background-position":"center center","background-size":"auto","background-attachment":"scroll","background-type":"","background-media":"","overlay-type":"","overlay-color":"","overlay-opacity":"","overlay-gradient":""}},"footnotes":""},"class_list":["post-4531","page","type-page","status-publish","hentry"],"yoast_head":"<!-- This site is optimized with the Yoast SEO plugin v27.0 - https:\/\/yoast.com\/product\/yoast-seo-wordpress\/ -->\n<title>Magist\u00e9rio do Ensino Superior - Faculdade Boas Novas<\/title>\n<meta name=\"robots\" content=\"index, follow, max-snippet:-1, max-image-preview:large, max-video-preview:-1\" \/>\n<link rel=\"canonical\" href=\"https:\/\/fbnovas.edu.br\/site\/cursos\/pos-graduacao\/magisterio-do-ensino-superior\/\" \/>\n<meta property=\"og:locale\" content=\"pt_BR\" \/>\n<meta property=\"og:type\" content=\"article\" \/>\n<meta property=\"og:title\" content=\"Magist\u00e9rio do Ensino Superior - Faculdade Boas Novas\" \/>\n<meta property=\"og:description\" content=\"INSCREVA-SE AQUI P\u00daBLICO ALVO Licenciados ou Bachar\u00e9is em qualquer \u00e1rea do conhecimento, preferencialmente os Professores, Educadores ou Licenciados na \u00e1rea [&hellip;]\" \/>\n<meta property=\"og:url\" content=\"https:\/\/fbnovas.edu.br\/site\/cursos\/pos-graduacao\/magisterio-do-ensino-superior\/\" \/>\n<meta property=\"og:site_name\" content=\"Faculdade Boas Novas\" \/>\n<meta property=\"og:image\" content=\"http:\/\/3.86.64.9.nip.io\/wp-content\/uploads\/2022\/01\/MAGISTERIO-DO-ESINO-SUPERIOR-1024x495.png\" \/>\n<meta name=\"twitter:card\" content=\"summary_large_image\" \/>\n<meta name=\"twitter:label1\" content=\"Est. tempo de leitura\" \/>\n\t<meta name=\"twitter:data1\" content=\"2 minutos\" \/>\n<script type=\"application\/ld+json\" class=\"yoast-schema-graph\">{\"@context\":\"https:\/\/schema.org\",\"@graph\":[{\"@type\":\"WebPage\",\"@id\":\"https:\/\/fbnovas.edu.br\/site\/cursos\/pos-graduacao\/magisterio-do-ensino-superior\/\",\"url\":\"https:\/\/fbnovas.edu.br\/site\/cursos\/pos-graduacao\/magisterio-do-ensino-superior\/\",\"name\":\"Magist\u00e9rio do Ensino Superior - Faculdade Boas Novas\",\"isPartOf\":{\"@id\":\"https:\/\/fbnovas.edu.br\/site\/#website\"},\"primaryImageOfPage\":{\"@id\":\"https:\/\/fbnovas.edu.br\/site\/cursos\/pos-graduacao\/magisterio-do-ensino-superior\/#primaryimage\"},\"image\":{\"@id\":\"https:\/\/fbnovas.edu.br\/site\/cursos\/pos-graduacao\/magisterio-do-ensino-superior\/#primaryimage\"},\"thumbnailUrl\":\"http:\/\/3.86.64.9.nip.io\/wp-content\/uploads\/2022\/01\/MAGISTERIO-DO-ESINO-SUPERIOR-1024x495.png\",\"datePublished\":\"2021-09-14T16:41:07+00:00\",\"breadcrumb\":{\"@id\":\"https:\/\/fbnovas.edu.br\/site\/cursos\/pos-graduacao\/magisterio-do-ensino-superior\/#breadcrumb\"},\"inLanguage\":\"pt-BR\",\"potentialAction\":[{\"@type\":\"ReadAction\",\"target\":[\"https:\/\/fbnovas.edu.br\/site\/cursos\/pos-graduacao\/magisterio-do-ensino-superior\/\"]}]},{\"@type\":\"ImageObject\",\"inLanguage\":\"pt-BR\",\"@id\":\"https:\/\/fbnovas.edu.br\/site\/cursos\/pos-graduacao\/magisterio-do-ensino-superior\/#primaryimage\",\"url\":\"http:\/\/3.86.64.9.nip.io\/wp-content\/uploads\/2022\/01\/MAGISTERIO-DO-ESINO-SUPERIOR-1024x495.png\",\"contentUrl\":\"http:\/\/3.86.64.9.nip.io\/wp-content\/uploads\/2022\/01\/MAGISTERIO-DO-ESINO-SUPERIOR-1024x495.png\"},{\"@type\":\"BreadcrumbList\",\"@id\":\"https:\/\/fbnovas.edu.br\/site\/cursos\/pos-graduacao\/magisterio-do-ensino-superior\/#breadcrumb\",\"itemListElement\":[{\"@type\":\"ListItem\",\"position\":1,\"name\":\"In\u00edcio\",\"item\":\"https:\/\/fbnovas.edu.br\/site\/\"},{\"@type\":\"ListItem\",\"position\":2,\"name\":\"Cursos\",\"item\":\"https:\/\/fbnovas.edu.br\/site\/cursos\/\"},{\"@type\":\"ListItem\",\"position\":3,\"name\":\"P\u00f3s-Gradua\u00e7\u00e3o\",\"item\":\"https:\/\/fbnovas.edu.br\/site\/cursos\/pos-graduacao\/\"},{\"@type\":\"ListItem\",\"position\":4,\"name\":\"Magist\u00e9rio do Ensino Superior\"}]},{\"@type\":\"WebSite\",\"@id\":\"https:\/\/fbnovas.edu.br\/site\/#website\",\"url\":\"https:\/\/fbnovas.edu.br\/site\/\",\"name\":\"Faculdade Boas Novas\",\"description\":\"Matricula 2025\/2\",\"potentialAction\":[{\"@type\":\"SearchAction\",\"target\":{\"@type\":\"EntryPoint\",\"urlTemplate\":\"https:\/\/fbnovas.edu.br\/site\/?s={search_term_string}\"},\"query-input\":{\"@type\":\"PropertyValueSpecification\",\"valueRequired\":true,\"valueName\":\"search_term_string\"}}],\"inLanguage\":\"pt-BR\"}]}<\/script>\n<!-- \/ Yoast SEO plugin. -->","yoast_head_json":{"title":"Magist\u00e9rio do Ensino Superior - Faculdade Boas Novas","robots":{"index":"index","follow":"follow","max-snippet":"max-snippet:-1","max-image-preview":"max-image-preview:large","max-video-preview":"max-video-preview:-1"},"canonical":"https:\/\/fbnovas.edu.br\/site\/cursos\/pos-graduacao\/magisterio-do-ensino-superior\/","og_locale":"pt_BR","og_type":"article","og_title":"Magist\u00e9rio do Ensino Superior - Faculdade Boas Novas","og_description":"INSCREVA-SE AQUI P\u00daBLICO ALVO Licenciados ou Bachar\u00e9is em qualquer \u00e1rea do conhecimento, preferencialmente os Professores, Educadores ou Licenciados na \u00e1rea [&hellip;]","og_url":"https:\/\/fbnovas.edu.br\/site\/cursos\/pos-graduacao\/magisterio-do-ensino-superior\/","og_site_name":"Faculdade Boas Novas","og_image":[{"url":"http:\/\/3.86.64.9.nip.io\/wp-content\/uploads\/2022\/01\/MAGISTERIO-DO-ESINO-SUPERIOR-1024x495.png","type":"","width":"","height":""}],"twitter_card":"summary_large_image","twitter_misc":{"Est. tempo de leitura":"2 minutos"},"schema":{"@context":"https:\/\/schema.org","@graph":[{"@type":"WebPage","@id":"https:\/\/fbnovas.edu.br\/site\/cursos\/pos-graduacao\/magisterio-do-ensino-superior\/","url":"https:\/\/fbnovas.edu.br\/site\/cursos\/pos-graduacao\/magisterio-do-ensino-superior\/","name":"Magist\u00e9rio do Ensino Superior - Faculdade Boas Novas","isPartOf":{"@id":"https:\/\/fbnovas.edu.br\/site\/#website"},"primaryImageOfPage":{"@id":"https:\/\/fbnovas.edu.br\/site\/cursos\/pos-graduacao\/magisterio-do-ensino-superior\/#primaryimage"},"image":{"@id":"https:\/\/fbnovas.edu.br\/site\/cursos\/pos-graduacao\/magisterio-do-ensino-superior\/#primaryimage"},"thumbnailUrl":"http:\/\/3.86.64.9.nip.io\/wp-content\/uploads\/2022\/01\/MAGISTERIO-DO-ESINO-SUPERIOR-1024x495.png","datePublished":"2021-09-14T16:41:07+00:00","breadcrumb":{"@id":"https:\/\/fbnovas.edu.br\/site\/cursos\/pos-graduacao\/magisterio-do-ensino-superior\/#breadcrumb"},"inLanguage":"pt-BR","potentialAction":[{"@type":"ReadAction","target":["https:\/\/fbnovas.edu.br\/site\/cursos\/pos-graduacao\/magisterio-do-ensino-superior\/"]}]},{"@type":"ImageObject","inLanguage":"pt-BR","@id":"https:\/\/fbnovas.edu.br\/site\/cursos\/pos-graduacao\/magisterio-do-ensino-superior\/#primaryimage","url":"http:\/\/3.86.64.9.nip.io\/wp-content\/uploads\/2022\/01\/MAGISTERIO-DO-ESINO-SUPERIOR-1024x495.png","contentUrl":"http:\/\/3.86.64.9.nip.io\/wp-content\/uploads\/2022\/01\/MAGISTERIO-DO-ESINO-SUPERIOR-1024x495.png"},{"@type":"BreadcrumbList","@id":"https:\/\/fbnovas.edu.br\/site\/cursos\/pos-graduacao\/magisterio-do-ensino-superior\/#breadcrumb","itemListElement":[{"@type":"ListItem","position":1,"name":"In\u00edcio","item":"https:\/\/fbnovas.edu.br\/site\/"},{"@type":"ListItem","position":2,"name":"Cursos","item":"https:\/\/fbnovas.edu.br\/site\/cursos\/"},{"@type":"ListItem","position":3,"name":"P\u00f3s-Gradua\u00e7\u00e3o","item":"https:\/\/fbnovas.edu.br\/site\/cursos\/pos-graduacao\/"},{"@type":"ListItem","position":4,"name":"Magist\u00e9rio do Ensino Superior"}]},{"@type":"WebSite","@id":"https:\/\/fbnovas.edu.br\/site\/#website","url":"https:\/\/fbnovas.edu.br\/site\/","name":"Faculdade Boas Novas","description":"Matricula 2025\/2","potentialAction":[{"@type":"SearchAction","target":{"@type":"EntryPoint","urlTemplate":"https:\/\/fbnovas.edu.br\/site\/?s={search_term_string}"},"query-input":{"@type":"PropertyValueSpecification","valueRequired":true,"valueName":"search_term_string"}}],"inLanguage":"pt-BR"}]}},"jetpack_sharing_enabled":true,"_links":{"self":[{"href":"https:\/\/fbnovas.edu.br\/site\/wp-json\/wp\/v2\/pages\/4531","targetHints":{"allow":["GET"]}}],"collection":[{"href":"https:\/\/fbnovas.edu.br\/site\/wp-json\/wp\/v2\/pages"}],"about":[{"href":"https:\/\/fbnovas.edu.br\/site\/wp-json\/wp\/v2\/types\/page"}],"author":[{"embeddable":true,"href":"https:\/\/fbnovas.edu.br\/site\/wp-json\/wp\/v2\/users\/1"}],"replies":[{"embeddable":true,"href":"https:\/\/fbnovas.edu.br\/site\/wp-json\/wp\/v2\/comments?post=4531"}],"version-history":[{"count":0,"href":"https:\/\/fbnovas.edu.br\/site\/wp-json\/wp\/v2\/pages\/4531\/revisions"}],"up":[{"embeddable":true,"href":"https:\/\/fbnovas.edu.br\/site\/wp-json\/wp\/v2\/pages\/3605"}],"wp:attachment":[{"href":"https:\/\/fbnovas.edu.br\/site\/wp-json\/wp\/v2\/media?parent=4531"}],"curies":[{"name":"wp","href":"https:\/\/api.w.org\/{rel}","templated":true}]}}