{"id":7820,"date":"2023-04-14T10:12:44","date_gmt":"2023-04-14T14:12:44","guid":{"rendered":"https:\/\/fbnovas.edu.br\/site\/?page_id=7820"},"modified":"2023-04-14T10:12:44","modified_gmt":"2023-04-14T14:12:44","slug":"declaracao-imposto-de-renda","status":"publish","type":"page","link":"https:\/\/fbnovas.edu.br\/site\/servicos\/declaracao-imposto-de-renda\/","title":{"rendered":"Declara\u00e7\u00e3o de IR"},"content":{"rendered":"\t\t<div data-elementor-type=\"wp-page\" data-elementor-id=\"7820\" class=\"elementor elementor-7820\" data-elementor-settings=\"{&quot;ha_cmc_init_switcher&quot;:&quot;no&quot;}\" data-elementor-post-type=\"page\">\n\t\t\t\t\t\t<section class=\"elementor-section elementor-top-section elementor-element elementor-element-64d9c332 elementor-section-full_width elementor-section-height-default elementor-section-height-default\" data-id=\"64d9c332\" data-element_type=\"section\" data-settings=\"{&quot;background_background&quot;:&quot;classic&quot;,&quot;_ha_eqh_enable&quot;:false}\">\n\t\t\t\t\t\t\t<div class=\"elementor-background-overlay\"><\/div>\n\t\t\t\t\t\t\t<div class=\"elementor-container elementor-column-gap-default\">\n\t\t\t\t\t<div class=\"elementor-column elementor-col-100 elementor-top-column elementor-element elementor-element-259b1238\" data-id=\"259b1238\" data-element_type=\"column\">\n\t\t\t<div class=\"elementor-widget-wrap elementor-element-populated\">\n\t\t\t\t\t\t<section class=\"elementor-section elementor-inner-section elementor-element elementor-element-24859e25 elementor-section-boxed elementor-section-height-default elementor-section-height-default\" data-id=\"24859e25\" data-element_type=\"section\" data-settings=\"{&quot;_ha_eqh_enable&quot;:false}\">\n\t\t\t\t\t\t<div class=\"elementor-container elementor-column-gap-default\">\n\t\t\t\t\t<div class=\"elementor-column elementor-col-50 elementor-inner-column elementor-element elementor-element-6b872829\" data-id=\"6b872829\" data-element_type=\"column\">\n\t\t\t<div class=\"elementor-widget-wrap elementor-element-populated\">\n\t\t\t\t\t\t<div class=\"elementor-element elementor-element-51597581 elementor-align-left elementor-widget elementor-widget-breadcrumbs\" data-id=\"51597581\" data-element_type=\"widget\" data-widget_type=\"breadcrumbs.default\">\n\t\t\t\t\t<p id=\"breadcrumbs\"><span><span><a href=\"https:\/\/fbnovas.edu.br\/site\/\">In\u00edcio<\/a><\/span><\/span><\/p>\t\t\t\t<\/div>\n\t\t\t\t\t<\/div>\n\t\t<\/div>\n\t\t\t\t<div class=\"elementor-column elementor-col-50 elementor-inner-column elementor-element elementor-element-45cdd629 elementor-hidden-tablet elementor-hidden-phone\" data-id=\"45cdd629\" data-element_type=\"column\">\n\t\t\t<div class=\"elementor-widget-wrap\">\n\t\t\t\t\t\t\t<\/div>\n\t\t<\/div>\n\t\t\t\t\t<\/div>\n\t\t<\/section>\n\t\t\t\t<section class=\"elementor-section elementor-inner-section elementor-element elementor-element-7d20b3d elementor-section-boxed elementor-section-height-default elementor-section-height-default\" data-id=\"7d20b3d\" data-element_type=\"section\" data-settings=\"{&quot;_ha_eqh_enable&quot;:false}\">\n\t\t\t\t\t\t<div class=\"elementor-container elementor-column-gap-default\">\n\t\t\t\t\t<div class=\"elementor-column elementor-col-100 elementor-inner-column elementor-element elementor-element-41738713\" data-id=\"41738713\" data-element_type=\"column\">\n\t\t\t<div class=\"elementor-widget-wrap elementor-element-populated\">\n\t\t\t\t\t\t<div class=\"elementor-element elementor-element-50d283d8 elementor-widget elementor-widget-heading\" data-id=\"50d283d8\" data-element_type=\"widget\" data-widget_type=\"heading.default\">\n\t\t\t\t\t<h4 class=\"elementor-heading-title elementor-size-default\">Onde o conhecimento traz liberdade<\/h4>\t\t\t\t<\/div>\n\t\t\t\t\t<\/div>\n\t\t<\/div>\n\t\t\t\t\t<\/div>\n\t\t<\/section>\n\t\t\t\t\t<\/div>\n\t\t<\/div>\n\t\t\t\t\t<\/div>\n\t\t<\/section>\n\t\t\t\t<section class=\"elementor-section elementor-top-section elementor-element elementor-element-812b9b9 elementor-section-full_width elementor-section-height-default elementor-section-height-default\" data-id=\"812b9b9\" data-element_type=\"section\" data-settings=\"{&quot;background_background&quot;:&quot;classic&quot;,&quot;_ha_eqh_enable&quot;:false}\">\n\t\t\t\t\t\t<div class=\"elementor-container elementor-column-gap-default\">\n\t\t\t\t\t<div class=\"elementor-column elementor-col-100 elementor-top-column elementor-element elementor-element-2e04ebd\" data-id=\"2e04ebd\" data-element_type=\"column\">\n\t\t\t<div class=\"elementor-widget-wrap elementor-element-populated\">\n\t\t\t\t\t\t<section class=\"elementor-section elementor-inner-section elementor-element elementor-element-1a7fb61 elementor-section-boxed elementor-section-height-default elementor-section-height-default\" data-id=\"1a7fb61\" data-element_type=\"section\" data-settings=\"{&quot;_ha_eqh_enable&quot;:false}\">\n\t\t\t\t\t\t<div class=\"elementor-container elementor-column-gap-default\">\n\t\t\t\t\t<div class=\"elementor-column elementor-col-100 elementor-inner-column elementor-element elementor-element-cd20e0a\" data-id=\"cd20e0a\" data-element_type=\"column\">\n\t\t\t<div class=\"elementor-widget-wrap elementor-element-populated\">\n\t\t\t\t\t\t<div class=\"elementor-element elementor-element-760137e elementor-widget elementor-widget-heading\" data-id=\"760137e\" data-element_type=\"widget\" data-widget_type=\"heading.default\">\n\t\t\t\t\t<h3 class=\"elementor-heading-title elementor-size-default\">Declara\u00e7\u00e3o de imposto de Renda Pessoa F\u00edsica<\/h3>\t\t\t\t<\/div>\n\t\t\t\t<div class=\"elementor-element elementor-element-6b44385 elementor-widget elementor-widget-heading\" data-id=\"6b44385\" data-element_type=\"widget\" data-widget_type=\"heading.default\">\n\t\t\t\t\t<h5 class=\"elementor-heading-title elementor-size-default\">Evento Especial para Emiss\u00e3o da Declara\u00e7\u00e3o de Imposto de Renda<\/h5>\t\t\t\t<\/div>\n\t\t\t\t<div class=\"elementor-element elementor-element-1eaf0cf elementor-widget elementor-widget-text-editor\" data-id=\"1eaf0cf\" data-element_type=\"widget\" data-widget_type=\"text-editor.default\">\n\t\t\t\t\t\t\t\t\t<p class=\"MsoNormal\" style=\"text-align: justify;\"><span style=\"color: #000000;\">Estamos<b> <\/b>prontos para te ajudar no N\u00facleo de Apoio Cont\u00e1bil e Fiscal (NAF) da Faculdade Boas Novas. Confira os hor\u00e1rios de atendimento:<\/span><\/p><p class=\"MsoNormal\" style=\"text-align: justify;\"><span style=\"color: #000000;\"><b style=\"font-style: inherit; font-family: var( --e-global-typography-text-font-family ), Sans-serif;\">Per\u00edodo: <\/b><span style=\"font-style: inherit; font-weight: inherit; font-family: var( --e-global-typography-text-font-family ), Sans-serif;\">16 a 19 de abril<\/span><\/span><\/p><p class=\"MsoNormal\" style=\"text-align: justify;\"><span style=\"color: #000000;\"><b>Segunda \u00e0 Sexta:<\/b> 14h \u00e0s 18h<\/span><\/p><p class=\"MsoNormal\" style=\"text-align: justify;\"><span style=\"color: #000000;\"><b>S\u00e1bado:<\/b> 9h \u00e0s 12h<\/span><\/p><p class=\"MsoNormal\" style=\"text-align: justify;\"><span style=\"color: #000000;\"><b>Documentos pessoais a serem divulgados para a sociedade em geral trazer para o atendimento:<\/b><\/span><\/p><ol style=\"margin-top: 0cm;\" start=\"1\" type=\"1\"><li class=\"MsoNormal\" style=\"text-align: justify; mso-list: l0 level1 lfo1;\"><span style=\"color: #000000;\"><b>Documento de identidade (nome, CPF, data de nascimento e t\u00edtulo de eleitor);<\/b><\/span><\/li><li class=\"MsoNormal\" style=\"text-align: justify; mso-list: l0 level1 lfo1;\"><span style=\"color: #000000;\"><b>Endere\u00e7o completo atualizado, com CEP;<\/b><\/span><\/li><li class=\"MsoNormal\" style=\"text-align: justify; mso-list: l0 level1 lfo1;\"><span style=\"color: #000000;\"><b>Comprovante da atividade profissional;<\/b><\/span><\/li><li class=\"MsoNormal\" style=\"text-align: justify; mso-list: l0 level1 lfo1;\"><span style=\"color: #000000;\"><b>Dados banc\u00e1rios, para d\u00e9bito ou restitui\u00e7\u00e3o do imposto \u2013 caso tenha PIX, o mesmo deve est\u00e1 com a chave do CPF;<\/b><\/span><\/li><li class=\"MsoNormal\" style=\"text-align: justify; mso-list: l0 level1 lfo1;\"><span style=\"color: #000000;\"><b>Dependentes (nome, data de nascimento, grau de parentesco e CPF).<\/b><\/span><\/li><\/ol><p class=\"MsoNormal\" style=\"text-align: justify;\"><span style=\"color: #000000;\"><b>Documentos relacionados \u00e0 renda (do contribuinte ou de dependentes):<\/b><b style=\"font-style: inherit; font-family: var( --e-global-typography-text-font-family ), Sans-serif;\">\u00a0<\/b><\/span><\/p><ol style=\"margin-top: 0cm;\" start=\"1\" type=\"1\"><li class=\"MsoNormal\" style=\"text-align: justify; mso-list: l1 level1 lfo2;\"><span style=\"color: #000000;\"><b>Informes de rendimentos de institui\u00e7\u00f5es financeiras, como bancos, bancos digitais, corretoras de valores e de investimentos;<\/b><\/span><\/li><li class=\"MsoNormal\" style=\"text-align: justify; mso-list: l1 level1 lfo2;\"><span style=\"color: #000000;\"><b>Informes de rendimentos de sal\u00e1rios, aposentadoria, pens\u00f5es, pr\u00f3-labore, distribui\u00e7\u00e3o de lucros;<\/b><\/span><\/li><li class=\"MsoNormal\" style=\"text-align: justify; mso-list: l1 level1 lfo2;\"><span style=\"color: #000000;\"><b>Informes de rendimentos de alugu\u00e9is de bens m\u00f3veis e im\u00f3veis;<\/b><\/span><\/li><\/ol><p><span style=\"color: #000000;\"><b><span style=\"font-size: 11.0pt; line-height: 115%; font-family: 'Arial',sans-serif; mso-fareast-font-family: Arial; mso-ansi-language: PT-BR; mso-fareast-language: PT-BR; mso-bidi-language: AR-SA;\">Informes de outras rendas recebidas em 2022, como doa\u00e7\u00f5es, heran\u00e7as e pens\u00e3o aliment\u00edcia.<\/span><\/b><\/span><\/p>\t\t\t\t\t\t\t\t<\/div>\n\t\t\t\t<div class=\"elementor-element elementor-element-38103e5 elementor-widget elementor-widget-image\" data-id=\"38103e5\" data-element_type=\"widget\" data-widget_type=\"image.default\">\n\t\t\t\t\t\t\t\t\t\t\t\t\t\t\t<img decoding=\"async\" src=\"https:\/\/fbnovas.edu.br\/site\/wp-content\/uploads\/2024\/04\/FBN-CARROSEL-IMPOSTO-DE-RENDA_01-1.jpg\" title=\"\" alt=\"\" loading=\"lazy\" \/>\t\t\t\t\t\t\t\t\t\t\t\t\t\t\t<\/div>\n\t\t\t\t\t<\/div>\n\t\t<\/div>\n\t\t\t\t\t<\/div>\n\t\t<\/section>\n\t\t\t\t<section class=\"elementor-section elementor-inner-section elementor-element elementor-element-082e54d elementor-section-boxed elementor-section-height-default elementor-section-height-default\" data-id=\"082e54d\" data-element_type=\"section\" data-settings=\"{&quot;_ha_eqh_enable&quot;:false}\">\n\t\t\t\t\t\t<div class=\"elementor-container elementor-column-gap-default\">\n\t\t\t\t\t<div class=\"elementor-column elementor-col-33 elementor-inner-column elementor-element elementor-element-1efa064\" data-id=\"1efa064\" data-element_type=\"column\">\n\t\t\t<div class=\"elementor-widget-wrap\">\n\t\t\t\t\t\t\t<\/div>\n\t\t<\/div>\n\t\t\t\t<div class=\"elementor-column elementor-col-33 elementor-inner-column elementor-element elementor-element-3e296c1\" data-id=\"3e296c1\" data-element_type=\"column\">\n\t\t\t<div class=\"elementor-widget-wrap elementor-element-populated\">\n\t\t\t\t\t\t<div class=\"elementor-element elementor-element-98e9a9f elementor-widget elementor-widget-heading\" data-id=\"98e9a9f\" data-element_type=\"widget\" data-widget_type=\"heading.default\">\n\t\t\t\t\t<h3 class=\"elementor-heading-title elementor-size-default\">Formul\u00e1rio de inscri\u00e7\u00e3o<\/h3>\t\t\t\t<\/div>\n\t\t\t\t<div class=\"elementor-element elementor-element-e5127ed fluentform-widget-submit-button-full-width elementor-widget elementor-widget-fluent-form-widget\" data-id=\"e5127ed\" data-element_type=\"widget\" data-widget_type=\"fluent-form-widget.default\">\n\t\t\t\t<div class=\"elementor-widget-container\">\n\t\t\t\t\t\n            <div class=\"fluentform-widget-wrapper fluentform-widget-align-default\">\n\n            \n                        <\/div>\n\n            \t\t\t\t<\/div>\n\t\t\t\t<\/div>\n\t\t\t\t\t<\/div>\n\t\t<\/div>\n\t\t\t\t<div class=\"elementor-column elementor-col-33 elementor-inner-column elementor-element elementor-element-77b0f34\" data-id=\"77b0f34\" data-element_type=\"column\">\n\t\t\t<div class=\"elementor-widget-wrap\">\n\t\t\t\t\t\t\t<\/div>\n\t\t<\/div>\n\t\t\t\t\t<\/div>\n\t\t<\/section>\n\t\t\t\t\t<\/div>\n\t\t<\/div>\n\t\t\t\t\t<\/div>\n\t\t<\/section>\n\t\t\t\t<\/div>\n\t\t","protected":false},"excerpt":{"rendered":"<p>Onde o conhecimento traz liberdade Declara\u00e7\u00e3o de imposto de Renda Pessoa F\u00edsica Evento Especial para Emiss\u00e3o da Declara\u00e7\u00e3o de Imposto [&hellip;]<\/p>\n","protected":false},"author":1,"featured_media":0,"parent":7768,"menu_order":0,"comment_status":"closed","ping_status":"closed","template":"","meta":{"site-sidebar-layout":"no-sidebar","site-content-layout":"page-builder","ast-site-content-layout":"default","site-content-style":"default","site-sidebar-style":"default","ast-global-header-display":"","ast-banner-title-visibility":"","ast-main-header-display":"","ast-hfb-above-header-display":"","ast-hfb-below-header-display":"","ast-hfb-mobile-header-display":"","site-post-title":"disabled","ast-breadcrumbs-content":"","ast-featured-img":"disabled","footer-sml-layout":"","ast-disable-related-posts":"","theme-transparent-header-meta":"","adv-header-id-meta":"","stick-header-meta":"","header-above-stick-meta":"","header-main-stick-meta":"","header-below-stick-meta":"","astra-migrate-meta-layouts":"default","ast-page-background-enabled":"default","ast-page-background-meta":{"desktop":{"background-color":"var(--ast-global-color-5)","background-image":"","background-repeat":"repeat","background-position":"center center","background-size":"auto","background-attachment":"scroll","background-type":"","background-media":"","overlay-type":"","overlay-color":"","overlay-opacity":"","overlay-gradient":""},"tablet":{"background-color":"","background-image":"","background-repeat":"repeat","background-position":"center center","background-size":"auto","background-attachment":"scroll","background-type":"","background-media":"","overlay-type":"","overlay-color":"","overlay-opacity":"","overlay-gradient":""},"mobile":{"background-color":"","background-image":"","background-repeat":"repeat","background-position":"center center","background-size":"auto","background-attachment":"scroll","background-type":"","background-media":"","overlay-type":"","overlay-color":"","overlay-opacity":"","overlay-gradient":""}},"ast-content-background-meta":{"desktop":{"background-color":"var(--ast-global-color-4)","background-image":"","background-repeat":"repeat","background-position":"center center","background-size":"auto","background-attachment":"scroll","background-type":"","background-media":"","overlay-type":"","overlay-color":"","overlay-opacity":"","overlay-gradient":""},"tablet":{"background-color":"var(--ast-global-color-4)","background-image":"","background-repeat":"repeat","background-position":"center center","background-size":"auto","background-attachment":"scroll","background-type":"","background-media":"","overlay-type":"","overlay-color":"","overlay-opacity":"","overlay-gradient":""},"mobile":{"background-color":"var(--ast-global-color-4)","background-image":"","background-repeat":"repeat","background-position":"center center","background-size":"auto","background-attachment":"scroll","background-type":"","background-media":"","overlay-type":"","overlay-color":"","overlay-opacity":"","overlay-gradient":""}},"footnotes":""},"class_list":["post-7820","page","type-page","status-publish","hentry"],"yoast_head":"<!-- This site is optimized with the Yoast SEO plugin v27.0 - https:\/\/yoast.com\/product\/yoast-seo-wordpress\/ -->\n<title>Declara\u00e7\u00e3o de IR - Faculdade Boas Novas<\/title>\n<meta name=\"robots\" content=\"index, follow, max-snippet:-1, max-image-preview:large, max-video-preview:-1\" \/>\n<link rel=\"canonical\" href=\"https:\/\/fbnovas.edu.br\/site\/servicos\/declaracao-imposto-de-renda\/\" \/>\n<meta property=\"og:locale\" content=\"pt_BR\" \/>\n<meta property=\"og:type\" content=\"article\" \/>\n<meta property=\"og:title\" content=\"Declara\u00e7\u00e3o de IR - Faculdade Boas Novas\" \/>\n<meta property=\"og:description\" content=\"Onde o conhecimento traz liberdade Declara\u00e7\u00e3o de imposto de Renda Pessoa F\u00edsica Evento Especial para Emiss\u00e3o da Declara\u00e7\u00e3o de Imposto [&hellip;]\" \/>\n<meta property=\"og:url\" content=\"https:\/\/fbnovas.edu.br\/site\/servicos\/declaracao-imposto-de-renda\/\" \/>\n<meta property=\"og:site_name\" content=\"Faculdade Boas Novas\" \/>\n<meta property=\"og:image\" content=\"http:\/\/3.86.64.9.nip.io\/wp-content\/uploads\/2024\/04\/FBN-CARROSEL-IMPOSTO-DE-RENDA_01-1-1024x1024.jpg\" \/>\n<meta name=\"twitter:card\" content=\"summary_large_image\" \/>\n<meta name=\"twitter:label1\" content=\"Est. tempo de leitura\" \/>\n\t<meta name=\"twitter:data1\" content=\"1 minuto\" \/>\n<script type=\"application\/ld+json\" class=\"yoast-schema-graph\">{\"@context\":\"https:\/\/schema.org\",\"@graph\":[{\"@type\":\"WebPage\",\"@id\":\"https:\/\/fbnovas.edu.br\/site\/servicos\/declaracao-imposto-de-renda\/\",\"url\":\"https:\/\/fbnovas.edu.br\/site\/servicos\/declaracao-imposto-de-renda\/\",\"name\":\"Declara\u00e7\u00e3o de IR - Faculdade Boas Novas\",\"isPartOf\":{\"@id\":\"https:\/\/fbnovas.edu.br\/site\/#website\"},\"primaryImageOfPage\":{\"@id\":\"https:\/\/fbnovas.edu.br\/site\/servicos\/declaracao-imposto-de-renda\/#primaryimage\"},\"image\":{\"@id\":\"https:\/\/fbnovas.edu.br\/site\/servicos\/declaracao-imposto-de-renda\/#primaryimage\"},\"thumbnailUrl\":\"http:\/\/3.86.64.9.nip.io\/wp-content\/uploads\/2024\/04\/FBN-CARROSEL-IMPOSTO-DE-RENDA_01-1-1024x1024.jpg\",\"datePublished\":\"2023-04-14T14:12:44+00:00\",\"breadcrumb\":{\"@id\":\"https:\/\/fbnovas.edu.br\/site\/servicos\/declaracao-imposto-de-renda\/#breadcrumb\"},\"inLanguage\":\"pt-BR\",\"potentialAction\":[{\"@type\":\"ReadAction\",\"target\":[\"https:\/\/fbnovas.edu.br\/site\/servicos\/declaracao-imposto-de-renda\/\"]}]},{\"@type\":\"ImageObject\",\"inLanguage\":\"pt-BR\",\"@id\":\"https:\/\/fbnovas.edu.br\/site\/servicos\/declaracao-imposto-de-renda\/#primaryimage\",\"url\":\"http:\/\/3.86.64.9.nip.io\/wp-content\/uploads\/2024\/04\/FBN-CARROSEL-IMPOSTO-DE-RENDA_01-1-1024x1024.jpg\",\"contentUrl\":\"http:\/\/3.86.64.9.nip.io\/wp-content\/uploads\/2024\/04\/FBN-CARROSEL-IMPOSTO-DE-RENDA_01-1-1024x1024.jpg\"},{\"@type\":\"BreadcrumbList\",\"@id\":\"https:\/\/fbnovas.edu.br\/site\/servicos\/declaracao-imposto-de-renda\/#breadcrumb\",\"itemListElement\":[{\"@type\":\"ListItem\",\"position\":1,\"name\":\"In\u00edcio\",\"item\":\"https:\/\/fbnovas.edu.br\/site\/\"},{\"@type\":\"ListItem\",\"position\":2,\"name\":\"Servi\u00e7os\",\"item\":\"https:\/\/fbnovas.edu.br\/site\/servicos\/\"},{\"@type\":\"ListItem\",\"position\":3,\"name\":\"Declara\u00e7\u00e3o de IR\"}]},{\"@type\":\"WebSite\",\"@id\":\"https:\/\/fbnovas.edu.br\/site\/#website\",\"url\":\"https:\/\/fbnovas.edu.br\/site\/\",\"name\":\"Faculdade Boas Novas\",\"description\":\"Matricula 2025\/2\",\"potentialAction\":[{\"@type\":\"SearchAction\",\"target\":{\"@type\":\"EntryPoint\",\"urlTemplate\":\"https:\/\/fbnovas.edu.br\/site\/?s={search_term_string}\"},\"query-input\":{\"@type\":\"PropertyValueSpecification\",\"valueRequired\":true,\"valueName\":\"search_term_string\"}}],\"inLanguage\":\"pt-BR\"}]}<\/script>\n<!-- \/ Yoast SEO plugin. -->","yoast_head_json":{"title":"Declara\u00e7\u00e3o de IR - Faculdade Boas Novas","robots":{"index":"index","follow":"follow","max-snippet":"max-snippet:-1","max-image-preview":"max-image-preview:large","max-video-preview":"max-video-preview:-1"},"canonical":"https:\/\/fbnovas.edu.br\/site\/servicos\/declaracao-imposto-de-renda\/","og_locale":"pt_BR","og_type":"article","og_title":"Declara\u00e7\u00e3o de IR - Faculdade Boas Novas","og_description":"Onde o conhecimento traz liberdade Declara\u00e7\u00e3o de imposto de Renda Pessoa F\u00edsica Evento Especial para Emiss\u00e3o da Declara\u00e7\u00e3o de Imposto [&hellip;]","og_url":"https:\/\/fbnovas.edu.br\/site\/servicos\/declaracao-imposto-de-renda\/","og_site_name":"Faculdade Boas Novas","og_image":[{"url":"http:\/\/3.86.64.9.nip.io\/wp-content\/uploads\/2024\/04\/FBN-CARROSEL-IMPOSTO-DE-RENDA_01-1-1024x1024.jpg","type":"","width":"","height":""}],"twitter_card":"summary_large_image","twitter_misc":{"Est. tempo de leitura":"1 minuto"},"schema":{"@context":"https:\/\/schema.org","@graph":[{"@type":"WebPage","@id":"https:\/\/fbnovas.edu.br\/site\/servicos\/declaracao-imposto-de-renda\/","url":"https:\/\/fbnovas.edu.br\/site\/servicos\/declaracao-imposto-de-renda\/","name":"Declara\u00e7\u00e3o de IR - Faculdade Boas Novas","isPartOf":{"@id":"https:\/\/fbnovas.edu.br\/site\/#website"},"primaryImageOfPage":{"@id":"https:\/\/fbnovas.edu.br\/site\/servicos\/declaracao-imposto-de-renda\/#primaryimage"},"image":{"@id":"https:\/\/fbnovas.edu.br\/site\/servicos\/declaracao-imposto-de-renda\/#primaryimage"},"thumbnailUrl":"http:\/\/3.86.64.9.nip.io\/wp-content\/uploads\/2024\/04\/FBN-CARROSEL-IMPOSTO-DE-RENDA_01-1-1024x1024.jpg","datePublished":"2023-04-14T14:12:44+00:00","breadcrumb":{"@id":"https:\/\/fbnovas.edu.br\/site\/servicos\/declaracao-imposto-de-renda\/#breadcrumb"},"inLanguage":"pt-BR","potentialAction":[{"@type":"ReadAction","target":["https:\/\/fbnovas.edu.br\/site\/servicos\/declaracao-imposto-de-renda\/"]}]},{"@type":"ImageObject","inLanguage":"pt-BR","@id":"https:\/\/fbnovas.edu.br\/site\/servicos\/declaracao-imposto-de-renda\/#primaryimage","url":"http:\/\/3.86.64.9.nip.io\/wp-content\/uploads\/2024\/04\/FBN-CARROSEL-IMPOSTO-DE-RENDA_01-1-1024x1024.jpg","contentUrl":"http:\/\/3.86.64.9.nip.io\/wp-content\/uploads\/2024\/04\/FBN-CARROSEL-IMPOSTO-DE-RENDA_01-1-1024x1024.jpg"},{"@type":"BreadcrumbList","@id":"https:\/\/fbnovas.edu.br\/site\/servicos\/declaracao-imposto-de-renda\/#breadcrumb","itemListElement":[{"@type":"ListItem","position":1,"name":"In\u00edcio","item":"https:\/\/fbnovas.edu.br\/site\/"},{"@type":"ListItem","position":2,"name":"Servi\u00e7os","item":"https:\/\/fbnovas.edu.br\/site\/servicos\/"},{"@type":"ListItem","position":3,"name":"Declara\u00e7\u00e3o de IR"}]},{"@type":"WebSite","@id":"https:\/\/fbnovas.edu.br\/site\/#website","url":"https:\/\/fbnovas.edu.br\/site\/","name":"Faculdade Boas Novas","description":"Matricula 2025\/2","potentialAction":[{"@type":"SearchAction","target":{"@type":"EntryPoint","urlTemplate":"https:\/\/fbnovas.edu.br\/site\/?s={search_term_string}"},"query-input":{"@type":"PropertyValueSpecification","valueRequired":true,"valueName":"search_term_string"}}],"inLanguage":"pt-BR"}]}},"jetpack_sharing_enabled":true,"_links":{"self":[{"href":"https:\/\/fbnovas.edu.br\/site\/wp-json\/wp\/v2\/pages\/7820","targetHints":{"allow":["GET"]}}],"collection":[{"href":"https:\/\/fbnovas.edu.br\/site\/wp-json\/wp\/v2\/pages"}],"about":[{"href":"https:\/\/fbnovas.edu.br\/site\/wp-json\/wp\/v2\/types\/page"}],"author":[{"embeddable":true,"href":"https:\/\/fbnovas.edu.br\/site\/wp-json\/wp\/v2\/users\/1"}],"replies":[{"embeddable":true,"href":"https:\/\/fbnovas.edu.br\/site\/wp-json\/wp\/v2\/comments?post=7820"}],"version-history":[{"count":0,"href":"https:\/\/fbnovas.edu.br\/site\/wp-json\/wp\/v2\/pages\/7820\/revisions"}],"up":[{"embeddable":true,"href":"https:\/\/fbnovas.edu.br\/site\/wp-json\/wp\/v2\/pages\/7768"}],"wp:attachment":[{"href":"https:\/\/fbnovas.edu.br\/site\/wp-json\/wp\/v2\/media?parent=7820"}],"curies":[{"name":"wp","href":"https:\/\/api.w.org\/{rel}","templated":true}]}}