{"id":8035,"date":"2023-05-07T14:56:44","date_gmt":"2023-05-07T18:56:44","guid":{"rendered":"https:\/\/fbnovas.edu.br\/site\/?page_id=8035"},"modified":"2023-05-07T14:56:44","modified_gmt":"2023-05-07T18:56:44","slug":"especializacao-em-ensino-religioso","status":"publish","type":"page","link":"https:\/\/fbnovas.edu.br\/site\/cursos\/pos-graduacao\/especializacao-em-ensino-religioso\/","title":{"rendered":"Especializa\u00e7\u00e3o em Ensino Religioso"},"content":{"rendered":"\t\t<div data-elementor-type=\"wp-page\" data-elementor-id=\"8035\" class=\"elementor elementor-8035\" data-elementor-settings=\"{&quot;ha_cmc_init_switcher&quot;:&quot;no&quot;}\" data-elementor-post-type=\"page\">\n\t\t\t\t\t\t<section class=\"elementor-section elementor-top-section elementor-element elementor-element-1ec74077 elementor-section-full_width elementor-section-height-default elementor-section-height-default\" data-id=\"1ec74077\" data-element_type=\"section\" data-settings=\"{&quot;background_background&quot;:&quot;classic&quot;,&quot;_ha_eqh_enable&quot;:false}\">\n\t\t\t\t\t\t\t<div class=\"elementor-background-overlay\"><\/div>\n\t\t\t\t\t\t\t<div class=\"elementor-container elementor-column-gap-default\">\n\t\t\t\t\t<div class=\"elementor-column elementor-col-100 elementor-top-column elementor-element elementor-element-4e4cb2ad\" data-id=\"4e4cb2ad\" data-element_type=\"column\">\n\t\t\t<div class=\"elementor-widget-wrap elementor-element-populated\">\n\t\t\t\t\t\t<section class=\"elementor-section elementor-inner-section elementor-element elementor-element-4c95166f elementor-section-boxed elementor-section-height-default elementor-section-height-default\" data-id=\"4c95166f\" data-element_type=\"section\" data-settings=\"{&quot;_ha_eqh_enable&quot;:false}\">\n\t\t\t\t\t\t<div class=\"elementor-container elementor-column-gap-default\">\n\t\t\t\t\t<div class=\"elementor-column elementor-col-50 elementor-inner-column elementor-element elementor-element-4cf3c7aa\" data-id=\"4cf3c7aa\" data-element_type=\"column\">\n\t\t\t<div class=\"elementor-widget-wrap elementor-element-populated\">\n\t\t\t\t\t\t<div class=\"elementor-element elementor-element-7152fe2 elementor-align-left elementor-widget elementor-widget-breadcrumbs\" data-id=\"7152fe2\" data-element_type=\"widget\" data-widget_type=\"breadcrumbs.default\">\n\t\t\t\t\t<p id=\"breadcrumbs\"><span><span><a href=\"https:\/\/fbnovas.edu.br\/site\/\">In\u00edcio<\/a><\/span><\/span><\/p>\t\t\t\t<\/div>\n\t\t\t\t\t<\/div>\n\t\t<\/div>\n\t\t\t\t<div class=\"elementor-column elementor-col-50 elementor-inner-column elementor-element elementor-element-759c1010 elementor-hidden-tablet elementor-hidden-phone\" data-id=\"759c1010\" data-element_type=\"column\">\n\t\t\t<div class=\"elementor-widget-wrap\">\n\t\t\t\t\t\t\t<\/div>\n\t\t<\/div>\n\t\t\t\t\t<\/div>\n\t\t<\/section>\n\t\t\t\t<section class=\"elementor-section elementor-inner-section elementor-element elementor-element-ccd1f08 elementor-section-boxed elementor-section-height-default elementor-section-height-default\" data-id=\"ccd1f08\" data-element_type=\"section\" data-settings=\"{&quot;_ha_eqh_enable&quot;:false}\">\n\t\t\t\t\t\t<div class=\"elementor-container elementor-column-gap-default\">\n\t\t\t\t\t<div class=\"elementor-column elementor-col-100 elementor-inner-column elementor-element elementor-element-5f512115\" data-id=\"5f512115\" data-element_type=\"column\">\n\t\t\t<div class=\"elementor-widget-wrap elementor-element-populated\">\n\t\t\t\t\t\t<div class=\"elementor-element elementor-element-29519be2 elementor-widget elementor-widget-heading\" data-id=\"29519be2\" data-element_type=\"widget\" data-widget_type=\"heading.default\">\n\t\t\t\t\t<h4 class=\"elementor-heading-title elementor-size-default\">Onde o conhecimento traz liberdade<\/h4>\t\t\t\t<\/div>\n\t\t\t\t\t<\/div>\n\t\t<\/div>\n\t\t\t\t\t<\/div>\n\t\t<\/section>\n\t\t\t\t\t<\/div>\n\t\t<\/div>\n\t\t\t\t\t<\/div>\n\t\t<\/section>\n\t\t\t\t<section class=\"elementor-section elementor-top-section elementor-element elementor-element-62239b4 elementor-section-boxed elementor-section-height-default elementor-section-height-default\" data-id=\"62239b4\" data-element_type=\"section\" data-settings=\"{&quot;_ha_eqh_enable&quot;:false}\">\n\t\t\t\t\t\t<div class=\"elementor-container elementor-column-gap-default\">\n\t\t\t\t\t<div class=\"elementor-column elementor-col-100 elementor-top-column elementor-element elementor-element-83968ed\" data-id=\"83968ed\" data-element_type=\"column\">\n\t\t\t<div class=\"elementor-widget-wrap elementor-element-populated\">\n\t\t\t\t\t\t<section class=\"elementor-section elementor-inner-section elementor-element elementor-element-6afd915 elementor-section-boxed elementor-section-height-default elementor-section-height-default\" data-id=\"6afd915\" data-element_type=\"section\" data-settings=\"{&quot;_ha_eqh_enable&quot;:false}\">\n\t\t\t\t\t\t<div class=\"elementor-container elementor-column-gap-default\">\n\t\t\t\t\t<div class=\"elementor-column elementor-col-100 elementor-inner-column elementor-element elementor-element-a6b44ae\" data-id=\"a6b44ae\" data-element_type=\"column\">\n\t\t\t<div class=\"elementor-widget-wrap elementor-element-populated\">\n\t\t\t\t\t\t<div class=\"elementor-element elementor-element-cbabf80 elementor-widget elementor-widget-image\" data-id=\"cbabf80\" data-element_type=\"widget\" data-widget_type=\"image.default\">\n\t\t\t\t\t\t\t\t\t\t\t\t\t\t\t<img decoding=\"async\" src=\"https:\/\/fbnovas.edu.br\/site\/wp-content\/uploads\/2023\/05\/esp.-ens.-religioso.png\" title=\"\" alt=\"\" loading=\"lazy\" \/>\t\t\t\t\t\t\t\t\t\t\t\t\t\t\t<\/div>\n\t\t\t\t<div class=\"elementor-element elementor-element-a39fef0 elementor-align-center elementor-widget elementor-widget-global elementor-global-5419 elementor-widget-button\" data-id=\"a39fef0\" data-element_type=\"widget\" data-widget_type=\"button.default\">\n\t\t\t\t\t\t\t\t\t\t<a class=\"elementor-button elementor-button-link elementor-size-sm\" href=\"https:\/\/portal.fbnovas.edu.br\/FrameHTML\/web\/app\/Edu\/PortalProcessoSeletivo\/?c=1&#038;f=1&#038;ps=09#\/es\/informacoes\">\n\t\t\t\t\t\t<span class=\"elementor-button-content-wrapper\">\n\t\t\t\t\t\t\t\t\t<span class=\"elementor-button-text\">INSCREVA-SE AQUI<\/span>\n\t\t\t\t\t<\/span>\n\t\t\t\t\t<\/a>\n\t\t\t\t\t\t\t\t<\/div>\n\t\t\t\t<div class=\"elementor-element elementor-element-99ae5a4 elementor-widget elementor-widget-heading\" data-id=\"99ae5a4\" data-element_type=\"widget\" data-widget_type=\"heading.default\">\n\t\t\t\t\t<h2 class=\"elementor-heading-title elementor-size-default\">Sobre a P\u00f3s<\/h2>\t\t\t\t<\/div>\n\t\t\t\t<div class=\"elementor-element elementor-element-52695fc elementor-widget elementor-widget-text-editor\" data-id=\"52695fc\" data-element_type=\"widget\" data-widget_type=\"text-editor.default\">\n\t\t\t\t\t\t\t\t\t<p>No que diz respeito \u00e0 religiosidade, Manaus \u00e9 uma cidade plural. Dados atualizados apontam que a cidade possui, aproximadamente 960.000 cat\u00f3licos romanos, 400.000 protestantes e evang\u00e9licos, 10.500 testemunhas de Jeov\u00e1, 10.000 esp\u00edritas, 4.000 m\u00f3rmons (Igreja de Jesus Cristo dos Santos dos \u00daltimos Dias), 1.000 budistas, 900 isl\u00e2micos, 630 judeus e 400 umbandistas. Estes dados podem ser maiores no que diz respeito as demais denomina\u00e7\u00f5es e religi\u00f5es que n\u00e3o s\u00e3o crist\u00e3os cat\u00f3licos romanas.<\/p><p>Mais de 10% da popula\u00e7\u00e3o da cidade de Manaus pertence \u00e0 Igreja Evang\u00e9lica Assembleia de Deus que conta com cerca de 250.000 adeptos. A influ\u00eancia do neopentecostalismo \u00e9 forte em todas as denomina\u00e7\u00f5es crist\u00e3s, sejam elas hist\u00f3ricas ou herdeiras do movimento da Reforma Protestante, sejam as novas formas de movimento religiosos.<\/p><p>A Igreja Assembl\u00e9ia de Deus do Amazonas possui uma institui\u00e7\u00e3o de Ensino Superior devidamente reconhecida pelo MEC, a Faculdade Boas Novas de Ci\u00eancias Teol\u00f3gicas, Sociais e Biotecnol\u00f3gicas &#8211; FBNCTSB. Dentre os seus cursos oferece o de Ci\u00eancias Teol\u00f3gicas, tamb\u00e9m devidamente credenciado e reconhecido pelo MEC.<\/p><p>Por entender as necessidades como urgentes para os envolvidos nas mais diversas \u00e1reas de forma\u00e7\u00e3o dos cursos oferecidos pela FBNCTSB e compreendendo o universo religioso na cidade de Manaus e considerando que a LDBEN 9394\/96 preconiza em seu Art. 33 que<\/p><p>O ensino religioso, de matr\u00edcula facultativa, constitui disciplina dos hor\u00e1rios normais das escolas p\u00fablicas de ensino fundamental, sendo oferecido, de acordo com as prefer\u00eancias manifestadas pelos alunos ou por seus respons\u00e1veis, em car\u00e1ter:<\/p><p><strong>I<\/strong> &#8211; confessional, de acordo com a op\u00e7\u00e3o religiosa do aluno ou do seu respons\u00e1vel, ministrado por professores ou orientadores religiosos preparados e credenciados pelas respectivas igrejas ou entidades religiosas; ou<\/p><p><strong>II<\/strong> &#8211; interconfessional, resultante de acordo entre as diversas entidades religiosas, que se responsabilizar\u00e3o pela elabora\u00e7\u00e3o do respectivo programa.<\/p><p><span style=\"font-style: inherit; font-weight: inherit; color: var( --e-global-color-text ); font-family: var( --e-global-typography-text-font-family ), Sans-serif;\">Para cumprir a legisla\u00e7\u00e3o educacional, que exige a forma\u00e7\u00e3o superior dos professores da Educa\u00e7\u00e3o B\u00e1sica e para atender \u00e0 Legisla\u00e7\u00e3o e Documentos referentes aos crit\u00e9rios para a doc\u00eancia em Ensino Religioso, \u00e9 que a FBNCTSB oferece o Curso de P\u00f3s-Gradua\u00e7\u00e3o em Ensino Religioso, estimulando o debate relacionados \u00e0 forma\u00e7\u00e3o do profissional docente e a sua plena capacita\u00e7\u00e3o parar o exerc\u00edcio da doc\u00eancia espec\u00edfica nesta \u00e1rea.<\/span><\/p><p>\u00a0<\/p><p><strong>DURA\u00c7\u00c3O:<\/strong> 12 meses<\/p><p><strong style=\"font-style: inherit; color: var( --e-global-color-text ); font-family: var( --e-global-typography-text-font-family ), Sans-serif;\">CARGA HOR\u00c1RIA<\/strong><span style=\"font-style: inherit; font-weight: inherit; color: var( --e-global-color-text ); font-family: var( --e-global-typography-text-font-family ), Sans-serif;\">: 360 horas<\/span><\/p><p><strong style=\"font-style: inherit; color: var( --e-global-color-text ); font-family: var( --e-global-typography-text-font-family ), Sans-serif;\">P\u00daBLICO-ALVO<\/strong><span style=\"font-style: inherit; font-weight: inherit; color: var( --e-global-color-text ); font-family: var( --e-global-typography-text-font-family ), Sans-serif;\">: Licenciados ou Bachar\u00e9is em qualquer \u00e1rea do conhecimento, preferencialmente bachar\u00e9is e licenciados na \u00e1rea das Ci\u00eancias Humanas.<\/span><\/p><p><strong style=\"font-style: inherit; color: var( --e-global-color-text ); font-family: var( --e-global-typography-text-font-family ), Sans-serif;\">MODALIDADE<\/strong><span style=\"font-style: inherit; font-weight: inherit; color: var( --e-global-color-text ); font-family: var( --e-global-typography-text-font-family ), Sans-serif;\">: Educa\u00e7\u00e3o presencial<\/span><\/p><p>\u00a0<\/p><p><strong>TURNO<\/strong><\/p><ul><li>Noturno &#8211; 2 vezes na semana (de 18:30 \u00e0s 22:00); ou<\/li><li>S\u00e1bado (de 08:00 \u00e0s 17:00);<\/li><\/ul><p><strong>OBJETIVO GERAL\u00a0<\/strong><\/p><ul><li>Aprofundar os estudos na \u00e1rea de Ensino Religioso, discutindo os aspectos relacionados \u00e0 \u00e1rea, para que o profissional especialista em tenha condi\u00e7\u00f5es de ministrar aulas, produzir conhecimento na \u00e1rea, bem como cumprir a legisla\u00e7\u00e3o e a LDB no que diz respeito ao Ensino Religioso.<\/li><\/ul><p><strong>OBJETIVOS ESPEC\u00cdFICOS\u00a0<\/strong><\/p><ul><li>Estudar sobre a hist\u00f3ria educacional brasileira e a obrigatoriedade do oferecimento do Ensino Religioso nas Escolas P\u00fablicas Brasileiras;<\/li><li>Discutir sobre a quest\u00e3o religiosa brasileira e sua rela\u00e7\u00e3o com a educa\u00e7\u00e3o;<\/li><li>Preparar profissionais para ministrarem de acordo com a legisla\u00e7\u00e3o vigente o Ensino Religioso.<\/li><\/ul><p><strong>\u00a0<\/strong><\/p><p><strong>REQUISITOS PARA INSCRI\u00c7\u00c3O<\/strong><\/p><p>\u00a0<\/p><ul><li>Ficha de inscri\u00e7\u00e3o;<\/li><li>C\u00f3pia do diploma ou do certificado de conclus\u00e3o de curso superior;<\/li><li>C\u00f3pia do hist\u00f3rico escolar do curso de gradua\u00e7\u00e3o;<\/li><li>C\u00f3pia do documento de identidade e CPF;<\/li><li>Curriculum vitae resumido<\/li><li>Uma foto 3&#215;4<\/li><\/ul><p><strong>MATRIZ CURRICULAR<\/strong><\/p><p>\u00a0<\/p><table><tbody><tr><td><p><strong>M\u00d3D<\/strong><\/p><\/td><td><p><strong>COMPONENENTES<\/strong><\/p><\/td><td><p><strong>CH<\/strong><\/p><\/td><\/tr><tr><td><p>1<\/p><\/td><td><p>Hist\u00f3ria da Educa\u00e7\u00e3o e Legisla\u00e7\u00e3o do Ensino Religioso no Brasil<\/p><\/td><td><p>40h<\/p><\/td><\/tr><tr><td><p>2<\/p><\/td><td><p>Pol\u00edticas P\u00fablicas na Educa\u00e7\u00e3o B\u00e1sica e no Ensino Superior<\/p><\/td><td><p>40h<\/p><\/td><\/tr><tr><td><p>3<\/p><\/td><td><p>Did\u00e1tica<\/p><\/td><td><p>40h<\/p><\/td><\/tr><tr><td><p>4<\/p><\/td><td><p>Campo Religioso Brasileiro<\/p><\/td><td><p>40h<\/p><\/td><\/tr><tr><td><p>5<\/p><\/td><td><p>Sociologia\u00a0e Antropologia da Religi\u00e3o<\/p><\/td><td><p>40h<\/p><\/td><\/tr><tr><td><p>6<\/p><\/td><td><p>Hist\u00f3ria e Teologia das Religi\u00f5es<\/p><\/td><td><p>40h<\/p><\/td><\/tr><tr><td><p>7<\/p><\/td><td><p>Psicologia da Religi\u00e3o<\/p><\/td><td><p>40h<\/p><\/td><\/tr><tr><td><p>8<\/p><\/td><td><p>Fenomenologia da Religi\u00e3o<\/p><\/td><td><p>40h<\/p><\/td><\/tr><tr><td><p>9<\/p><\/td><td><p>Di\u00e1logos Interculturais e Diversidade Religiosa<\/p><\/td><td><p>40h<\/p><\/td><\/tr><tr><td colspan=\"2\"><p><strong>TOTAL<\/strong><\/p><\/td><td><p><strong>360h<\/strong><\/p><\/td><\/tr><\/tbody><\/table><p>\u00a0<\/p>\t\t\t\t\t\t\t\t<\/div>\n\t\t\t\t<div class=\"elementor-element elementor-element-8ce4aa0 elementor-widget elementor-widget-global elementor-global-5522 elementor-widget-text-editor\" data-id=\"8ce4aa0\" data-element_type=\"widget\" data-widget_type=\"text-editor.default\">\n\t\t\t\t\t\t\t\t\t<p style=\"font-weight: 400;\"><strong>CONTATOS:<\/strong><\/p><p style=\"font-weight: 400;\">Coordena\u00e7\u00e3o de P\u00f3s-gradua\u00e7\u00e3o: Prof. Me. Hernan Herrera<\/p><p style=\"font-weight: 400;\">Telefones:\u00a0 <a href=\"https:\/\/api.whatsapp.com\/send?phone=55929985616595\"><img decoding=\"async\" src=\"https:\/\/fbnovas.edu.br\/site\/wp-content\/uploads\/2022\/01\/whats.png \" alt=\"some text\" width=\"20\" height=\"30\" \/> 98121-2373<\/a><\/p><p style=\"font-weight: 400;\">E-mail:\u00a0<a href=\"mailto:posgraduacao@fbnovas.edu.br\">posgraduacao@fbnovas.edu.br<\/a><\/p>\t\t\t\t\t\t\t\t<\/div>\n\t\t\t\t\t<\/div>\n\t\t<\/div>\n\t\t\t\t\t<\/div>\n\t\t<\/section>\n\t\t\t\t\t<\/div>\n\t\t<\/div>\n\t\t\t\t\t<\/div>\n\t\t<\/section>\n\t\t\t\t<\/div>\n\t\t","protected":false},"excerpt":{"rendered":"<p>Onde o conhecimento traz liberdade INSCREVA-SE AQUI Sobre a P\u00f3s No que diz respeito \u00e0 religiosidade, Manaus \u00e9 uma cidade [&hellip;]<\/p>\n","protected":false},"author":1,"featured_media":0,"parent":3605,"menu_order":0,"comment_status":"closed","ping_status":"closed","template":"","meta":{"site-sidebar-layout":"no-sidebar","site-content-layout":"page-builder","ast-site-content-layout":"default","site-content-style":"default","site-sidebar-style":"default","ast-global-header-display":"","ast-banner-title-visibility":"","ast-main-header-display":"","ast-hfb-above-header-display":"","ast-hfb-below-header-display":"","ast-hfb-mobile-header-display":"","site-post-title":"disabled","ast-breadcrumbs-content":"","ast-featured-img":"disabled","footer-sml-layout":"","ast-disable-related-posts":"","theme-transparent-header-meta":"default","adv-header-id-meta":"","stick-header-meta":"","header-above-stick-meta":"","header-main-stick-meta":"","header-below-stick-meta":"","astra-migrate-meta-layouts":"default","ast-page-background-enabled":"default","ast-page-background-meta":{"desktop":{"background-color":"var(--ast-global-color-5)","background-image":"","background-repeat":"repeat","background-position":"center center","background-size":"auto","background-attachment":"scroll","background-type":"","background-media":"","overlay-type":"","overlay-color":"","overlay-opacity":"","overlay-gradient":""},"tablet":{"background-color":"","background-image":"","background-repeat":"repeat","background-position":"center center","background-size":"auto","background-attachment":"scroll","background-type":"","background-media":"","overlay-type":"","overlay-color":"","overlay-opacity":"","overlay-gradient":""},"mobile":{"background-color":"","background-image":"","background-repeat":"repeat","background-position":"center center","background-size":"auto","background-attachment":"scroll","background-type":"","background-media":"","overlay-type":"","overlay-color":"","overlay-opacity":"","overlay-gradient":""}},"ast-content-background-meta":{"desktop":{"background-color":"var(--ast-global-color-4)","background-image":"","background-repeat":"repeat","background-position":"center center","background-size":"auto","background-attachment":"scroll","background-type":"","background-media":"","overlay-type":"","overlay-color":"","overlay-opacity":"","overlay-gradient":""},"tablet":{"background-color":"var(--ast-global-color-4)","background-image":"","background-repeat":"repeat","background-position":"center center","background-size":"auto","background-attachment":"scroll","background-type":"","background-media":"","overlay-type":"","overlay-color":"","overlay-opacity":"","overlay-gradient":""},"mobile":{"background-color":"var(--ast-global-color-4)","background-image":"","background-repeat":"repeat","background-position":"center center","background-size":"auto","background-attachment":"scroll","background-type":"","background-media":"","overlay-type":"","overlay-color":"","overlay-opacity":"","overlay-gradient":""}},"footnotes":""},"class_list":["post-8035","page","type-page","status-publish","hentry"],"yoast_head":"<!-- This site is optimized with the Yoast SEO plugin v27.0 - https:\/\/yoast.com\/product\/yoast-seo-wordpress\/ -->\n<title>Especializa\u00e7\u00e3o em Ensino Religioso - Faculdade Boas Novas<\/title>\n<meta name=\"robots\" content=\"index, follow, max-snippet:-1, max-image-preview:large, max-video-preview:-1\" \/>\n<link rel=\"canonical\" href=\"https:\/\/fbnovas.edu.br\/site\/cursos\/pos-graduacao\/especializacao-em-ensino-religioso\/\" \/>\n<meta property=\"og:locale\" content=\"pt_BR\" \/>\n<meta property=\"og:type\" content=\"article\" \/>\n<meta property=\"og:title\" content=\"Especializa\u00e7\u00e3o em Ensino Religioso - Faculdade Boas Novas\" \/>\n<meta property=\"og:description\" content=\"Onde o conhecimento traz liberdade INSCREVA-SE AQUI Sobre a P\u00f3s No que diz respeito \u00e0 religiosidade, Manaus \u00e9 uma cidade [&hellip;]\" \/>\n<meta property=\"og:url\" content=\"https:\/\/fbnovas.edu.br\/site\/cursos\/pos-graduacao\/especializacao-em-ensino-religioso\/\" \/>\n<meta property=\"og:site_name\" content=\"Faculdade Boas Novas\" \/>\n<meta property=\"og:image\" content=\"http:\/\/3.86.64.9.nip.io\/wp-content\/uploads\/2023\/05\/esp.-ens.-religioso.png\" \/>\n<meta name=\"twitter:card\" content=\"summary_large_image\" \/>\n<meta name=\"twitter:label1\" content=\"Est. tempo de leitura\" \/>\n\t<meta name=\"twitter:data1\" content=\"3 minutos\" \/>\n<script type=\"application\/ld+json\" class=\"yoast-schema-graph\">{\"@context\":\"https:\/\/schema.org\",\"@graph\":[{\"@type\":\"WebPage\",\"@id\":\"https:\/\/fbnovas.edu.br\/site\/cursos\/pos-graduacao\/especializacao-em-ensino-religioso\/\",\"url\":\"https:\/\/fbnovas.edu.br\/site\/cursos\/pos-graduacao\/especializacao-em-ensino-religioso\/\",\"name\":\"Especializa\u00e7\u00e3o em Ensino Religioso - Faculdade Boas Novas\",\"isPartOf\":{\"@id\":\"https:\/\/fbnovas.edu.br\/site\/#website\"},\"primaryImageOfPage\":{\"@id\":\"https:\/\/fbnovas.edu.br\/site\/cursos\/pos-graduacao\/especializacao-em-ensino-religioso\/#primaryimage\"},\"image\":{\"@id\":\"https:\/\/fbnovas.edu.br\/site\/cursos\/pos-graduacao\/especializacao-em-ensino-religioso\/#primaryimage\"},\"thumbnailUrl\":\"http:\/\/3.86.64.9.nip.io\/wp-content\/uploads\/2023\/05\/esp.-ens.-religioso.png\",\"datePublished\":\"2023-05-07T18:56:44+00:00\",\"breadcrumb\":{\"@id\":\"https:\/\/fbnovas.edu.br\/site\/cursos\/pos-graduacao\/especializacao-em-ensino-religioso\/#breadcrumb\"},\"inLanguage\":\"pt-BR\",\"potentialAction\":[{\"@type\":\"ReadAction\",\"target\":[\"https:\/\/fbnovas.edu.br\/site\/cursos\/pos-graduacao\/especializacao-em-ensino-religioso\/\"]}]},{\"@type\":\"ImageObject\",\"inLanguage\":\"pt-BR\",\"@id\":\"https:\/\/fbnovas.edu.br\/site\/cursos\/pos-graduacao\/especializacao-em-ensino-religioso\/#primaryimage\",\"url\":\"http:\/\/3.86.64.9.nip.io\/wp-content\/uploads\/2023\/05\/esp.-ens.-religioso.png\",\"contentUrl\":\"http:\/\/3.86.64.9.nip.io\/wp-content\/uploads\/2023\/05\/esp.-ens.-religioso.png\"},{\"@type\":\"BreadcrumbList\",\"@id\":\"https:\/\/fbnovas.edu.br\/site\/cursos\/pos-graduacao\/especializacao-em-ensino-religioso\/#breadcrumb\",\"itemListElement\":[{\"@type\":\"ListItem\",\"position\":1,\"name\":\"In\u00edcio\",\"item\":\"https:\/\/fbnovas.edu.br\/site\/\"},{\"@type\":\"ListItem\",\"position\":2,\"name\":\"Cursos\",\"item\":\"https:\/\/fbnovas.edu.br\/site\/cursos\/\"},{\"@type\":\"ListItem\",\"position\":3,\"name\":\"P\u00f3s-Gradua\u00e7\u00e3o\",\"item\":\"https:\/\/fbnovas.edu.br\/site\/cursos\/pos-graduacao\/\"},{\"@type\":\"ListItem\",\"position\":4,\"name\":\"Especializa\u00e7\u00e3o em Ensino Religioso\"}]},{\"@type\":\"WebSite\",\"@id\":\"https:\/\/fbnovas.edu.br\/site\/#website\",\"url\":\"https:\/\/fbnovas.edu.br\/site\/\",\"name\":\"Faculdade Boas Novas\",\"description\":\"Matricula 2025\/2\",\"potentialAction\":[{\"@type\":\"SearchAction\",\"target\":{\"@type\":\"EntryPoint\",\"urlTemplate\":\"https:\/\/fbnovas.edu.br\/site\/?s={search_term_string}\"},\"query-input\":{\"@type\":\"PropertyValueSpecification\",\"valueRequired\":true,\"valueName\":\"search_term_string\"}}],\"inLanguage\":\"pt-BR\"}]}<\/script>\n<!-- \/ Yoast SEO plugin. -->","yoast_head_json":{"title":"Especializa\u00e7\u00e3o em Ensino Religioso - Faculdade Boas Novas","robots":{"index":"index","follow":"follow","max-snippet":"max-snippet:-1","max-image-preview":"max-image-preview:large","max-video-preview":"max-video-preview:-1"},"canonical":"https:\/\/fbnovas.edu.br\/site\/cursos\/pos-graduacao\/especializacao-em-ensino-religioso\/","og_locale":"pt_BR","og_type":"article","og_title":"Especializa\u00e7\u00e3o em Ensino Religioso - Faculdade Boas Novas","og_description":"Onde o conhecimento traz liberdade INSCREVA-SE AQUI Sobre a P\u00f3s No que diz respeito \u00e0 religiosidade, Manaus \u00e9 uma cidade [&hellip;]","og_url":"https:\/\/fbnovas.edu.br\/site\/cursos\/pos-graduacao\/especializacao-em-ensino-religioso\/","og_site_name":"Faculdade Boas Novas","og_image":[{"url":"http:\/\/3.86.64.9.nip.io\/wp-content\/uploads\/2023\/05\/esp.-ens.-religioso.png","type":"","width":"","height":""}],"twitter_card":"summary_large_image","twitter_misc":{"Est. tempo de leitura":"3 minutos"},"schema":{"@context":"https:\/\/schema.org","@graph":[{"@type":"WebPage","@id":"https:\/\/fbnovas.edu.br\/site\/cursos\/pos-graduacao\/especializacao-em-ensino-religioso\/","url":"https:\/\/fbnovas.edu.br\/site\/cursos\/pos-graduacao\/especializacao-em-ensino-religioso\/","name":"Especializa\u00e7\u00e3o em Ensino Religioso - Faculdade Boas Novas","isPartOf":{"@id":"https:\/\/fbnovas.edu.br\/site\/#website"},"primaryImageOfPage":{"@id":"https:\/\/fbnovas.edu.br\/site\/cursos\/pos-graduacao\/especializacao-em-ensino-religioso\/#primaryimage"},"image":{"@id":"https:\/\/fbnovas.edu.br\/site\/cursos\/pos-graduacao\/especializacao-em-ensino-religioso\/#primaryimage"},"thumbnailUrl":"http:\/\/3.86.64.9.nip.io\/wp-content\/uploads\/2023\/05\/esp.-ens.-religioso.png","datePublished":"2023-05-07T18:56:44+00:00","breadcrumb":{"@id":"https:\/\/fbnovas.edu.br\/site\/cursos\/pos-graduacao\/especializacao-em-ensino-religioso\/#breadcrumb"},"inLanguage":"pt-BR","potentialAction":[{"@type":"ReadAction","target":["https:\/\/fbnovas.edu.br\/site\/cursos\/pos-graduacao\/especializacao-em-ensino-religioso\/"]}]},{"@type":"ImageObject","inLanguage":"pt-BR","@id":"https:\/\/fbnovas.edu.br\/site\/cursos\/pos-graduacao\/especializacao-em-ensino-religioso\/#primaryimage","url":"http:\/\/3.86.64.9.nip.io\/wp-content\/uploads\/2023\/05\/esp.-ens.-religioso.png","contentUrl":"http:\/\/3.86.64.9.nip.io\/wp-content\/uploads\/2023\/05\/esp.-ens.-religioso.png"},{"@type":"BreadcrumbList","@id":"https:\/\/fbnovas.edu.br\/site\/cursos\/pos-graduacao\/especializacao-em-ensino-religioso\/#breadcrumb","itemListElement":[{"@type":"ListItem","position":1,"name":"In\u00edcio","item":"https:\/\/fbnovas.edu.br\/site\/"},{"@type":"ListItem","position":2,"name":"Cursos","item":"https:\/\/fbnovas.edu.br\/site\/cursos\/"},{"@type":"ListItem","position":3,"name":"P\u00f3s-Gradua\u00e7\u00e3o","item":"https:\/\/fbnovas.edu.br\/site\/cursos\/pos-graduacao\/"},{"@type":"ListItem","position":4,"name":"Especializa\u00e7\u00e3o em Ensino Religioso"}]},{"@type":"WebSite","@id":"https:\/\/fbnovas.edu.br\/site\/#website","url":"https:\/\/fbnovas.edu.br\/site\/","name":"Faculdade Boas Novas","description":"Matricula 2025\/2","potentialAction":[{"@type":"SearchAction","target":{"@type":"EntryPoint","urlTemplate":"https:\/\/fbnovas.edu.br\/site\/?s={search_term_string}"},"query-input":{"@type":"PropertyValueSpecification","valueRequired":true,"valueName":"search_term_string"}}],"inLanguage":"pt-BR"}]}},"jetpack_sharing_enabled":true,"_links":{"self":[{"href":"https:\/\/fbnovas.edu.br\/site\/wp-json\/wp\/v2\/pages\/8035","targetHints":{"allow":["GET"]}}],"collection":[{"href":"https:\/\/fbnovas.edu.br\/site\/wp-json\/wp\/v2\/pages"}],"about":[{"href":"https:\/\/fbnovas.edu.br\/site\/wp-json\/wp\/v2\/types\/page"}],"author":[{"embeddable":true,"href":"https:\/\/fbnovas.edu.br\/site\/wp-json\/wp\/v2\/users\/1"}],"replies":[{"embeddable":true,"href":"https:\/\/fbnovas.edu.br\/site\/wp-json\/wp\/v2\/comments?post=8035"}],"version-history":[{"count":0,"href":"https:\/\/fbnovas.edu.br\/site\/wp-json\/wp\/v2\/pages\/8035\/revisions"}],"up":[{"embeddable":true,"href":"https:\/\/fbnovas.edu.br\/site\/wp-json\/wp\/v2\/pages\/3605"}],"wp:attachment":[{"href":"https:\/\/fbnovas.edu.br\/site\/wp-json\/wp\/v2\/media?parent=8035"}],"curies":[{"name":"wp","href":"https:\/\/api.w.org\/{rel}","templated":true}]}}