{"id":8050,"date":"2023-05-07T15:07:24","date_gmt":"2023-05-07T19:07:24","guid":{"rendered":"https:\/\/fbnovas.edu.br\/site\/?page_id=8050"},"modified":"2023-05-07T15:07:24","modified_gmt":"2023-05-07T19:07:24","slug":"especializacao-em-ciencia-da-religiao","status":"publish","type":"page","link":"https:\/\/fbnovas.edu.br\/site\/cursos\/pos-graduacao\/especializacao-em-ciencia-da-religiao\/","title":{"rendered":"Especializa\u00e7\u00e3o em Ci\u00eancias da Religi\u00e3o"},"content":{"rendered":"\t\t<div data-elementor-type=\"wp-page\" data-elementor-id=\"8050\" class=\"elementor elementor-8050\" data-elementor-settings=\"{&quot;ha_cmc_init_switcher&quot;:&quot;no&quot;}\" data-elementor-post-type=\"page\">\n\t\t\t\t\t\t<section class=\"elementor-section elementor-top-section elementor-element elementor-element-ccc2c9c elementor-section-full_width elementor-section-height-default elementor-section-height-default\" data-id=\"ccc2c9c\" data-element_type=\"section\" data-settings=\"{&quot;background_background&quot;:&quot;classic&quot;,&quot;_ha_eqh_enable&quot;:false}\">\n\t\t\t\t\t\t\t<div class=\"elementor-background-overlay\"><\/div>\n\t\t\t\t\t\t\t<div class=\"elementor-container elementor-column-gap-default\">\n\t\t\t\t\t<div class=\"elementor-column elementor-col-100 elementor-top-column elementor-element elementor-element-32e0dc23\" data-id=\"32e0dc23\" data-element_type=\"column\">\n\t\t\t<div class=\"elementor-widget-wrap elementor-element-populated\">\n\t\t\t\t\t\t<section class=\"elementor-section elementor-inner-section elementor-element elementor-element-267255fc elementor-section-boxed elementor-section-height-default elementor-section-height-default\" data-id=\"267255fc\" data-element_type=\"section\" data-settings=\"{&quot;_ha_eqh_enable&quot;:false}\">\n\t\t\t\t\t\t<div class=\"elementor-container elementor-column-gap-default\">\n\t\t\t\t\t<div class=\"elementor-column elementor-col-50 elementor-inner-column elementor-element elementor-element-2f898100\" data-id=\"2f898100\" data-element_type=\"column\">\n\t\t\t<div class=\"elementor-widget-wrap elementor-element-populated\">\n\t\t\t\t\t\t<div class=\"elementor-element elementor-element-4894c474 elementor-align-left elementor-widget elementor-widget-breadcrumbs\" data-id=\"4894c474\" data-element_type=\"widget\" data-widget_type=\"breadcrumbs.default\">\n\t\t\t\t\t<p id=\"breadcrumbs\"><span><span><a href=\"https:\/\/fbnovas.edu.br\/site\/\">In\u00edcio<\/a><\/span><\/span><\/p>\t\t\t\t<\/div>\n\t\t\t\t\t<\/div>\n\t\t<\/div>\n\t\t\t\t<div class=\"elementor-column elementor-col-50 elementor-inner-column elementor-element elementor-element-169737a5 elementor-hidden-tablet elementor-hidden-phone\" data-id=\"169737a5\" data-element_type=\"column\">\n\t\t\t<div class=\"elementor-widget-wrap\">\n\t\t\t\t\t\t\t<\/div>\n\t\t<\/div>\n\t\t\t\t\t<\/div>\n\t\t<\/section>\n\t\t\t\t<section class=\"elementor-section elementor-inner-section elementor-element elementor-element-6831506f elementor-section-boxed elementor-section-height-default elementor-section-height-default\" data-id=\"6831506f\" data-element_type=\"section\" data-settings=\"{&quot;_ha_eqh_enable&quot;:false}\">\n\t\t\t\t\t\t<div class=\"elementor-container elementor-column-gap-default\">\n\t\t\t\t\t<div class=\"elementor-column elementor-col-100 elementor-inner-column elementor-element elementor-element-3675dc2a\" data-id=\"3675dc2a\" data-element_type=\"column\">\n\t\t\t<div class=\"elementor-widget-wrap elementor-element-populated\">\n\t\t\t\t\t\t<div class=\"elementor-element elementor-element-7ab23bb9 elementor-widget elementor-widget-heading\" data-id=\"7ab23bb9\" data-element_type=\"widget\" data-widget_type=\"heading.default\">\n\t\t\t\t\t<h4 class=\"elementor-heading-title elementor-size-default\">Onde o conhecimento traz liberdade<\/h4>\t\t\t\t<\/div>\n\t\t\t\t\t<\/div>\n\t\t<\/div>\n\t\t\t\t\t<\/div>\n\t\t<\/section>\n\t\t\t\t\t<\/div>\n\t\t<\/div>\n\t\t\t\t\t<\/div>\n\t\t<\/section>\n\t\t\t\t<section class=\"elementor-section elementor-top-section elementor-element elementor-element-62239b4 elementor-section-boxed elementor-section-height-default elementor-section-height-default\" data-id=\"62239b4\" data-element_type=\"section\" data-settings=\"{&quot;_ha_eqh_enable&quot;:false}\">\n\t\t\t\t\t\t<div class=\"elementor-container elementor-column-gap-default\">\n\t\t\t\t\t<div class=\"elementor-column elementor-col-100 elementor-top-column elementor-element elementor-element-83968ed\" data-id=\"83968ed\" data-element_type=\"column\">\n\t\t\t<div class=\"elementor-widget-wrap elementor-element-populated\">\n\t\t\t\t\t\t<section class=\"elementor-section elementor-inner-section elementor-element elementor-element-6afd915 elementor-section-boxed elementor-section-height-default elementor-section-height-default\" data-id=\"6afd915\" data-element_type=\"section\" data-settings=\"{&quot;_ha_eqh_enable&quot;:false}\">\n\t\t\t\t\t\t<div class=\"elementor-container elementor-column-gap-default\">\n\t\t\t\t\t<div class=\"elementor-column elementor-col-100 elementor-inner-column elementor-element elementor-element-a6b44ae\" data-id=\"a6b44ae\" data-element_type=\"column\">\n\t\t\t<div class=\"elementor-widget-wrap elementor-element-populated\">\n\t\t\t\t\t\t<div class=\"elementor-element elementor-element-cbabf80 elementor-widget elementor-widget-image\" data-id=\"cbabf80\" data-element_type=\"widget\" data-widget_type=\"image.default\">\n\t\t\t\t\t\t\t\t\t\t\t\t\t\t\t<img decoding=\"async\" src=\"https:\/\/fbnovas.edu.br\/site\/wp-content\/uploads\/2023\/05\/ciencia-da-religiao.jpg\" title=\"\" alt=\"\" loading=\"lazy\" \/>\t\t\t\t\t\t\t\t\t\t\t\t\t\t\t<\/div>\n\t\t\t\t<div class=\"elementor-element elementor-element-a39fef0 elementor-align-center elementor-widget elementor-widget-global elementor-global-5419 elementor-widget-button\" data-id=\"a39fef0\" data-element_type=\"widget\" data-widget_type=\"button.default\">\n\t\t\t\t\t\t\t\t\t\t<a class=\"elementor-button elementor-button-link elementor-size-sm\" href=\"https:\/\/portal.fbnovas.edu.br\/FrameHTML\/web\/app\/Edu\/PortalProcessoSeletivo\/?c=1&#038;f=1&#038;ps=09#\/es\/informacoes\">\n\t\t\t\t\t\t<span class=\"elementor-button-content-wrapper\">\n\t\t\t\t\t\t\t\t\t<span class=\"elementor-button-text\">INSCREVA-SE AQUI<\/span>\n\t\t\t\t\t<\/span>\n\t\t\t\t\t<\/a>\n\t\t\t\t\t\t\t\t<\/div>\n\t\t\t\t<div class=\"elementor-element elementor-element-99ae5a4 elementor-widget elementor-widget-heading\" data-id=\"99ae5a4\" data-element_type=\"widget\" data-widget_type=\"heading.default\">\n\t\t\t\t\t<h2 class=\"elementor-heading-title elementor-size-default\">Sobre a P\u00f3s<\/h2>\t\t\t\t<\/div>\n\t\t\t\t<div class=\"elementor-element elementor-element-52695fc elementor-widget elementor-widget-text-editor\" data-id=\"52695fc\" data-element_type=\"widget\" data-widget_type=\"text-editor.default\">\n\t\t\t\t\t\t\t\t\t<p>No que diz respeito \u00e0 religiosidade, Manaus \u00e9 uma cidade plural. Dados atualizados apontam que a cidade possui, aproximadamente 960.000 cat\u00f3licos romanos, 400.000 protestantes e evang\u00e9licos, 10.500 testemunhas de Jeov\u00e1, 10.000 esp\u00edritas, 4.000 m\u00f3rmons (Igreja de Jesus Cristo dos Santos dos \u00daltimos Dias), 1.000 budistas, 900 isl\u00e2micos, 630 judeus e 400 umbandistas. Estes dados podem ser maiores no que diz respeito as demais denomina\u00e7\u00f5es e religi\u00f5es que n\u00e3o s\u00e3o crist\u00e3s.<\/p><p>Mais de 10% da popula\u00e7\u00e3o da cidade de Manaus pertence \u00e0 Igreja Evang\u00e9lica Assembleia de Deus que conta com cerca de 250.000 adeptos. A influ\u00eancia do neopentecostalismo \u00e9 forte em todas as denomina\u00e7\u00f5es crist\u00e3s, sejam elas hist\u00f3ricas ou herdeiras do movimento da Reforma Protestante, sejam as novas formas de movimento religiosos.<\/p><p>A Igreja Assembleia de Deus do Amazonas possui uma institui\u00e7\u00e3o de Ensino Superior devidamente reconhecida pelo MEC, a Faculdade Boas Novas de Ci\u00eancias Teol\u00f3gicas, Sociais e Biotecnol\u00f3gicas &#8211; FBNCTSB. Dentre os seus cursos oferece o de Ci\u00eancias Teol\u00f3gicas, tamb\u00e9m devidamente credenciado e reconhecido pelo MEC.<\/p><p>Por entender as necessidades como urgentes para os envolvidos nas mais diversas \u00e1reas de forma\u00e7\u00e3o dos cursos oferecidos pela FBNCTSB e compreendendo o universo religioso na cidade de Manaus \u00e9 que se prop\u00f5e o curso de P\u00f3s-Gradua\u00e7\u00e3o em n\u00edvel de Especializa\u00e7\u00e3o <em>Lato Sensu<\/em> em Ci\u00eancias da Religi\u00e3o, com a finalidade de aprofundar os estudos na \u00e1rea, discutindo os aspectos relacionados \u00e0 religi\u00e3o, a sociedade e a cultura bem como estudar sobre a revela\u00e7\u00e3o e o fen\u00f4meno religioso em que se assenta a Religi\u00e3o.<\/p><p><strong style=\"font-style: inherit; color: var( --e-global-color-text ); font-family: var( --e-global-typography-text-font-family ), Sans-serif;\">DURA\u00c7\u00c3O:<\/strong><span style=\"font-style: inherit; font-weight: inherit; color: var( --e-global-color-text ); font-family: var( --e-global-typography-text-font-family ), Sans-serif;\"> 12 meses<\/span><\/p><p><strong style=\"font-style: inherit; color: var( --e-global-color-text ); font-family: var( --e-global-typography-text-font-family ), Sans-serif;\">CARGA HOR\u00c1RIA<\/strong><span style=\"font-style: inherit; font-weight: inherit; color: var( --e-global-color-text ); font-family: var( --e-global-typography-text-font-family ), Sans-serif;\">: 360 horas<\/span><\/p><p><strong style=\"font-style: inherit; color: var( --e-global-color-text ); font-family: var( --e-global-typography-text-font-family ), Sans-serif;\">P\u00daBLICO-ALVO<\/strong><span style=\"font-style: inherit; font-weight: inherit; color: var( --e-global-color-text ); font-family: var( --e-global-typography-text-font-family ), Sans-serif;\">: Licenciados ou Bachar\u00e9is em qualquer \u00e1rea do conhecimento, preferencialmente bachar\u00e9is e licenciados na \u00e1rea das Ci\u00eancias Humanas.<\/span><\/p><p><strong style=\"font-style: inherit; color: var( --e-global-color-text ); font-family: var( --e-global-typography-text-font-family ), Sans-serif;\">MODALIDADE<\/strong><span style=\"font-style: inherit; font-weight: inherit; color: var( --e-global-color-text ); font-family: var( --e-global-typography-text-font-family ), Sans-serif;\">: Educa\u00e7\u00e3o presencial<\/span><\/p><p><strong style=\"font-style: inherit; color: var( --e-global-color-text ); font-family: var( --e-global-typography-text-font-family ), Sans-serif;\">TURNO<\/strong><\/p><ul><li>Noturno &#8211; 2 vezes na semana (de 18:30 \u00e0s 22:00); ou<\/li><li>S\u00e1bado (de 08:00 \u00e0s 17:00);<\/li><\/ul><p><strong>OBJETIVO GERAL\u00a0<\/strong><\/p><ul><li>Aprofundar os estudos na \u00e1rea das Ci\u00eancias da Religi\u00e3o, discutindo os aspectos relacionados \u00e0s Ci\u00eancias Humanas e Sociais em sua interface com a Religi\u00e3o, para que o profissional especialista em Ci\u00eancias da Religi\u00e3o tenha condi\u00e7\u00f5es de produzir conhecimentos na \u00e1rea, bem como discutir sobre a o fen\u00f4meno religioso em sua rela\u00e7\u00e3o com a sociedade e a cultura.<\/li><\/ul><p><strong>OBJETIVOS ESPEC\u00cdFICOS\u00a0<\/strong><\/p><ul><li>Estudar sobre a hist\u00f3ria das religi\u00f5es no Brasil e no Mundo;<\/li><li>Discutir sobre a origem religiosa e sua rela\u00e7\u00e3o com a sociedade;<\/li><li>Preparar profissionais que compreendam as nuances teol\u00f3gicas das religi\u00f5es e suas bases.<strong style=\"font-style: inherit; color: var( --e-global-color-text ); font-family: var( --e-global-typography-text-font-family ), Sans-serif;\">\u00a0<\/strong><\/li><\/ul><p><strong>REQUISITOS PARA INSCRI\u00c7\u00c3O<\/strong><\/p><ul><li>Ficha de inscri\u00e7\u00e3o;<\/li><li>C\u00f3pia do diploma ou do certificado de conclus\u00e3o de curso superior;<\/li><li>C\u00f3pia do hist\u00f3rico escolar do curso de gradua\u00e7\u00e3o;<\/li><li>C\u00f3pia do documento de identidade e CPF;<\/li><li>Comprovante de Resid\u00eancia.<\/li><\/ul><p><strong>MATRIZ CURRICULAR<\/strong><\/p><table width=\"595\"><tbody><tr><td width=\"54\"><p><strong>M\u00d3D<\/strong><\/p><\/td><td width=\"389\"><p><strong>COMPONENENTES<\/strong><\/p><\/td><td width=\"151\"><p><strong>CH<\/strong><\/p><\/td><\/tr><tr><td width=\"54\"><p>1<\/p><\/td><td width=\"389\"><p>Introdu\u00e7ao \u00e0s Ci\u00eancias da Religi\u00e3o<\/p><\/td><td width=\"151\"><p>40h<\/p><\/td><\/tr><tr><td width=\"54\"><p>2<\/p><\/td><td width=\"389\"><p>Religi\u00e3o e Meio Ambiente<\/p><\/td><td width=\"151\"><p>40h<\/p><\/td><\/tr><tr><td width=\"54\"><p>3<\/p><\/td><td width=\"389\"><p>Hist\u00f3ria das Religi\u00f5es<\/p><\/td><td width=\"151\"><p>40h<\/p><\/td><\/tr><tr><td width=\"54\"><p>4<\/p><\/td><td width=\"389\"><p>Antropologia e Sociologia da Religi\u00e3o<\/p><\/td><td width=\"151\"><p>40h<\/p><\/td><\/tr><tr><td width=\"54\"><p>5<\/p><\/td><td width=\"389\"><p>Filosofia da Religi\u00e3o<\/p><\/td><td width=\"151\"><p>40h<\/p><\/td><\/tr><tr><td width=\"54\"><p>6<\/p><\/td><td width=\"389\"><p>Teologia das Religi\u00f5es<\/p><\/td><td width=\"151\"><p>40h<\/p><\/td><\/tr><tr><td width=\"54\"><p>7<\/p><\/td><td width=\"389\"><p>Psicologia da Religi\u00e3o<\/p><\/td><td width=\"151\"><p>40h<\/p><\/td><\/tr><tr><td width=\"54\"><p>8<\/p><\/td><td width=\"389\"><p>Estudo Comparado das Religi\u00f5es<\/p><\/td><td width=\"151\"><p>40h<\/p><\/td><\/tr><tr><td width=\"54\"><p>9<\/p><\/td><td width=\"389\"><p>Campo Religioso Brasileiro<\/p><\/td><td width=\"151\"><p>40h<\/p><\/td><\/tr><tr><td colspan=\"2\" width=\"444\"><p><strong>TOTAL<\/strong><\/p><\/td><td width=\"151\"><p><strong>360h<\/strong><\/p><\/td><\/tr><\/tbody><\/table><p>\u00a0<\/p><p>\u00a0<\/p>\t\t\t\t\t\t\t\t<\/div>\n\t\t\t\t<div class=\"elementor-element elementor-element-8ce4aa0 elementor-widget elementor-widget-global elementor-global-5522 elementor-widget-text-editor\" data-id=\"8ce4aa0\" data-element_type=\"widget\" data-widget_type=\"text-editor.default\">\n\t\t\t\t\t\t\t\t\t<p style=\"font-weight: 400;\"><strong>CONTATOS:<\/strong><\/p><p style=\"font-weight: 400;\">Coordena\u00e7\u00e3o de P\u00f3s-gradua\u00e7\u00e3o: Prof. Me. Hernan Herrera<\/p><p style=\"font-weight: 400;\">Telefones:\u00a0 <a href=\"https:\/\/api.whatsapp.com\/send?phone=55929985616595\"><img decoding=\"async\" src=\"https:\/\/fbnovas.edu.br\/site\/wp-content\/uploads\/2022\/01\/whats.png \" alt=\"some text\" width=\"20\" height=\"30\" \/> 98121-2373<\/a><\/p><p style=\"font-weight: 400;\">E-mail:\u00a0<a href=\"mailto:posgraduacao@fbnovas.edu.br\">posgraduacao@fbnovas.edu.br<\/a><\/p>\t\t\t\t\t\t\t\t<\/div>\n\t\t\t\t\t<\/div>\n\t\t<\/div>\n\t\t\t\t\t<\/div>\n\t\t<\/section>\n\t\t\t\t\t<\/div>\n\t\t<\/div>\n\t\t\t\t\t<\/div>\n\t\t<\/section>\n\t\t\t\t<\/div>\n\t\t","protected":false},"excerpt":{"rendered":"<p>Onde o conhecimento traz liberdade INSCREVA-SE AQUI Sobre a P\u00f3s No que diz respeito \u00e0 religiosidade, Manaus \u00e9 uma cidade [&hellip;]<\/p>\n","protected":false},"author":1,"featured_media":0,"parent":3605,"menu_order":0,"comment_status":"closed","ping_status":"closed","template":"","meta":{"site-sidebar-layout":"no-sidebar","site-content-layout":"page-builder","ast-site-content-layout":"default","site-content-style":"default","site-sidebar-style":"default","ast-global-header-display":"","ast-banner-title-visibility":"","ast-main-header-display":"","ast-hfb-above-header-display":"","ast-hfb-below-header-display":"","ast-hfb-mobile-header-display":"","site-post-title":"disabled","ast-breadcrumbs-content":"","ast-featured-img":"disabled","footer-sml-layout":"","ast-disable-related-posts":"","theme-transparent-header-meta":"default","adv-header-id-meta":"","stick-header-meta":"","header-above-stick-meta":"","header-main-stick-meta":"","header-below-stick-meta":"","astra-migrate-meta-layouts":"default","ast-page-background-enabled":"default","ast-page-background-meta":{"desktop":{"background-color":"var(--ast-global-color-5)","background-image":"","background-repeat":"repeat","background-position":"center center","background-size":"auto","background-attachment":"scroll","background-type":"","background-media":"","overlay-type":"","overlay-color":"","overlay-opacity":"","overlay-gradient":""},"tablet":{"background-color":"","background-image":"","background-repeat":"repeat","background-position":"center center","background-size":"auto","background-attachment":"scroll","background-type":"","background-media":"","overlay-type":"","overlay-color":"","overlay-opacity":"","overlay-gradient":""},"mobile":{"background-color":"","background-image":"","background-repeat":"repeat","background-position":"center center","background-size":"auto","background-attachment":"scroll","background-type":"","background-media":"","overlay-type":"","overlay-color":"","overlay-opacity":"","overlay-gradient":""}},"ast-content-background-meta":{"desktop":{"background-color":"var(--ast-global-color-4)","background-image":"","background-repeat":"repeat","background-position":"center center","background-size":"auto","background-attachment":"scroll","background-type":"","background-media":"","overlay-type":"","overlay-color":"","overlay-opacity":"","overlay-gradient":""},"tablet":{"background-color":"var(--ast-global-color-4)","background-image":"","background-repeat":"repeat","background-position":"center center","background-size":"auto","background-attachment":"scroll","background-type":"","background-media":"","overlay-type":"","overlay-color":"","overlay-opacity":"","overlay-gradient":""},"mobile":{"background-color":"var(--ast-global-color-4)","background-image":"","background-repeat":"repeat","background-position":"center center","background-size":"auto","background-attachment":"scroll","background-type":"","background-media":"","overlay-type":"","overlay-color":"","overlay-opacity":"","overlay-gradient":""}},"footnotes":""},"class_list":["post-8050","page","type-page","status-publish","hentry"],"yoast_head":"<!-- This site is optimized with the Yoast SEO plugin v27.0 - https:\/\/yoast.com\/product\/yoast-seo-wordpress\/ -->\n<title>Especializa\u00e7\u00e3o em Ci\u00eancias da Religi\u00e3o - Faculdade Boas Novas<\/title>\n<meta name=\"robots\" content=\"index, follow, max-snippet:-1, max-image-preview:large, max-video-preview:-1\" \/>\n<link rel=\"canonical\" href=\"https:\/\/fbnovas.edu.br\/site\/cursos\/pos-graduacao\/especializacao-em-ciencia-da-religiao\/\" \/>\n<meta property=\"og:locale\" content=\"pt_BR\" \/>\n<meta property=\"og:type\" content=\"article\" \/>\n<meta property=\"og:title\" content=\"Especializa\u00e7\u00e3o em Ci\u00eancias da Religi\u00e3o - Faculdade Boas Novas\" \/>\n<meta property=\"og:description\" content=\"Onde o conhecimento traz liberdade INSCREVA-SE AQUI Sobre a P\u00f3s No que diz respeito \u00e0 religiosidade, Manaus \u00e9 uma cidade [&hellip;]\" \/>\n<meta property=\"og:url\" content=\"https:\/\/fbnovas.edu.br\/site\/cursos\/pos-graduacao\/especializacao-em-ciencia-da-religiao\/\" \/>\n<meta property=\"og:site_name\" content=\"Faculdade Boas Novas\" \/>\n<meta property=\"og:image\" content=\"http:\/\/3.86.64.9.nip.io\/wp-content\/uploads\/2023\/05\/ciencia-da-religiao-1024x630.jpg\" \/>\n<meta name=\"twitter:card\" content=\"summary_large_image\" \/>\n<meta name=\"twitter:label1\" content=\"Est. tempo de leitura\" \/>\n\t<meta name=\"twitter:data1\" content=\"3 minutos\" \/>\n<script type=\"application\/ld+json\" class=\"yoast-schema-graph\">{\"@context\":\"https:\/\/schema.org\",\"@graph\":[{\"@type\":\"WebPage\",\"@id\":\"https:\/\/fbnovas.edu.br\/site\/cursos\/pos-graduacao\/especializacao-em-ciencia-da-religiao\/\",\"url\":\"https:\/\/fbnovas.edu.br\/site\/cursos\/pos-graduacao\/especializacao-em-ciencia-da-religiao\/\",\"name\":\"Especializa\u00e7\u00e3o em Ci\u00eancias da Religi\u00e3o - Faculdade Boas Novas\",\"isPartOf\":{\"@id\":\"https:\/\/fbnovas.edu.br\/site\/#website\"},\"primaryImageOfPage\":{\"@id\":\"https:\/\/fbnovas.edu.br\/site\/cursos\/pos-graduacao\/especializacao-em-ciencia-da-religiao\/#primaryimage\"},\"image\":{\"@id\":\"https:\/\/fbnovas.edu.br\/site\/cursos\/pos-graduacao\/especializacao-em-ciencia-da-religiao\/#primaryimage\"},\"thumbnailUrl\":\"http:\/\/3.86.64.9.nip.io\/wp-content\/uploads\/2023\/05\/ciencia-da-religiao-1024x630.jpg\",\"datePublished\":\"2023-05-07T19:07:24+00:00\",\"breadcrumb\":{\"@id\":\"https:\/\/fbnovas.edu.br\/site\/cursos\/pos-graduacao\/especializacao-em-ciencia-da-religiao\/#breadcrumb\"},\"inLanguage\":\"pt-BR\",\"potentialAction\":[{\"@type\":\"ReadAction\",\"target\":[\"https:\/\/fbnovas.edu.br\/site\/cursos\/pos-graduacao\/especializacao-em-ciencia-da-religiao\/\"]}]},{\"@type\":\"ImageObject\",\"inLanguage\":\"pt-BR\",\"@id\":\"https:\/\/fbnovas.edu.br\/site\/cursos\/pos-graduacao\/especializacao-em-ciencia-da-religiao\/#primaryimage\",\"url\":\"http:\/\/3.86.64.9.nip.io\/wp-content\/uploads\/2023\/05\/ciencia-da-religiao-1024x630.jpg\",\"contentUrl\":\"http:\/\/3.86.64.9.nip.io\/wp-content\/uploads\/2023\/05\/ciencia-da-religiao-1024x630.jpg\"},{\"@type\":\"BreadcrumbList\",\"@id\":\"https:\/\/fbnovas.edu.br\/site\/cursos\/pos-graduacao\/especializacao-em-ciencia-da-religiao\/#breadcrumb\",\"itemListElement\":[{\"@type\":\"ListItem\",\"position\":1,\"name\":\"In\u00edcio\",\"item\":\"https:\/\/fbnovas.edu.br\/site\/\"},{\"@type\":\"ListItem\",\"position\":2,\"name\":\"Cursos\",\"item\":\"https:\/\/fbnovas.edu.br\/site\/cursos\/\"},{\"@type\":\"ListItem\",\"position\":3,\"name\":\"P\u00f3s-Gradua\u00e7\u00e3o\",\"item\":\"https:\/\/fbnovas.edu.br\/site\/cursos\/pos-graduacao\/\"},{\"@type\":\"ListItem\",\"position\":4,\"name\":\"Especializa\u00e7\u00e3o em Ci\u00eancias da Religi\u00e3o\"}]},{\"@type\":\"WebSite\",\"@id\":\"https:\/\/fbnovas.edu.br\/site\/#website\",\"url\":\"https:\/\/fbnovas.edu.br\/site\/\",\"name\":\"Faculdade Boas Novas\",\"description\":\"Matricula 2025\/2\",\"potentialAction\":[{\"@type\":\"SearchAction\",\"target\":{\"@type\":\"EntryPoint\",\"urlTemplate\":\"https:\/\/fbnovas.edu.br\/site\/?s={search_term_string}\"},\"query-input\":{\"@type\":\"PropertyValueSpecification\",\"valueRequired\":true,\"valueName\":\"search_term_string\"}}],\"inLanguage\":\"pt-BR\"}]}<\/script>\n<!-- \/ Yoast SEO plugin. -->","yoast_head_json":{"title":"Especializa\u00e7\u00e3o em Ci\u00eancias da Religi\u00e3o - Faculdade Boas Novas","robots":{"index":"index","follow":"follow","max-snippet":"max-snippet:-1","max-image-preview":"max-image-preview:large","max-video-preview":"max-video-preview:-1"},"canonical":"https:\/\/fbnovas.edu.br\/site\/cursos\/pos-graduacao\/especializacao-em-ciencia-da-religiao\/","og_locale":"pt_BR","og_type":"article","og_title":"Especializa\u00e7\u00e3o em Ci\u00eancias da Religi\u00e3o - Faculdade Boas Novas","og_description":"Onde o conhecimento traz liberdade INSCREVA-SE AQUI Sobre a P\u00f3s No que diz respeito \u00e0 religiosidade, Manaus \u00e9 uma cidade [&hellip;]","og_url":"https:\/\/fbnovas.edu.br\/site\/cursos\/pos-graduacao\/especializacao-em-ciencia-da-religiao\/","og_site_name":"Faculdade Boas Novas","og_image":[{"url":"http:\/\/3.86.64.9.nip.io\/wp-content\/uploads\/2023\/05\/ciencia-da-religiao-1024x630.jpg","type":"","width":"","height":""}],"twitter_card":"summary_large_image","twitter_misc":{"Est. tempo de leitura":"3 minutos"},"schema":{"@context":"https:\/\/schema.org","@graph":[{"@type":"WebPage","@id":"https:\/\/fbnovas.edu.br\/site\/cursos\/pos-graduacao\/especializacao-em-ciencia-da-religiao\/","url":"https:\/\/fbnovas.edu.br\/site\/cursos\/pos-graduacao\/especializacao-em-ciencia-da-religiao\/","name":"Especializa\u00e7\u00e3o em Ci\u00eancias da Religi\u00e3o - Faculdade Boas Novas","isPartOf":{"@id":"https:\/\/fbnovas.edu.br\/site\/#website"},"primaryImageOfPage":{"@id":"https:\/\/fbnovas.edu.br\/site\/cursos\/pos-graduacao\/especializacao-em-ciencia-da-religiao\/#primaryimage"},"image":{"@id":"https:\/\/fbnovas.edu.br\/site\/cursos\/pos-graduacao\/especializacao-em-ciencia-da-religiao\/#primaryimage"},"thumbnailUrl":"http:\/\/3.86.64.9.nip.io\/wp-content\/uploads\/2023\/05\/ciencia-da-religiao-1024x630.jpg","datePublished":"2023-05-07T19:07:24+00:00","breadcrumb":{"@id":"https:\/\/fbnovas.edu.br\/site\/cursos\/pos-graduacao\/especializacao-em-ciencia-da-religiao\/#breadcrumb"},"inLanguage":"pt-BR","potentialAction":[{"@type":"ReadAction","target":["https:\/\/fbnovas.edu.br\/site\/cursos\/pos-graduacao\/especializacao-em-ciencia-da-religiao\/"]}]},{"@type":"ImageObject","inLanguage":"pt-BR","@id":"https:\/\/fbnovas.edu.br\/site\/cursos\/pos-graduacao\/especializacao-em-ciencia-da-religiao\/#primaryimage","url":"http:\/\/3.86.64.9.nip.io\/wp-content\/uploads\/2023\/05\/ciencia-da-religiao-1024x630.jpg","contentUrl":"http:\/\/3.86.64.9.nip.io\/wp-content\/uploads\/2023\/05\/ciencia-da-religiao-1024x630.jpg"},{"@type":"BreadcrumbList","@id":"https:\/\/fbnovas.edu.br\/site\/cursos\/pos-graduacao\/especializacao-em-ciencia-da-religiao\/#breadcrumb","itemListElement":[{"@type":"ListItem","position":1,"name":"In\u00edcio","item":"https:\/\/fbnovas.edu.br\/site\/"},{"@type":"ListItem","position":2,"name":"Cursos","item":"https:\/\/fbnovas.edu.br\/site\/cursos\/"},{"@type":"ListItem","position":3,"name":"P\u00f3s-Gradua\u00e7\u00e3o","item":"https:\/\/fbnovas.edu.br\/site\/cursos\/pos-graduacao\/"},{"@type":"ListItem","position":4,"name":"Especializa\u00e7\u00e3o em Ci\u00eancias da Religi\u00e3o"}]},{"@type":"WebSite","@id":"https:\/\/fbnovas.edu.br\/site\/#website","url":"https:\/\/fbnovas.edu.br\/site\/","name":"Faculdade Boas Novas","description":"Matricula 2025\/2","potentialAction":[{"@type":"SearchAction","target":{"@type":"EntryPoint","urlTemplate":"https:\/\/fbnovas.edu.br\/site\/?s={search_term_string}"},"query-input":{"@type":"PropertyValueSpecification","valueRequired":true,"valueName":"search_term_string"}}],"inLanguage":"pt-BR"}]}},"jetpack_sharing_enabled":true,"_links":{"self":[{"href":"https:\/\/fbnovas.edu.br\/site\/wp-json\/wp\/v2\/pages\/8050","targetHints":{"allow":["GET"]}}],"collection":[{"href":"https:\/\/fbnovas.edu.br\/site\/wp-json\/wp\/v2\/pages"}],"about":[{"href":"https:\/\/fbnovas.edu.br\/site\/wp-json\/wp\/v2\/types\/page"}],"author":[{"embeddable":true,"href":"https:\/\/fbnovas.edu.br\/site\/wp-json\/wp\/v2\/users\/1"}],"replies":[{"embeddable":true,"href":"https:\/\/fbnovas.edu.br\/site\/wp-json\/wp\/v2\/comments?post=8050"}],"version-history":[{"count":0,"href":"https:\/\/fbnovas.edu.br\/site\/wp-json\/wp\/v2\/pages\/8050\/revisions"}],"up":[{"embeddable":true,"href":"https:\/\/fbnovas.edu.br\/site\/wp-json\/wp\/v2\/pages\/3605"}],"wp:attachment":[{"href":"https:\/\/fbnovas.edu.br\/site\/wp-json\/wp\/v2\/media?parent=8050"}],"curies":[{"name":"wp","href":"https:\/\/api.w.org\/{rel}","templated":true}]}}