{"id":8122,"date":"2023-05-07T16:29:52","date_gmt":"2023-05-07T20:29:52","guid":{"rendered":"https:\/\/fbnovas.edu.br\/site\/?page_id=8122"},"modified":"2025-10-30T13:46:28","modified_gmt":"2025-10-30T17:46:28","slug":"naap","status":"publish","type":"page","link":"https:\/\/fbnovas.edu.br\/site\/servicos\/naap\/","title":{"rendered":"N\u00facleo de Acessibilidade e Apoio Psicopedag\u00f3gico"},"content":{"rendered":"\t\t<div data-elementor-type=\"wp-page\" data-elementor-id=\"8122\" class=\"elementor elementor-8122\" data-elementor-settings=\"{&quot;ha_cmc_init_switcher&quot;:&quot;no&quot;}\" data-elementor-post-type=\"page\">\n\t\t\t\t\t\t<section class=\"elementor-section elementor-top-section elementor-element elementor-element-7d1ecd3d elementor-section-full_width elementor-section-height-default elementor-section-height-default\" data-id=\"7d1ecd3d\" data-element_type=\"section\" data-settings=\"{&quot;background_background&quot;:&quot;gradient&quot;,&quot;_ha_eqh_enable&quot;:false}\">\n\t\t\t\t\t\t\t<div class=\"elementor-background-overlay\"><\/div>\n\t\t\t\t\t\t\t<div class=\"elementor-container elementor-column-gap-default\">\n\t\t\t\t\t<div class=\"elementor-column elementor-col-100 elementor-top-column elementor-element elementor-element-27a1c9a3\" data-id=\"27a1c9a3\" data-element_type=\"column\">\n\t\t\t<div class=\"elementor-widget-wrap elementor-element-populated\">\n\t\t\t\t\t\t<section class=\"elementor-section elementor-inner-section elementor-element elementor-element-7fdccd elementor-section-boxed elementor-section-height-default elementor-section-height-default\" data-id=\"7fdccd\" data-element_type=\"section\" data-settings=\"{&quot;_ha_eqh_enable&quot;:false}\">\n\t\t\t\t\t\t<div class=\"elementor-container elementor-column-gap-default\">\n\t\t\t\t\t<div class=\"elementor-column elementor-col-50 elementor-inner-column elementor-element elementor-element-3d7d7675\" data-id=\"3d7d7675\" data-element_type=\"column\">\n\t\t\t<div class=\"elementor-widget-wrap elementor-element-populated\">\n\t\t\t\t\t\t<div class=\"elementor-element elementor-element-7c49be52 elementor-align-left elementor-widget elementor-widget-breadcrumbs\" data-id=\"7c49be52\" data-element_type=\"widget\" data-widget_type=\"breadcrumbs.default\">\n\t\t\t\t\t<p id=\"breadcrumbs\"><span><span><a href=\"https:\/\/fbnovas.edu.br\/site\/\">In\u00edcio<\/a><\/span><\/span><\/p>\t\t\t\t<\/div>\n\t\t\t\t\t<\/div>\n\t\t<\/div>\n\t\t\t\t<div class=\"elementor-column elementor-col-50 elementor-inner-column elementor-element elementor-element-3add897f elementor-hidden-tablet elementor-hidden-phone\" data-id=\"3add897f\" data-element_type=\"column\">\n\t\t\t<div class=\"elementor-widget-wrap\">\n\t\t\t\t\t\t\t<\/div>\n\t\t<\/div>\n\t\t\t\t\t<\/div>\n\t\t<\/section>\n\t\t\t\t<section class=\"elementor-section elementor-inner-section elementor-element elementor-element-6a9f972e elementor-section-boxed elementor-section-height-default elementor-section-height-default\" data-id=\"6a9f972e\" data-element_type=\"section\" data-settings=\"{&quot;_ha_eqh_enable&quot;:false}\">\n\t\t\t\t\t\t<div class=\"elementor-container elementor-column-gap-default\">\n\t\t\t\t\t<div class=\"elementor-column elementor-col-100 elementor-inner-column elementor-element elementor-element-497fba35\" data-id=\"497fba35\" data-element_type=\"column\">\n\t\t\t<div class=\"elementor-widget-wrap elementor-element-populated\">\n\t\t\t\t\t\t<div class=\"elementor-element elementor-element-cc1d68d elementor-widget elementor-widget-heading\" data-id=\"cc1d68d\" data-element_type=\"widget\" data-widget_type=\"heading.default\">\n\t\t\t\t\t<h4 class=\"elementor-heading-title elementor-size-default\">Onde o conhecimento traz liberdade<\/h4>\t\t\t\t<\/div>\n\t\t\t\t\t<\/div>\n\t\t<\/div>\n\t\t\t\t\t<\/div>\n\t\t<\/section>\n\t\t\t\t\t<\/div>\n\t\t<\/div>\n\t\t\t\t\t<\/div>\n\t\t<\/section>\n\t\t\t\t<section class=\"elementor-section elementor-top-section elementor-element elementor-element-59e8745 elementor-section-boxed elementor-section-height-default elementor-section-height-default\" data-id=\"59e8745\" data-element_type=\"section\" data-settings=\"{&quot;_ha_eqh_enable&quot;:false}\">\n\t\t\t\t\t\t<div class=\"elementor-container elementor-column-gap-default\">\n\t\t\t\t\t<div class=\"elementor-column elementor-col-100 elementor-top-column elementor-element elementor-element-965c55f\" data-id=\"965c55f\" data-element_type=\"column\">\n\t\t\t<div class=\"elementor-widget-wrap elementor-element-populated\">\n\t\t\t\t\t\t<section class=\"elementor-section elementor-inner-section elementor-element elementor-element-52ad5c8 elementor-section-boxed elementor-section-height-default elementor-section-height-default\" data-id=\"52ad5c8\" data-element_type=\"section\" data-settings=\"{&quot;_ha_eqh_enable&quot;:false}\">\n\t\t\t\t\t\t<div class=\"elementor-container elementor-column-gap-default\">\n\t\t\t\t\t<div class=\"elementor-column elementor-col-100 elementor-inner-column elementor-element elementor-element-5f8bf64\" data-id=\"5f8bf64\" data-element_type=\"column\">\n\t\t\t<div class=\"elementor-widget-wrap elementor-element-populated\">\n\t\t\t\t\t\t<div class=\"elementor-element elementor-element-bed337a elementor-widget elementor-widget-image\" data-id=\"bed337a\" data-element_type=\"widget\" data-widget_type=\"image.default\">\n\t\t\t\t\t\t\t\t\t\t\t\t\t\t\t<img decoding=\"async\" src=\"https:\/\/fbnovas.edu.br\/site\/wp-content\/uploads\/2023\/10\/WhatsApp_Image_2023-08-17_at_19.54.11__1_-removebg-preview-1.png\" title=\"\" alt=\"\" loading=\"lazy\" \/>\t\t\t\t\t\t\t\t\t\t\t\t\t\t\t<\/div>\n\t\t\t\t<div class=\"elementor-element elementor-element-58f1137 elementor-widget elementor-widget-image\" data-id=\"58f1137\" data-element_type=\"widget\" data-widget_type=\"image.default\">\n\t\t\t\t\t\t\t\t\t\t\t\t\t\t\t<img fetchpriority=\"high\" decoding=\"async\" width=\"469\" height=\"153\" src=\"https:\/\/fbnovas.edu.br\/site\/wp-content\/uploads\/2025\/10\/WhatsApp-Image-2025-06-05-at-12.27.22.jpeg\" class=\"attachment-large size-large wp-image-13283\" alt=\"\" srcset=\"https:\/\/fbnovas.edu.br\/site\/wp-content\/uploads\/2025\/10\/WhatsApp-Image-2025-06-05-at-12.27.22.jpeg 469w, https:\/\/fbnovas.edu.br\/site\/wp-content\/uploads\/2025\/10\/WhatsApp-Image-2025-06-05-at-12.27.22-300x98.jpeg 300w\" sizes=\"(max-width: 469px) 100vw, 469px\" \/>\t\t\t\t\t\t\t\t\t\t\t\t\t\t\t<\/div>\n\t\t\t\t<div class=\"elementor-element elementor-element-1343aa2 elementor-widget elementor-widget-text-editor\" data-id=\"1343aa2\" data-element_type=\"widget\" data-widget_type=\"text-editor.default\">\n\t\t\t\t\t\t\t\t\t<p><span style=\"color: #333333;\"><b>O QUE \u00c9 O NAAP?<\/b><\/span><\/p>\n<p style=\"text-align: justify;\"><span style=\"color: #333333;\">O N\u00facleo de Apoio Psicopedag\u00f3gico (NAAP) \u00e9 um servi\u00e7o gratuito oferecido pela Faculdade Boas Novas, a fim de favorecer o processo de adapta\u00e7\u00e3o do estudante ao Ensino Superior e potencializar seu desenvolvimento e forma\u00e7\u00e3o educacional global. S\u00e3o demandas pass\u00edveis de atendimento pelo NAAP as de natureza pedag\u00f3gica, como as relativas ao desempenho acad\u00eamico, dificuldades de organiza\u00e7\u00e3o e gest\u00e3o do tempo.<span style=\"font-style: inherit; font-weight: inherit; font-family: var( --e-global-typography-text-font-family ), Sans-serif;\">&nbsp;<\/span><\/span><\/p>\n<p><span style=\"color: #333333;\"><b>QUAL A IMPORT\u00c2NCIA DO N\u00daCLEO DE APOIO PSICOPEDAG\u00d3GICO?&nbsp; <\/b><\/span><\/p>\n<p style=\"text-align: justify;\"><span style=\"color: #333333;\">O NAAP leva em considera\u00e7\u00e3o as dificuldades na forma\u00e7\u00e3o dos futuros profissionais, reconhecendo suas realidades. A partir da\u00ed ajuda na constru\u00e7\u00e3o de estrat\u00e9gias para auxiliar os acad\u00eamicos a lidar com os desafios que a viv\u00eancia no Ensino Superior possa acarretar<span style=\"font-style: inherit; font-weight: inherit; font-family: var( --e-global-typography-text-font-family ), Sans-serif;\">&nbsp;<\/span><\/span><\/p>\n<p style=\"margin-bottom: .0001pt; line-height: 150%;\"><span style=\"color: #333333;\"><b><span style=\"font-size: 12.0pt; line-height: 150%;\">No NAAP realizamos:&nbsp; <\/span><\/b><\/span><\/p>\n<p style=\"margin-bottom: .0001pt; line-height: 150%;\"><span style=\"font-size: 12pt; line-height: 150%; color: #333333;\">Escuta emergencial, acompanhamento pedag\u00f3gico e psicopedag\u00f3gico.<\/span><\/p>\n<p style=\"margin-bottom: .0001pt; line-height: 150%;\"><span style=\"color: #333333;\"><b><span style=\"font-size: 12.0pt; line-height: 150%;\">&nbsp;<\/span><\/b><\/span><\/p>\n<p style=\"margin-bottom: .0001pt; line-height: 150%;\"><span style=\"color: #333333;\"><b><span style=\"font-size: 12.0pt; line-height: 150%;\">Hor\u00e1rios de Funcionamento&nbsp; <\/span><\/b><\/span><\/p>\n<p style=\"text-indent: -18.0pt; line-height: 150%; mso-list: l0 level1 lfo1; margin: 0cm 0cm .0001pt 36.0pt;\"><span style=\"color: #333333;\"><!-- [if !supportLists]--><span style=\"font-size: 12.0pt; line-height: 150%;\">\u25cf<span style=\"font-variant-numeric: normal; font-variant-east-asian: normal; font-variant-alternates: normal; font-kerning: auto; font-optical-sizing: auto; font-feature-settings: normal; font-variation-settings: normal; font-stretch: normal; font-size: 7pt; line-height: normal; font-family: 'Times New Roman';\">&nbsp;&nbsp;&nbsp;&nbsp;&nbsp;&nbsp; <\/span><\/span><!--[endif]--><b><span style=\"font-size: 12.0pt; line-height: 150%;\">Ter\u00e7a-feira: 09h \u00e0s 11h.<\/span><\/b><\/span><\/p>\n<p style=\"text-indent: -18.0pt; line-height: 150%; mso-list: l0 level1 lfo1; margin: 0cm 0cm .0001pt 36.0pt;\"><span style=\"color: #333333;\"><!-- [if !supportLists]--><span style=\"font-size: 12.0pt; line-height: 150%;\">\u25cf<span style=\"font-variant-numeric: normal; font-variant-east-asian: normal; font-variant-alternates: normal; font-kerning: auto; font-optical-sizing: auto; font-feature-settings: normal; font-variation-settings: normal; font-stretch: normal; font-size: 7pt; line-height: normal; font-family: 'Times New Roman';\">&nbsp;&nbsp;&nbsp;&nbsp;&nbsp;&nbsp; <\/span><\/span><b><span style=\"font-size: 12.0pt; line-height: 150%;\">Quarta-feira: 09h&nbsp;<\/span><\/b><\/span><span style=\"font-size: 12pt; color: #333333; font-weight: bold; font-family: var( --e-global-typography-text-font-family ), Sans-serif;\">\u00e0s 11h \/ 19h<\/span><b style=\"color: #333333; font-style: inherit; text-indent: -18pt; font-family: var( --e-global-typography-text-font-family ), Sans-serif;\"><span style=\"font-size: 12.0pt; line-height: 150%;\">&nbsp;\u00e0s 21h.<\/span><\/b><\/p>\n<p style=\"text-indent: -18.0pt; line-height: 150%; mso-list: l0 level1 lfo1; margin: 0cm 0cm .0001pt 36.0pt;\"><span style=\"color: #333333;\"><span style=\"font-size: 12pt; line-height: 24px;\">\u25cf<span style=\"font-variant-numeric: normal; font-variant-east-asian: normal; font-variant-alternates: normal; font-kerning: auto; font-optical-sizing: auto; font-feature-settings: normal; font-variation-settings: normal; font-stretch: normal; font-size: 7pt; line-height: normal; font-family: 'Times New Roman';\">&nbsp;&nbsp;&nbsp;&nbsp;&nbsp;&nbsp;&nbsp;<\/span><\/span><span style=\"font-weight: bold;\"><span style=\"font-size: 12pt; line-height: 24px;\">Quinta-feira:&nbsp;<\/span><\/span><\/span><span style=\"font-family: var( --e-global-typography-text-font-family ), Sans-serif; font-size: 12pt; color: #333333; font-weight: bold;\">19h<\/span><span style=\"font-weight: bold; font-family: var( --e-global-typography-text-font-family ), Sans-serif; font-style: inherit; text-indent: -18pt; color: #333333;\"><span style=\"font-size: 12pt; line-height: 24px;\">&nbsp;\u00e0s 21h.<\/span><\/span><b style=\"color: #333333; font-style: inherit; text-indent: -18pt; font-family: var( --e-global-typography-text-font-family ), Sans-serif;\"><span style=\"font-size: 12.0pt; line-height: 150%;\"><br><\/span><\/b><\/p>\n<p style=\"text-indent: -18.0pt; line-height: 150%; mso-list: l0 level1 lfo1; margin: 0cm 0cm .0001pt 36.0pt;\"><span style=\"color: #333333;\"><b style=\"font-style: inherit; font-family: var( --e-global-typography-text-font-family ), Sans-serif;\"><span style=\"font-size: 12.0pt; line-height: 150%;\">&nbsp;<\/span><\/b><\/span><\/p>\n<p style=\"margin: 0cm; margin-bottom: .0001pt;\"><b><span style=\"font-family: 'Arial',sans-serif; color: #333333;\">Atendemos:&nbsp; <\/span><\/b><span style=\"font-family: 'Arial',sans-serif; color: #333333;\">Comunidade acad\u00eamica<\/span><\/p>\n<p style=\"margin: 0cm; margin-bottom: .0001pt;\"><span style=\"font-family: Arial, sans-serif; color: #333333;\"><b>Coordenadora e&nbsp;<\/b><\/span><span style=\"color: rgb(51, 51, 51); font-family: Arial, sans-serif; font-weight: 700; font-size: 1rem;\">Psicopedagoga<\/span><span style=\"font-style: inherit; font-weight: inherit; font-family: Arial, sans-serif; color: rgb(51, 51, 51);\"><b>:&nbsp;<\/b><\/span><span style=\"font-size: 1rem; font-style: inherit; font-weight: inherit; color: rgb(51, 51, 51); font-family: Arial, sans-serif;\">Prof\u00aa. Ma. Wilce Jane Reis.<\/span><\/p>\n<p style=\"margin: 0cm; margin-bottom: .0001pt;\"><strong style=\"font-style: inherit;\"><span style=\"font-family: 'Arial',sans-serif; color: #333333;\">Psic\u00f3logo: <\/span><\/strong><span style=\"font-style: inherit; font-weight: inherit;\"><span style=\"font-family: 'Arial',sans-serif; color: #333333;\">Solano Pinto Cordeiro<\/span><\/span><\/p>\n<p style=\"margin: 0cm; margin-bottom: .0001pt;\"><strong><span style=\"font-family: 'Arial',sans-serif; color: #333333;\">Assessoria T\u00e9cnica:&nbsp;<\/span><\/strong><\/p>\n<p><span style=\"color: #333333; font-style: inherit; font-family: var( --e-global-typography-text-font-family ), Sans-serif;\"><span style=\"font-size: 12pt; line-height: 150%;\"><b>Contato: <\/b>(92) 98101-6169<\/span><\/span><\/p>\t\t\t\t\t\t\t\t<\/div>\n\t\t\t\t\t<\/div>\n\t\t<\/div>\n\t\t\t\t\t<\/div>\n\t\t<\/section>\n\t\t\t\t\t<\/div>\n\t\t<\/div>\n\t\t\t\t\t<\/div>\n\t\t<\/section>\n\t\t\t\t<section class=\"elementor-section elementor-top-section elementor-element elementor-element-8a3e9f2 elementor-section-boxed elementor-section-height-default elementor-section-height-default\" data-id=\"8a3e9f2\" data-element_type=\"section\" data-settings=\"{&quot;background_background&quot;:&quot;classic&quot;,&quot;_ha_eqh_enable&quot;:false}\">\n\t\t\t\t\t\t<div class=\"elementor-container elementor-column-gap-default\">\n\t\t\t\t\t<div class=\"elementor-column elementor-col-100 elementor-top-column elementor-element elementor-element-1cb5831\" data-id=\"1cb5831\" data-element_type=\"column\">\n\t\t\t<div class=\"elementor-widget-wrap elementor-element-populated\">\n\t\t\t\t\t\t<section class=\"elementor-section elementor-inner-section elementor-element elementor-element-138da10 elementor-section-boxed elementor-section-height-default elementor-section-height-default\" data-id=\"138da10\" data-element_type=\"section\" data-settings=\"{&quot;_ha_eqh_enable&quot;:false}\">\n\t\t\t\t\t\t<div class=\"elementor-container elementor-column-gap-default\">\n\t\t\t\t\t<div class=\"elementor-column elementor-col-100 elementor-inner-column elementor-element elementor-element-f07c0ff\" data-id=\"f07c0ff\" data-element_type=\"column\">\n\t\t\t<div class=\"elementor-widget-wrap elementor-element-populated\">\n\t\t\t\t\t\t<div class=\"elementor-element elementor-element-8dfa0ed elementor-widget elementor-widget-heading\" data-id=\"8dfa0ed\" data-element_type=\"widget\" data-widget_type=\"heading.default\">\n\t\t\t\t\t<h4 class=\"elementor-heading-title elementor-size-default\">Realize seu agendamento com o NAAP<\/h4>\t\t\t\t<\/div>\n\t\t\t\t\t<\/div>\n\t\t<\/div>\n\t\t\t\t\t<\/div>\n\t\t<\/section>\n\t\t\t\t<div class=\"elementor-element elementor-element-d2b3812 elementor-widget elementor-widget-image\" data-id=\"d2b3812\" data-element_type=\"widget\" data-widget_type=\"image.default\">\n\t\t\t\t\t\t\t\t\t\t\t\t\t\t\t<img decoding=\"async\" src=\"https:\/\/fbnovas.edu.br\/site\/wp-content\/uploads\/2023\/10\/NAAP-Documento-A4-retrato-1_page-0001-min-scaled.jpg\" title=\"\" alt=\"\" loading=\"lazy\" \/>\t\t\t\t\t\t\t\t\t\t\t\t\t\t\t<\/div>\n\t\t\t\t\t<\/div>\n\t\t<\/div>\n\t\t\t\t\t<\/div>\n\t\t<\/section>\n\t\t\t\t<\/div>\n\t\t","protected":false},"excerpt":{"rendered":"<p>Onde o conhecimento traz liberdade O QUE \u00c9 O NAAP? O N\u00facleo de Apoio Psicopedag\u00f3gico (NAAP) \u00e9 um servi\u00e7o gratuito [&hellip;]<\/p>\n","protected":false},"author":1,"featured_media":0,"parent":7768,"menu_order":0,"comment_status":"closed","ping_status":"closed","template":"","meta":{"site-sidebar-layout":"no-sidebar","site-content-layout":"page-builder","ast-site-content-layout":"default","site-content-style":"default","site-sidebar-style":"default","ast-global-header-display":"","ast-banner-title-visibility":"","ast-main-header-display":"","ast-hfb-above-header-display":"","ast-hfb-below-header-display":"","ast-hfb-mobile-header-display":"","site-post-title":"disabled","ast-breadcrumbs-content":"","ast-featured-img":"disabled","footer-sml-layout":"","theme-transparent-header-meta":"","adv-header-id-meta":"","stick-header-meta":"","header-above-stick-meta":"","header-main-stick-meta":"","header-below-stick-meta":"","astra-migrate-meta-layouts":"default","ast-page-background-enabled":"default","ast-page-background-meta":{"desktop":{"background-color":"var(--ast-global-color-5)","background-image":"","background-repeat":"repeat","background-position":"center center","background-size":"auto","background-attachment":"scroll","background-type":"","background-media":"","overlay-type":"","overlay-color":"","overlay-opacity":"","overlay-gradient":""},"tablet":{"background-color":"","background-image":"","background-repeat":"repeat","background-position":"center center","background-size":"auto","background-attachment":"scroll","background-type":"","background-media":"","overlay-type":"","overlay-color":"","overlay-opacity":"","overlay-gradient":""},"mobile":{"background-color":"","background-image":"","background-repeat":"repeat","background-position":"center center","background-size":"auto","background-attachment":"scroll","background-type":"","background-media":"","overlay-type":"","overlay-color":"","overlay-opacity":"","overlay-gradient":""}},"ast-content-background-meta":{"desktop":{"background-color":"var(--ast-global-color-4)","background-image":"","background-repeat":"repeat","background-position":"center center","background-size":"auto","background-attachment":"scroll","background-type":"","background-media":"","overlay-type":"","overlay-color":"","overlay-opacity":"","overlay-gradient":""},"tablet":{"background-color":"var(--ast-global-color-4)","background-image":"","background-repeat":"repeat","background-position":"center center","background-size":"auto","background-attachment":"scroll","background-type":"","background-media":"","overlay-type":"","overlay-color":"","overlay-opacity":"","overlay-gradient":""},"mobile":{"background-color":"var(--ast-global-color-4)","background-image":"","background-repeat":"repeat","background-position":"center center","background-size":"auto","background-attachment":"scroll","background-type":"","background-media":"","overlay-type":"","overlay-color":"","overlay-opacity":"","overlay-gradient":""}},"footnotes":""},"class_list":["post-8122","page","type-page","status-publish","hentry"],"yoast_head":"<!-- This site is optimized with the Yoast SEO plugin v27.0 - https:\/\/yoast.com\/product\/yoast-seo-wordpress\/ -->\n<title>N\u00facleo de Acessibilidade e Apoio Psicopedag\u00f3gico - Faculdade Boas Novas<\/title>\n<meta name=\"robots\" content=\"index, follow, max-snippet:-1, max-image-preview:large, max-video-preview:-1\" \/>\n<link rel=\"canonical\" href=\"https:\/\/fbnovas.edu.br\/site\/servicos\/naap\/\" \/>\n<meta property=\"og:locale\" content=\"pt_BR\" \/>\n<meta property=\"og:type\" content=\"article\" \/>\n<meta property=\"og:title\" content=\"N\u00facleo de Acessibilidade e Apoio Psicopedag\u00f3gico - Faculdade Boas Novas\" \/>\n<meta property=\"og:description\" content=\"Onde o conhecimento traz liberdade O QUE \u00c9 O NAAP? O N\u00facleo de Apoio Psicopedag\u00f3gico (NAAP) \u00e9 um servi\u00e7o gratuito [&hellip;]\" \/>\n<meta property=\"og:url\" content=\"https:\/\/fbnovas.edu.br\/site\/servicos\/naap\/\" \/>\n<meta property=\"og:site_name\" content=\"Faculdade Boas Novas\" \/>\n<meta property=\"article:modified_time\" content=\"2025-10-30T17:46:28+00:00\" \/>\n<meta property=\"og:image\" content=\"https:\/\/fbnovas.edu.br\/site\/wp-content\/uploads\/2023\/10\/WhatsApp_Image_2023-08-17_at_19.54.11__1_-removebg-preview-1.png\" \/>\n<meta name=\"twitter:card\" content=\"summary_large_image\" \/>\n<meta name=\"twitter:label1\" content=\"Est. tempo de leitura\" \/>\n\t<meta name=\"twitter:data1\" content=\"1 minuto\" \/>\n<script type=\"application\/ld+json\" class=\"yoast-schema-graph\">{\"@context\":\"https:\/\/schema.org\",\"@graph\":[{\"@type\":\"WebPage\",\"@id\":\"https:\/\/fbnovas.edu.br\/site\/servicos\/naap\/\",\"url\":\"https:\/\/fbnovas.edu.br\/site\/servicos\/naap\/\",\"name\":\"N\u00facleo de Acessibilidade e Apoio Psicopedag\u00f3gico - Faculdade Boas Novas\",\"isPartOf\":{\"@id\":\"https:\/\/fbnovas.edu.br\/site\/#website\"},\"primaryImageOfPage\":{\"@id\":\"https:\/\/fbnovas.edu.br\/site\/servicos\/naap\/#primaryimage\"},\"image\":{\"@id\":\"https:\/\/fbnovas.edu.br\/site\/servicos\/naap\/#primaryimage\"},\"thumbnailUrl\":\"https:\/\/fbnovas.edu.br\/site\/wp-content\/uploads\/2023\/10\/WhatsApp_Image_2023-08-17_at_19.54.11__1_-removebg-preview-1.png\",\"datePublished\":\"2023-05-07T20:29:52+00:00\",\"dateModified\":\"2025-10-30T17:46:28+00:00\",\"breadcrumb\":{\"@id\":\"https:\/\/fbnovas.edu.br\/site\/servicos\/naap\/#breadcrumb\"},\"inLanguage\":\"pt-BR\",\"potentialAction\":[{\"@type\":\"ReadAction\",\"target\":[\"https:\/\/fbnovas.edu.br\/site\/servicos\/naap\/\"]}]},{\"@type\":\"ImageObject\",\"inLanguage\":\"pt-BR\",\"@id\":\"https:\/\/fbnovas.edu.br\/site\/servicos\/naap\/#primaryimage\",\"url\":\"https:\/\/fbnovas.edu.br\/site\/wp-content\/uploads\/2023\/10\/WhatsApp_Image_2023-08-17_at_19.54.11__1_-removebg-preview-1.png\",\"contentUrl\":\"https:\/\/fbnovas.edu.br\/site\/wp-content\/uploads\/2023\/10\/WhatsApp_Image_2023-08-17_at_19.54.11__1_-removebg-preview-1.png\"},{\"@type\":\"BreadcrumbList\",\"@id\":\"https:\/\/fbnovas.edu.br\/site\/servicos\/naap\/#breadcrumb\",\"itemListElement\":[{\"@type\":\"ListItem\",\"position\":1,\"name\":\"In\u00edcio\",\"item\":\"https:\/\/fbnovas.edu.br\/site\/\"},{\"@type\":\"ListItem\",\"position\":2,\"name\":\"Servi\u00e7os\",\"item\":\"https:\/\/fbnovas.edu.br\/site\/servicos\/\"},{\"@type\":\"ListItem\",\"position\":3,\"name\":\"N\u00facleo de Acessibilidade e Apoio Psicopedag\u00f3gico\"}]},{\"@type\":\"WebSite\",\"@id\":\"https:\/\/fbnovas.edu.br\/site\/#website\",\"url\":\"https:\/\/fbnovas.edu.br\/site\/\",\"name\":\"Faculdade Boas Novas\",\"description\":\"Matricula 2025\/2\",\"potentialAction\":[{\"@type\":\"SearchAction\",\"target\":{\"@type\":\"EntryPoint\",\"urlTemplate\":\"https:\/\/fbnovas.edu.br\/site\/?s={search_term_string}\"},\"query-input\":{\"@type\":\"PropertyValueSpecification\",\"valueRequired\":true,\"valueName\":\"search_term_string\"}}],\"inLanguage\":\"pt-BR\"}]}<\/script>\n<!-- \/ Yoast SEO plugin. -->","yoast_head_json":{"title":"N\u00facleo de Acessibilidade e Apoio Psicopedag\u00f3gico - Faculdade Boas Novas","robots":{"index":"index","follow":"follow","max-snippet":"max-snippet:-1","max-image-preview":"max-image-preview:large","max-video-preview":"max-video-preview:-1"},"canonical":"https:\/\/fbnovas.edu.br\/site\/servicos\/naap\/","og_locale":"pt_BR","og_type":"article","og_title":"N\u00facleo de Acessibilidade e Apoio Psicopedag\u00f3gico - Faculdade Boas Novas","og_description":"Onde o conhecimento traz liberdade O QUE \u00c9 O NAAP? O N\u00facleo de Apoio Psicopedag\u00f3gico (NAAP) \u00e9 um servi\u00e7o gratuito [&hellip;]","og_url":"https:\/\/fbnovas.edu.br\/site\/servicos\/naap\/","og_site_name":"Faculdade Boas Novas","article_modified_time":"2025-10-30T17:46:28+00:00","og_image":[{"url":"https:\/\/fbnovas.edu.br\/site\/wp-content\/uploads\/2023\/10\/WhatsApp_Image_2023-08-17_at_19.54.11__1_-removebg-preview-1.png","type":"","width":"","height":""}],"twitter_card":"summary_large_image","twitter_misc":{"Est. tempo de leitura":"1 minuto"},"schema":{"@context":"https:\/\/schema.org","@graph":[{"@type":"WebPage","@id":"https:\/\/fbnovas.edu.br\/site\/servicos\/naap\/","url":"https:\/\/fbnovas.edu.br\/site\/servicos\/naap\/","name":"N\u00facleo de Acessibilidade e Apoio Psicopedag\u00f3gico - Faculdade Boas Novas","isPartOf":{"@id":"https:\/\/fbnovas.edu.br\/site\/#website"},"primaryImageOfPage":{"@id":"https:\/\/fbnovas.edu.br\/site\/servicos\/naap\/#primaryimage"},"image":{"@id":"https:\/\/fbnovas.edu.br\/site\/servicos\/naap\/#primaryimage"},"thumbnailUrl":"https:\/\/fbnovas.edu.br\/site\/wp-content\/uploads\/2023\/10\/WhatsApp_Image_2023-08-17_at_19.54.11__1_-removebg-preview-1.png","datePublished":"2023-05-07T20:29:52+00:00","dateModified":"2025-10-30T17:46:28+00:00","breadcrumb":{"@id":"https:\/\/fbnovas.edu.br\/site\/servicos\/naap\/#breadcrumb"},"inLanguage":"pt-BR","potentialAction":[{"@type":"ReadAction","target":["https:\/\/fbnovas.edu.br\/site\/servicos\/naap\/"]}]},{"@type":"ImageObject","inLanguage":"pt-BR","@id":"https:\/\/fbnovas.edu.br\/site\/servicos\/naap\/#primaryimage","url":"https:\/\/fbnovas.edu.br\/site\/wp-content\/uploads\/2023\/10\/WhatsApp_Image_2023-08-17_at_19.54.11__1_-removebg-preview-1.png","contentUrl":"https:\/\/fbnovas.edu.br\/site\/wp-content\/uploads\/2023\/10\/WhatsApp_Image_2023-08-17_at_19.54.11__1_-removebg-preview-1.png"},{"@type":"BreadcrumbList","@id":"https:\/\/fbnovas.edu.br\/site\/servicos\/naap\/#breadcrumb","itemListElement":[{"@type":"ListItem","position":1,"name":"In\u00edcio","item":"https:\/\/fbnovas.edu.br\/site\/"},{"@type":"ListItem","position":2,"name":"Servi\u00e7os","item":"https:\/\/fbnovas.edu.br\/site\/servicos\/"},{"@type":"ListItem","position":3,"name":"N\u00facleo de Acessibilidade e Apoio Psicopedag\u00f3gico"}]},{"@type":"WebSite","@id":"https:\/\/fbnovas.edu.br\/site\/#website","url":"https:\/\/fbnovas.edu.br\/site\/","name":"Faculdade Boas Novas","description":"Matricula 2025\/2","potentialAction":[{"@type":"SearchAction","target":{"@type":"EntryPoint","urlTemplate":"https:\/\/fbnovas.edu.br\/site\/?s={search_term_string}"},"query-input":{"@type":"PropertyValueSpecification","valueRequired":true,"valueName":"search_term_string"}}],"inLanguage":"pt-BR"}]}},"jetpack_sharing_enabled":true,"_links":{"self":[{"href":"https:\/\/fbnovas.edu.br\/site\/wp-json\/wp\/v2\/pages\/8122","targetHints":{"allow":["GET"]}}],"collection":[{"href":"https:\/\/fbnovas.edu.br\/site\/wp-json\/wp\/v2\/pages"}],"about":[{"href":"https:\/\/fbnovas.edu.br\/site\/wp-json\/wp\/v2\/types\/page"}],"author":[{"embeddable":true,"href":"https:\/\/fbnovas.edu.br\/site\/wp-json\/wp\/v2\/users\/1"}],"replies":[{"embeddable":true,"href":"https:\/\/fbnovas.edu.br\/site\/wp-json\/wp\/v2\/comments?post=8122"}],"version-history":[{"count":6,"href":"https:\/\/fbnovas.edu.br\/site\/wp-json\/wp\/v2\/pages\/8122\/revisions"}],"predecessor-version":[{"id":13289,"href":"https:\/\/fbnovas.edu.br\/site\/wp-json\/wp\/v2\/pages\/8122\/revisions\/13289"}],"up":[{"embeddable":true,"href":"https:\/\/fbnovas.edu.br\/site\/wp-json\/wp\/v2\/pages\/7768"}],"wp:attachment":[{"href":"https:\/\/fbnovas.edu.br\/site\/wp-json\/wp\/v2\/media?parent=8122"}],"curies":[{"name":"wp","href":"https:\/\/api.w.org\/{rel}","templated":true}]}}