{"id":9742,"date":"2023-10-15T11:03:02","date_gmt":"2023-10-15T15:03:02","guid":{"rendered":"https:\/\/fbnovas.edu.br\/site\/?page_id=9742"},"modified":"2023-10-15T11:03:02","modified_gmt":"2023-10-15T15:03:02","slug":"monitoria","status":"publish","type":"page","link":"https:\/\/fbnovas.edu.br\/site\/servicos\/monitoria\/","title":{"rendered":"Monitoria"},"content":{"rendered":"\t\t<div data-elementor-type=\"wp-page\" data-elementor-id=\"9742\" class=\"elementor elementor-9742\" data-elementor-settings=\"{&quot;ha_cmc_init_switcher&quot;:&quot;no&quot;}\" data-elementor-post-type=\"page\">\n\t\t\t\t\t\t<section class=\"elementor-section elementor-top-section elementor-element elementor-element-112d899c elementor-section-full_width elementor-section-height-default elementor-section-height-default\" data-id=\"112d899c\" data-element_type=\"section\" data-settings=\"{&quot;background_background&quot;:&quot;classic&quot;,&quot;_ha_eqh_enable&quot;:false}\">\n\t\t\t\t\t\t\t<div class=\"elementor-background-overlay\"><\/div>\n\t\t\t\t\t\t\t<div class=\"elementor-container elementor-column-gap-default\">\n\t\t\t\t\t<div class=\"elementor-column elementor-col-100 elementor-top-column elementor-element elementor-element-12571c7f\" data-id=\"12571c7f\" data-element_type=\"column\">\n\t\t\t<div class=\"elementor-widget-wrap elementor-element-populated\">\n\t\t\t\t\t\t<section class=\"elementor-section elementor-inner-section elementor-element elementor-element-317efea3 elementor-section-boxed elementor-section-height-default elementor-section-height-default\" data-id=\"317efea3\" data-element_type=\"section\" data-settings=\"{&quot;_ha_eqh_enable&quot;:false}\">\n\t\t\t\t\t\t<div class=\"elementor-container elementor-column-gap-default\">\n\t\t\t\t\t<div class=\"elementor-column elementor-col-50 elementor-inner-column elementor-element elementor-element-4dd9e695\" data-id=\"4dd9e695\" data-element_type=\"column\">\n\t\t\t<div class=\"elementor-widget-wrap elementor-element-populated\">\n\t\t\t\t\t\t<div class=\"elementor-element elementor-element-19212a elementor-align-left elementor-widget elementor-widget-breadcrumbs\" data-id=\"19212a\" data-element_type=\"widget\" data-widget_type=\"breadcrumbs.default\">\n\t\t\t\t\t<p id=\"breadcrumbs\"><span><span><a href=\"https:\/\/fbnovas.edu.br\/site\/\">In\u00edcio<\/a><\/span><\/span><\/p>\t\t\t\t<\/div>\n\t\t\t\t\t<\/div>\n\t\t<\/div>\n\t\t\t\t<div class=\"elementor-column elementor-col-50 elementor-inner-column elementor-element elementor-element-3047cc57 elementor-hidden-tablet elementor-hidden-phone\" data-id=\"3047cc57\" data-element_type=\"column\">\n\t\t\t<div class=\"elementor-widget-wrap\">\n\t\t\t\t\t\t\t<\/div>\n\t\t<\/div>\n\t\t\t\t\t<\/div>\n\t\t<\/section>\n\t\t\t\t<section class=\"elementor-section elementor-inner-section elementor-element elementor-element-17daa26a elementor-section-boxed elementor-section-height-default elementor-section-height-default\" data-id=\"17daa26a\" data-element_type=\"section\" data-settings=\"{&quot;_ha_eqh_enable&quot;:false}\">\n\t\t\t\t\t\t<div class=\"elementor-container elementor-column-gap-default\">\n\t\t\t\t\t<div class=\"elementor-column elementor-col-50 elementor-inner-column elementor-element elementor-element-28100eec\" data-id=\"28100eec\" data-element_type=\"column\">\n\t\t\t<div class=\"elementor-widget-wrap elementor-element-populated\">\n\t\t\t\t\t\t<div class=\"elementor-element elementor-element-2b01da17 elementor-widget elementor-widget-heading\" data-id=\"2b01da17\" data-element_type=\"widget\" data-widget_type=\"heading.default\">\n\t\t\t\t\t<h4 class=\"elementor-heading-title elementor-size-default\">Onde o conhecimento traz liberdade<\/h4>\t\t\t\t<\/div>\n\t\t\t\t\t<\/div>\n\t\t<\/div>\n\t\t\t\t<div class=\"elementor-column elementor-col-50 elementor-inner-column elementor-element elementor-element-6766f4f\" data-id=\"6766f4f\" data-element_type=\"column\">\n\t\t\t<div class=\"elementor-widget-wrap\">\n\t\t\t\t\t\t\t<\/div>\n\t\t<\/div>\n\t\t\t\t\t<\/div>\n\t\t<\/section>\n\t\t\t\t\t<\/div>\n\t\t<\/div>\n\t\t\t\t\t<\/div>\n\t\t<\/section>\n\t\t\t\t<section class=\"elementor-section elementor-top-section elementor-element elementor-element-0e07a06 elementor-section-full_width elementor-section-height-default elementor-section-height-default\" data-id=\"0e07a06\" data-element_type=\"section\" data-settings=\"{&quot;_ha_eqh_enable&quot;:false}\">\n\t\t\t\t\t\t<div class=\"elementor-container elementor-column-gap-default\">\n\t\t\t\t\t<div class=\"elementor-column elementor-col-100 elementor-top-column elementor-element elementor-element-56d8770\" data-id=\"56d8770\" data-element_type=\"column\">\n\t\t\t<div class=\"elementor-widget-wrap elementor-element-populated\">\n\t\t\t\t\t\t<section class=\"elementor-section elementor-inner-section elementor-element elementor-element-af0ca4d elementor-section-boxed elementor-section-height-default elementor-section-height-default\" data-id=\"af0ca4d\" data-element_type=\"section\" data-settings=\"{&quot;_ha_eqh_enable&quot;:false}\">\n\t\t\t\t\t\t<div class=\"elementor-container elementor-column-gap-default\">\n\t\t\t\t\t<div class=\"elementor-column elementor-col-100 elementor-inner-column elementor-element elementor-element-3de43ad\" data-id=\"3de43ad\" data-element_type=\"column\">\n\t\t\t<div class=\"elementor-widget-wrap elementor-element-populated\">\n\t\t\t\t\t\t<div class=\"elementor-element elementor-element-9316af2 elementor-widget elementor-widget-image\" data-id=\"9316af2\" data-element_type=\"widget\" data-widget_type=\"image.default\">\n\t\t\t\t\t\t\t\t\t\t\t\t\t\t\t<img decoding=\"async\" src=\"https:\/\/fbnovas.edu.br\/site\/wp-content\/uploads\/2023\/05\/monitoria.png\" title=\"\" alt=\"\" loading=\"lazy\" \/>\t\t\t\t\t\t\t\t\t\t\t\t\t\t\t<\/div>\n\t\t\t\t<div class=\"elementor-element elementor-element-999c92c elementor-widget elementor-widget-text-editor\" data-id=\"999c92c\" data-element_type=\"widget\" data-widget_type=\"text-editor.default\">\n\t\t\t\t\t\t\t\t\t<p class=\"MsoNormal\" style=\"margin-bottom: 8.0pt; line-height: 107%;\"><span style=\"color: #333333;\"><b><span style=\"font-size: 19.0pt; line-height: 107%; font-family: 'Calibri',sans-serif; mso-fareast-font-family: Calibri;\">O QUE \u00c9 A MONITORIA?<\/span><\/b><\/span><\/p><p class=\"MsoNormal\" style=\"margin-bottom: 8.0pt; text-align: justify; line-height: 107%;\"><span style=\"font-size: 19pt; line-height: 107%; font-family: Calibri, sans-serif; color: #333333;\">A monitoria \u00e9 uma atividade que permite ao aluno auxiliar outros estudantes em uma disciplina que ele domina. A monitoria ajuda o aluno a desenvolver habilidades de comunica\u00e7\u00e3o, lideran\u00e7a, pesquisa e desenvolve habilidades para a doc\u00eancia, importantes passos para o seu futuro profissional. <\/span><\/p><p class=\"MsoNormal\" style=\"margin-bottom: 8.0pt; text-align: justify; line-height: 107%;\"><span style=\"font-size: 19pt; line-height: 107%; font-family: Calibri, sans-serif; color: #333333;\">\u00a0<\/span><\/p><p class=\"MsoNormal\" style=\"margin-bottom: 8.0pt; line-height: 107%;\"><span style=\"color: #333333;\"><b><span style=\"font-size: 19.0pt; line-height: 107%; font-family: 'Calibri',sans-serif; mso-fareast-font-family: Calibri;\">QUAL A IMPORT\u00c2NCIA DA MONITORIA?\u00a0 <\/span><\/b><\/span><\/p><p class=\"MsoNormal\" style=\"margin-bottom: 8.0pt; text-align: justify; line-height: 107%;\"><span style=\"font-size: 17.5pt; line-height: 107%; font-family: Roboto; color: #333333;\">A monitoria \u00e9 uma atividade acad\u00eamica que consiste em auxiliar os professores e os alunos em uma determinada disciplina. O monitor \u00e9 um aluno que tem interesse em aprofundar seus conhecimentos e compartilh\u00e1-los com os demais. A monitoria pode envolver atividades como atendimento aos alunos, prepara\u00e7\u00e3o de material did\u00e1tico, organiza\u00e7\u00e3o de semin\u00e1rios e participa\u00e7\u00e3o em projetos de pesquisa.<\/span><\/p><p class=\"MsoNormal\" style=\"margin-bottom: 8.0pt; text-align: justify; line-height: 107%;\"><span style=\"font-size: 17.5pt; line-height: 107%; font-family: Roboto; color: #333333;\">\u00a0<\/span><\/p><p class=\"MsoNormal\" style=\"text-align: justify; line-height: 150%;\"><span style=\"color: #333333;\"><b><span style=\"font-size: 19.0pt; line-height: 150%; font-family: 'Calibri',sans-serif; mso-fareast-font-family: Calibri;\">QUAIS ATIVIDADES S\u00c3O REALIZADAS DURANTE A MONITORIA?<\/span><\/b><\/span><\/p><ol style=\"margin-top: 0cm;\" start=\"1\" type=\"1\"><li class=\"MsoNormal\" style=\"line-height: 150%; mso-list: l0 level1 lfo1;\"><span style=\"color: #333333;\"><span style=\"font-size: 17.5pt; line-height: 150%; font-family: Roboto;\">Ajudar os alunos a esclarecer d\u00favidas e orientar sobre a disciplina;<\/span><\/span><\/li><li class=\"MsoNormal\" style=\"line-height: 150%; mso-list: l0 level1 lfo1;\"><span style=\"font-size: 17.5pt; line-height: 150%; font-family: Roboto; color: #333333;\">Auxiliar na prepara\u00e7\u00e3o de material did\u00e1tico, como resumos, exerc\u00edcios e simulados;<\/span><\/li><li class=\"MsoNormal\" style=\"line-height: 150%; mso-list: l0 level1 lfo1;\"><span style=\"font-size: 17.5pt; line-height: 150%; font-family: Roboto; color: #333333;\">Apoiar a organiza\u00e7\u00e3o de semin\u00e1rios, oficinas e debates sobre temas da disciplina;<\/span><\/li><li class=\"MsoNormal\" style=\"line-height: 150%; mso-list: l0 level1 lfo1;\"><span style=\"font-size: 17.5pt; line-height: 150%; font-family: Roboto; color: #333333;\">Contribuir para os projetos de pesquisa e extens\u00e3o relacionados \u00e0 disciplina;<\/span><\/li><li class=\"MsoNormal\" style=\"line-height: 150%; mso-list: l0 level1 lfo1;\"><span style=\"font-size: 17.5pt; line-height: 150%; font-family: Roboto; color: #333333;\">Colaborar com os professores na elabora\u00e7\u00e3o e corre\u00e7\u00e3o de provas e trabalhos.<\/span><\/li><\/ol><p class=\"MsoNormal\" style=\"margin-bottom: 8.0pt; text-align: center; line-height: 107%;\" align=\"center\"><span style=\"color: #333333;\"><b><span style=\"font-size: 21.0pt; line-height: 107%; font-family: 'Calibri',sans-serif; mso-fareast-font-family: Calibri;\">VERIFIQUE AS POSSIBILIDADES DE MONITORIA PARA SEU CURSO E PER\u00cdODO.\u00a0<\/span><\/b><\/span><\/p>\t\t\t\t\t\t\t\t<\/div>\n\t\t\t\t\t<\/div>\n\t\t<\/div>\n\t\t\t\t\t<\/div>\n\t\t<\/section>\n\t\t\t\t\t<\/div>\n\t\t<\/div>\n\t\t\t\t\t<\/div>\n\t\t<\/section>\n\t\t\t\t<\/div>\n\t\t","protected":false},"excerpt":{"rendered":"<p>Onde o conhecimento traz liberdade O QUE \u00c9 A MONITORIA? A monitoria \u00e9 uma atividade que permite ao aluno auxiliar [&hellip;]<\/p>\n","protected":false},"author":1,"featured_media":0,"parent":7768,"menu_order":0,"comment_status":"closed","ping_status":"closed","template":"","meta":{"site-sidebar-layout":"no-sidebar","site-content-layout":"page-builder","ast-site-content-layout":"default","site-content-style":"default","site-sidebar-style":"default","ast-global-header-display":"","ast-banner-title-visibility":"","ast-main-header-display":"","ast-hfb-above-header-display":"","ast-hfb-below-header-display":"","ast-hfb-mobile-header-display":"","site-post-title":"disabled","ast-breadcrumbs-content":"","ast-featured-img":"disabled","footer-sml-layout":"","ast-disable-related-posts":"","theme-transparent-header-meta":"","adv-header-id-meta":"","stick-header-meta":"","header-above-stick-meta":"","header-main-stick-meta":"","header-below-stick-meta":"","astra-migrate-meta-layouts":"default","ast-page-background-enabled":"default","ast-page-background-meta":{"desktop":{"background-color":"var(--ast-global-color-5)","background-image":"","background-repeat":"repeat","background-position":"center center","background-size":"auto","background-attachment":"scroll","background-type":"","background-media":"","overlay-type":"","overlay-color":"","overlay-opacity":"","overlay-gradient":""},"tablet":{"background-color":"","background-image":"","background-repeat":"repeat","background-position":"center center","background-size":"auto","background-attachment":"scroll","background-type":"","background-media":"","overlay-type":"","overlay-color":"","overlay-opacity":"","overlay-gradient":""},"mobile":{"background-color":"","background-image":"","background-repeat":"repeat","background-position":"center center","background-size":"auto","background-attachment":"scroll","background-type":"","background-media":"","overlay-type":"","overlay-color":"","overlay-opacity":"","overlay-gradient":""}},"ast-content-background-meta":{"desktop":{"background-color":"var(--ast-global-color-4)","background-image":"","background-repeat":"repeat","background-position":"center center","background-size":"auto","background-attachment":"scroll","background-type":"","background-media":"","overlay-type":"","overlay-color":"","overlay-opacity":"","overlay-gradient":""},"tablet":{"background-color":"var(--ast-global-color-4)","background-image":"","background-repeat":"repeat","background-position":"center center","background-size":"auto","background-attachment":"scroll","background-type":"","background-media":"","overlay-type":"","overlay-color":"","overlay-opacity":"","overlay-gradient":""},"mobile":{"background-color":"var(--ast-global-color-4)","background-image":"","background-repeat":"repeat","background-position":"center center","background-size":"auto","background-attachment":"scroll","background-type":"","background-media":"","overlay-type":"","overlay-color":"","overlay-opacity":"","overlay-gradient":""}},"footnotes":""},"class_list":["post-9742","page","type-page","status-publish","hentry"],"yoast_head":"<!-- This site is optimized with the Yoast SEO plugin v27.0 - https:\/\/yoast.com\/product\/yoast-seo-wordpress\/ -->\n<title>Monitoria - Faculdade Boas Novas<\/title>\n<meta name=\"robots\" content=\"index, follow, max-snippet:-1, max-image-preview:large, max-video-preview:-1\" \/>\n<link rel=\"canonical\" href=\"https:\/\/fbnovas.edu.br\/site\/servicos\/monitoria\/\" \/>\n<meta property=\"og:locale\" content=\"pt_BR\" \/>\n<meta property=\"og:type\" content=\"article\" \/>\n<meta property=\"og:title\" content=\"Monitoria - Faculdade Boas Novas\" \/>\n<meta property=\"og:description\" content=\"Onde o conhecimento traz liberdade O QUE \u00c9 A MONITORIA? A monitoria \u00e9 uma atividade que permite ao aluno auxiliar [&hellip;]\" \/>\n<meta property=\"og:url\" content=\"https:\/\/fbnovas.edu.br\/site\/servicos\/monitoria\/\" \/>\n<meta property=\"og:site_name\" content=\"Faculdade Boas Novas\" \/>\n<meta property=\"og:image\" content=\"http:\/\/3.86.64.9.nip.io\/wp-content\/uploads\/2023\/05\/monitoria-1024x1024.png\" \/>\n<meta name=\"twitter:card\" content=\"summary_large_image\" \/>\n<meta name=\"twitter:label1\" content=\"Est. tempo de leitura\" \/>\n\t<meta name=\"twitter:data1\" content=\"1 minuto\" \/>\n<script type=\"application\/ld+json\" class=\"yoast-schema-graph\">{\"@context\":\"https:\/\/schema.org\",\"@graph\":[{\"@type\":\"WebPage\",\"@id\":\"https:\/\/fbnovas.edu.br\/site\/servicos\/monitoria\/\",\"url\":\"https:\/\/fbnovas.edu.br\/site\/servicos\/monitoria\/\",\"name\":\"Monitoria - Faculdade Boas Novas\",\"isPartOf\":{\"@id\":\"https:\/\/fbnovas.edu.br\/site\/#website\"},\"primaryImageOfPage\":{\"@id\":\"https:\/\/fbnovas.edu.br\/site\/servicos\/monitoria\/#primaryimage\"},\"image\":{\"@id\":\"https:\/\/fbnovas.edu.br\/site\/servicos\/monitoria\/#primaryimage\"},\"thumbnailUrl\":\"http:\/\/3.86.64.9.nip.io\/wp-content\/uploads\/2023\/05\/monitoria-1024x1024.png\",\"datePublished\":\"2023-10-15T15:03:02+00:00\",\"breadcrumb\":{\"@id\":\"https:\/\/fbnovas.edu.br\/site\/servicos\/monitoria\/#breadcrumb\"},\"inLanguage\":\"pt-BR\",\"potentialAction\":[{\"@type\":\"ReadAction\",\"target\":[\"https:\/\/fbnovas.edu.br\/site\/servicos\/monitoria\/\"]}]},{\"@type\":\"ImageObject\",\"inLanguage\":\"pt-BR\",\"@id\":\"https:\/\/fbnovas.edu.br\/site\/servicos\/monitoria\/#primaryimage\",\"url\":\"http:\/\/3.86.64.9.nip.io\/wp-content\/uploads\/2023\/05\/monitoria-1024x1024.png\",\"contentUrl\":\"http:\/\/3.86.64.9.nip.io\/wp-content\/uploads\/2023\/05\/monitoria-1024x1024.png\"},{\"@type\":\"BreadcrumbList\",\"@id\":\"https:\/\/fbnovas.edu.br\/site\/servicos\/monitoria\/#breadcrumb\",\"itemListElement\":[{\"@type\":\"ListItem\",\"position\":1,\"name\":\"In\u00edcio\",\"item\":\"https:\/\/fbnovas.edu.br\/site\/\"},{\"@type\":\"ListItem\",\"position\":2,\"name\":\"Servi\u00e7os\",\"item\":\"https:\/\/fbnovas.edu.br\/site\/servicos\/\"},{\"@type\":\"ListItem\",\"position\":3,\"name\":\"Monitoria\"}]},{\"@type\":\"WebSite\",\"@id\":\"https:\/\/fbnovas.edu.br\/site\/#website\",\"url\":\"https:\/\/fbnovas.edu.br\/site\/\",\"name\":\"Faculdade Boas Novas\",\"description\":\"Matricula 2025\/2\",\"potentialAction\":[{\"@type\":\"SearchAction\",\"target\":{\"@type\":\"EntryPoint\",\"urlTemplate\":\"https:\/\/fbnovas.edu.br\/site\/?s={search_term_string}\"},\"query-input\":{\"@type\":\"PropertyValueSpecification\",\"valueRequired\":true,\"valueName\":\"search_term_string\"}}],\"inLanguage\":\"pt-BR\"}]}<\/script>\n<!-- \/ Yoast SEO plugin. -->","yoast_head_json":{"title":"Monitoria - Faculdade Boas Novas","robots":{"index":"index","follow":"follow","max-snippet":"max-snippet:-1","max-image-preview":"max-image-preview:large","max-video-preview":"max-video-preview:-1"},"canonical":"https:\/\/fbnovas.edu.br\/site\/servicos\/monitoria\/","og_locale":"pt_BR","og_type":"article","og_title":"Monitoria - Faculdade Boas Novas","og_description":"Onde o conhecimento traz liberdade O QUE \u00c9 A MONITORIA? A monitoria \u00e9 uma atividade que permite ao aluno auxiliar [&hellip;]","og_url":"https:\/\/fbnovas.edu.br\/site\/servicos\/monitoria\/","og_site_name":"Faculdade Boas Novas","og_image":[{"url":"http:\/\/3.86.64.9.nip.io\/wp-content\/uploads\/2023\/05\/monitoria-1024x1024.png","type":"","width":"","height":""}],"twitter_card":"summary_large_image","twitter_misc":{"Est. tempo de leitura":"1 minuto"},"schema":{"@context":"https:\/\/schema.org","@graph":[{"@type":"WebPage","@id":"https:\/\/fbnovas.edu.br\/site\/servicos\/monitoria\/","url":"https:\/\/fbnovas.edu.br\/site\/servicos\/monitoria\/","name":"Monitoria - Faculdade Boas Novas","isPartOf":{"@id":"https:\/\/fbnovas.edu.br\/site\/#website"},"primaryImageOfPage":{"@id":"https:\/\/fbnovas.edu.br\/site\/servicos\/monitoria\/#primaryimage"},"image":{"@id":"https:\/\/fbnovas.edu.br\/site\/servicos\/monitoria\/#primaryimage"},"thumbnailUrl":"http:\/\/3.86.64.9.nip.io\/wp-content\/uploads\/2023\/05\/monitoria-1024x1024.png","datePublished":"2023-10-15T15:03:02+00:00","breadcrumb":{"@id":"https:\/\/fbnovas.edu.br\/site\/servicos\/monitoria\/#breadcrumb"},"inLanguage":"pt-BR","potentialAction":[{"@type":"ReadAction","target":["https:\/\/fbnovas.edu.br\/site\/servicos\/monitoria\/"]}]},{"@type":"ImageObject","inLanguage":"pt-BR","@id":"https:\/\/fbnovas.edu.br\/site\/servicos\/monitoria\/#primaryimage","url":"http:\/\/3.86.64.9.nip.io\/wp-content\/uploads\/2023\/05\/monitoria-1024x1024.png","contentUrl":"http:\/\/3.86.64.9.nip.io\/wp-content\/uploads\/2023\/05\/monitoria-1024x1024.png"},{"@type":"BreadcrumbList","@id":"https:\/\/fbnovas.edu.br\/site\/servicos\/monitoria\/#breadcrumb","itemListElement":[{"@type":"ListItem","position":1,"name":"In\u00edcio","item":"https:\/\/fbnovas.edu.br\/site\/"},{"@type":"ListItem","position":2,"name":"Servi\u00e7os","item":"https:\/\/fbnovas.edu.br\/site\/servicos\/"},{"@type":"ListItem","position":3,"name":"Monitoria"}]},{"@type":"WebSite","@id":"https:\/\/fbnovas.edu.br\/site\/#website","url":"https:\/\/fbnovas.edu.br\/site\/","name":"Faculdade Boas Novas","description":"Matricula 2025\/2","potentialAction":[{"@type":"SearchAction","target":{"@type":"EntryPoint","urlTemplate":"https:\/\/fbnovas.edu.br\/site\/?s={search_term_string}"},"query-input":{"@type":"PropertyValueSpecification","valueRequired":true,"valueName":"search_term_string"}}],"inLanguage":"pt-BR"}]}},"jetpack_sharing_enabled":true,"_links":{"self":[{"href":"https:\/\/fbnovas.edu.br\/site\/wp-json\/wp\/v2\/pages\/9742","targetHints":{"allow":["GET"]}}],"collection":[{"href":"https:\/\/fbnovas.edu.br\/site\/wp-json\/wp\/v2\/pages"}],"about":[{"href":"https:\/\/fbnovas.edu.br\/site\/wp-json\/wp\/v2\/types\/page"}],"author":[{"embeddable":true,"href":"https:\/\/fbnovas.edu.br\/site\/wp-json\/wp\/v2\/users\/1"}],"replies":[{"embeddable":true,"href":"https:\/\/fbnovas.edu.br\/site\/wp-json\/wp\/v2\/comments?post=9742"}],"version-history":[{"count":0,"href":"https:\/\/fbnovas.edu.br\/site\/wp-json\/wp\/v2\/pages\/9742\/revisions"}],"up":[{"embeddable":true,"href":"https:\/\/fbnovas.edu.br\/site\/wp-json\/wp\/v2\/pages\/7768"}],"wp:attachment":[{"href":"https:\/\/fbnovas.edu.br\/site\/wp-json\/wp\/v2\/media?parent=9742"}],"curies":[{"name":"wp","href":"https:\/\/api.w.org\/{rel}","templated":true}]}}